{"id":43458,"date":"2025-11-18T10:41:52","date_gmt":"2025-11-18T07:41:52","guid":{"rendered":"https:\/\/procomteknoloji.com\/urunler\/uncategorized\/grandstream-gsc3506v2\/"},"modified":"2025-11-18T10:41:52","modified_gmt":"2025-11-18T07:41:52","slug":"grandstream-gsc3506v2","status":"publish","type":"product","link":"https:\/\/procomteknoloji.com\/en\/product\/intercom-ip-kameralar\/sip-hoparlor-sistemleri\/grandstream-gsc3506v2\/","title":{"rendered":"Grandstream GSC3506 v2"},"content":{"rendered":"<ul>\n<li>HD akustik odac\u0131kl\u0131 30 W y\u00fcksek kaliteli hoparl\u00f6r<\/li>\n<li>SIP \u00e7a\u011fr\u0131, \u00e7oklu \u00e7a\u011fr\u0131, \u00f6ncelikli \u00e7a\u011fr\u0131 bekletme ve daha fazlas\u0131n\u0131 destekler<\/li>\n<li>Opus ve G.722 dahil olmak \u00fczere tam bant ve geni\u015f bant ses kodeklerini destekler<\/li>\n<li>1x 3 pimli diferansiyel hat \u00e7\u0131k\u0131\u015f\u0131 ba\u011flant\u0131 noktas\u0131<\/li>\n<li>Ba\u011flant\u0131 noktalar\u0131 aras\u0131nda 1x 2 pimli anahtar giri\u015fi, 1x alarm giri\u015fi, 1x DC24V, 1x a\u011f ve 1x USB ba\u011flant\u0131 noktas\u0131 bulunur; Tu\u015flar aras\u0131nda ses a\u00e7ma\/kapatma ve s\u0131f\u0131rlama bulunur<\/li>\n<li>PoE\/PoE+\/PoE++ \u00f6zellikli bir adet 10\/100Mbps a\u011f ba\u011flant\u0131 noktas\u0131<\/li>\n<\/ul>\n","protected":false},"excerpt":{"rendered":"<p><em>\u00c7oklu Yay\u0131n \u00c7a\u011fr\u0131 Hoparl\u00f6r\u00fc<\/em><br \/>\nGSC3506 v2, ofisler, okullar, hastaneler, apartmanlar ve daha bir\u00e7ok yerde g\u00fcvenli\u011fi ve ileti\u015fimi geni\u015fletmek i\u00e7in g\u00fc\u00e7l\u00fc bir \u00e7a\u011fr\u0131 ve genel seslendirme \u00e7\u00f6z\u00fcm\u00fc sunan \u00e7oklu yay\u0131n \u00e7a\u011fr\u0131 hoparl\u00f6r\u00fcd\u00fcr.<\/p>\n<p>&nbsp;<\/p>\n<h5><a href=\"https:\/\/procomteknoloji.com\/wp-content\/uploads\/2025\/11\/Datasheet_GSC3506_V2_English.pdf\" target=\"_blank\" rel=\"noopener\">\u00dcr\u00fcn Bro\u015f\u00fcr\u00fc<\/a><\/h5>\n","protected":false},"featured_media":39550,"template":"","meta":{"inline_featured_image":false},"product_brand":[],"product_cat":[173],"product_tag":[],"class_list":{"0":"post-43458","1":"product","2":"type-product","3":"status-publish","4":"has-post-thumbnail","6":"product_cat-sip-speaker-systems","8":"first","9":"instock","10":"product-type-simple"},"aioseo_notices":[],"_links":{"self":[{"href":"https:\/\/procomteknoloji.com\/en\/wp-json\/wp\/v2\/product\/43458","targetHints":{"allow":["GET"]}}],"collection":[{"href":"https:\/\/procomteknoloji.com\/en\/wp-json\/wp\/v2\/product"}],"about":[{"href":"https:\/\/procomteknoloji.com\/en\/wp-json\/wp\/v2\/types\/product"}],"version-history":[{"count":1,"href":"https:\/\/procomteknoloji.com\/en\/wp-json\/wp\/v2\/product\/43458\/revisions"}],"predecessor-version":[{"id":43459,"href":"https:\/\/procomteknoloji.com\/en\/wp-json\/wp\/v2\/product\/43458\/revisions\/43459"}],"wp:featuredmedia":[{"embeddable":true,"href":"https:\/\/procomteknoloji.com\/en\/wp-json\/wp\/v2\/media\/39550"}],"wp:attachment":[{"href":"https:\/\/procomteknoloji.com\/en\/wp-json\/wp\/v2\/media?parent=43458"}],"wp:term":[{"taxonomy":"product_brand","embeddable":true,"href":"https:\/\/procomteknoloji.com\/en\/wp-json\/wp\/v2\/product_brand?post=43458"},{"taxonomy":"product_cat","embeddable":true,"href":"https:\/\/procomteknoloji.com\/en\/wp-json\/wp\/v2\/product_cat?post=43458"},{"taxonomy":"product_tag","embeddable":true,"href":"https:\/\/procomteknoloji.com\/en\/wp-json\/wp\/v2\/product_tag?post=43458"}],"curies":[{"name":"wp","href":"https:\/\/api.w.org\/{rel}","templated":true}]}}