{"id":43068,"date":"2024-11-12T17:07:10","date_gmt":"2024-11-12T14:07:10","guid":{"rendered":"https:\/\/procomteknoloji.com\/urunler\/uncategorized\/grandstream-ht818-v2\/"},"modified":"2024-11-12T17:13:47","modified_gmt":"2024-11-12T14:13:47","slug":"grandstream-ht818-v2","status":"publish","type":"product","link":"https:\/\/procomteknoloji.com\/en\/products\/gateway-atas\/analog-gateway\/grandstream-ht818-v2\/","title":{"rendered":"Grandstream HT818 v2"},"content":{"rendered":"<h4><strong>FEATURES<\/strong><\/h4>\n<ul>\n<li>Supports 2 SIP profiles and 8 FXS ports<\/li>\n<li>Strong AES encryption with security certificate per unit<\/li>\n<li>Automated &amp; secure provisioning options using TR069<\/li>\n<li>LED Indicators &#8211; POWER, NET1, NET2, PHONE1, PHONE2, PHONE3, PHONE4, PHONE5, PHONE6, PHONE7, PHONE8<\/li>\n<li>3-way voice conferencing per port<\/li>\n<li>Exceptional voice quality with wide-band HD codec<\/li>\n<li>Supports T.38 Fax for reliable Fax-over-IP<\/li>\n<li>Supports dual Gigabit network ports<\/li>\n<li>High performance NAT router<\/li>\n<\/ul>\n","protected":false},"excerpt":{"rendered":"<p>Gigabit NAT Y\u00f6nlendiricili G\u00fc\u00e7l\u00fc 8 portlu FXS A\u011f Ge\u00e7idi<br \/>\nHT818 v2, 8 FXS ba\u011flant\u0131 noktas\u0131na ve entegre bir Gigabit NAT y\u00f6nlendiriciye sahip g\u00fc\u00e7l\u00fc bir 8 ba\u011flant\u0131 noktal\u0131 VoIP a\u011f ge\u00e7ididir. G\u00fc\u00e7l\u00fc bir analog-VoIP d\u00f6n\u00fc\u015ft\u00fcr\u00fcc\u00fc arayan kullan\u0131c\u0131lar i\u00e7in tasarland\u0131.<\/p>\n<h5><a href=\"https:\/\/procomteknoloji.com\/wp-content\/uploads\/2024\/11\/datasheet_ht818-v2_english.pdf\" target=\"_blank\" rel=\"noopener\">PRODUCT BROCHURE<\/a><\/h5>\n","protected":false},"featured_media":43061,"template":"","meta":{"inline_featured_image":false},"product_brand":[],"product_cat":[155],"product_tag":[],"class_list":{"0":"post-43068","1":"product","2":"type-product","3":"status-publish","4":"has-post-thumbnail","6":"product_cat-analog-gateway","7":"new","9":"first","10":"instock","11":"shipping-taxable","12":"product-type-simple"},"aioseo_notices":[],"_links":{"self":[{"href":"https:\/\/procomteknoloji.com\/en\/wp-json\/wp\/v2\/product\/43068","targetHints":{"allow":["GET"]}}],"collection":[{"href":"https:\/\/procomteknoloji.com\/en\/wp-json\/wp\/v2\/product"}],"about":[{"href":"https:\/\/procomteknoloji.com\/en\/wp-json\/wp\/v2\/types\/product"}],"version-history":[{"count":2,"href":"https:\/\/procomteknoloji.com\/en\/wp-json\/wp\/v2\/product\/43068\/revisions"}],"predecessor-version":[{"id":43070,"href":"https:\/\/procomteknoloji.com\/en\/wp-json\/wp\/v2\/product\/43068\/revisions\/43070"}],"wp:featuredmedia":[{"embeddable":true,"href":"https:\/\/procomteknoloji.com\/en\/wp-json\/wp\/v2\/media\/43061"}],"wp:attachment":[{"href":"https:\/\/procomteknoloji.com\/en\/wp-json\/wp\/v2\/media?parent=43068"}],"wp:term":[{"taxonomy":"product_brand","embeddable":true,"href":"https:\/\/procomteknoloji.com\/en\/wp-json\/wp\/v2\/product_brand?post=43068"},{"taxonomy":"product_cat","embeddable":true,"href":"https:\/\/procomteknoloji.com\/en\/wp-json\/wp\/v2\/product_cat?post=43068"},{"taxonomy":"product_tag","embeddable":true,"href":"https:\/\/procomteknoloji.com\/en\/wp-json\/wp\/v2\/product_tag?post=43068"}],"curies":[{"name":"wp","href":"https:\/\/api.w.org\/{rel}","templated":true}]}}