{"id":42331,"date":"2024-04-18T18:12:20","date_gmt":"2024-04-18T15:12:20","guid":{"rendered":"https:\/\/procomteknoloji.com\/?post_type=product&#038;p=42331"},"modified":"2024-04-29T12:08:58","modified_gmt":"2024-04-29T09:08:58","slug":"ucm-remoteconnect-2","status":"publish","type":"product","link":"https:\/\/procomteknoloji.com\/en\/products\/ip-pbxs\/hybrit\/ucm-remoteconnect-2\/","title":{"rendered":"UCM REMOTECONNECT"},"content":{"rendered":"\t\t<div data-elementor-type=\"product-post\" data-elementor-id=\"42331\" class=\"elementor elementor-42331 elementor-42330\">\n\t\t\t\t\t\t<section class=\"elementor-section elementor-top-section elementor-element elementor-element-c61191d elementor-section-boxed elementor-section-height-default elementor-section-height-default qodef-elementor-content-no\" data-id=\"c61191d\" data-element_type=\"section\">\n\t\t\t\t\t\t<div class=\"elementor-container elementor-column-gap-default\">\n\t\t\t\t\t<div class=\"elementor-column elementor-col-50 elementor-top-column elementor-element elementor-element-3d38deb\" data-id=\"3d38deb\" data-element_type=\"column\">\n\t\t\t<div class=\"elementor-widget-wrap elementor-element-populated\">\n\t\t\t\t\t\t<div class=\"elementor-element elementor-element-3946e7b elementor-widget elementor-widget-text-editor\" data-id=\"3946e7b\" data-element_type=\"widget\" data-widget_type=\"text-editor.default\">\n\t\t\t\t<div class=\"elementor-widget-container\">\n\t\t\t\t\t\t\t\t\t<ul class=\"ul1\"><li class=\"li1\">Uzak cihazlar\u0131n BT dostu g\u00fcvenli y\u00f6netimi i\u00e7in yerle\u015fik ara\u00e7lar sa\u011flar<\/li><li class=\"li1\">Geli\u015fmi\u015f sistem ve cihaz raporlar\u0131 ve ger\u00e7ek zamanl\u0131 e-posta uyar\u0131lar\u0131 sa\u011flar<\/li><li class=\"li1\">Bir UCM6300 serisi cihaza kay\u0131tl\u0131 uzak SIP u\u00e7 noktalar\u0131yla g\u00fcvenli ba\u011flant\u0131lar sunar<\/li><li class=\"li1\">\u00dccretsiz planlar mevcuttur; bulut depolama, raporlar, uyar\u0131lar ve daha fazlas\u0131n\u0131 sunar<\/li><li class=\"li1\">Dahil edilen web ve mobil i\u00e7in Wave uygulamas\u0131yla verimli toplant\u0131lar, aramalar ve konferanslar<\/li><li class=\"li1\">Uzak cihazlar\u0131n merkezi y\u00f6netimi i\u00e7in GDMS ile entegre; ayr\u0131ca ucmremoteconnect.com&#8217;da<\/li><li class=\"li1\">G\u00fcvenli ve g\u00fcvenilir uzaktan i\u015fbirli\u011fi; Bulut tabanl\u0131 NAT g\u00fcvenlik duvar\u0131 ge\u00e7i\u015f hizmeti AWS&#8217;de% 99 g\u00fcvenilirlikle \u00e7al\u0131\u015f\u0131r<\/li><li class=\"li1\">G\u00fcvenli ba\u011flant\u0131lar\u0131 etkin bir \u015fekilde sa\u011flamak i\u00e7in yerle\u015fik geli\u015fmi\u015f sistem ve cihaz izleme ve te\u015fhis ara\u00e7lar\u0131<\/li><\/ul>\t\t\t\t\t\t\t\t<\/div>\n\t\t\t\t<\/div>\n\t\t\t\t\t<\/div>\n\t\t<\/div>\n\t\t\t\t<div class=\"elementor-column elementor-col-50 elementor-top-column elementor-element elementor-element-3b64e4a\" data-id=\"3b64e4a\" data-element_type=\"column\">\n\t\t\t<div class=\"elementor-widget-wrap elementor-element-populated\">\n\t\t\t\t\t\t<div class=\"elementor-element elementor-element-cdafb64 elementor-widget elementor-widget-image\" data-id=\"cdafb64\" data-element_type=\"widget\" data-widget_type=\"image.default\">\n\t\t\t\t<div class=\"elementor-widget-container\">\n\t\t\t\t\t\t\t\t\t\t\t\t\t\t\t<img fetchpriority=\"high\" decoding=\"async\" width=\"640\" height=\"480\" src=\"https:\/\/procomteknoloji.com\/wp-content\/uploads\/2023\/04\/ucmrc-image1.webp\" class=\"attachment-large size-large wp-image-41469\" alt=\"\" \/>\t\t\t\t\t\t\t\t\t\t\t\t\t\t\t<\/div>\n\t\t\t\t<\/div>\n\t\t\t\t\t<\/div>\n\t\t<\/div>\n\t\t\t\t\t<\/div>\n\t\t<\/section>\n\t\t\t\t<section class=\"elementor-section elementor-top-section elementor-element elementor-element-453260a elementor-section-full_width elementor-section-stretched elementor-section-height-default elementor-section-height-default qodef-elementor-content-no\" data-id=\"453260a\" data-element_type=\"section\" data-settings=\"{&quot;stretch_section&quot;:&quot;section-stretched&quot;,&quot;background_background&quot;:&quot;classic&quot;}\">\n\t\t\t\t\t\t<div class=\"elementor-container elementor-column-gap-default\">\n\t\t\t\t\t<div class=\"elementor-column elementor-col-16 elementor-top-column elementor-element elementor-element-64437a2\" data-id=\"64437a2\" data-element_type=\"column\">\n\t\t\t<div class=\"elementor-widget-wrap elementor-element-populated\">\n\t\t\t\t\t\t<div class=\"elementor-element elementor-element-c35c146 elementor-widget elementor-widget-image\" data-id=\"c35c146\" data-element_type=\"widget\" data-widget_type=\"image.default\">\n\t\t\t\t<div class=\"elementor-widget-container\">\n\t\t\t\t\t\t\t\t\t\t\t\t\t\t\t<img decoding=\"async\" width=\"100\" height=\"100\" src=\"https:\/\/procomteknoloji.com\/wp-content\/uploads\/2023\/04\/reliability-1.webp\" class=\"attachment-woocommerce_gallery_thumbnail size-woocommerce_gallery_thumbnail wp-image-41493\" alt=\"\" \/>\t\t\t\t\t\t\t\t\t\t\t\t\t\t\t<\/div>\n\t\t\t\t<\/div>\n\t\t\t\t<div class=\"elementor-element elementor-element-9732092 elementor-widget elementor-widget-text-editor\" data-id=\"9732092\" data-element_type=\"widget\" data-widget_type=\"text-editor.default\">\n\t\t\t\t<div class=\"elementor-widget-container\">\n\t\t\t\t\t\t\t\t\t<div class=\"gtx-body\" style=\"text-align: center;\">G\u00fcvenirlik<\/div>\t\t\t\t\t\t\t\t<\/div>\n\t\t\t\t<\/div>\n\t\t\t\t\t<\/div>\n\t\t<\/div>\n\t\t\t\t<div class=\"elementor-column elementor-col-16 elementor-top-column elementor-element elementor-element-4a91e57\" data-id=\"4a91e57\" data-element_type=\"column\">\n\t\t\t<div class=\"elementor-widget-wrap elementor-element-populated\">\n\t\t\t\t\t\t<div class=\"elementor-element elementor-element-4f36eb0 elementor-widget elementor-widget-image\" data-id=\"4f36eb0\" data-element_type=\"widget\" data-widget_type=\"image.default\">\n\t\t\t\t<div class=\"elementor-widget-container\">\n\t\t\t\t\t\t\t\t\t\t\t\t\t\t\t<img decoding=\"async\" width=\"100\" height=\"100\" src=\"https:\/\/procomteknoloji.com\/wp-content\/uploads\/2023\/04\/Wave_App.webp\" class=\"attachment-woocommerce_gallery_thumbnail size-woocommerce_gallery_thumbnail wp-image-41495\" alt=\"\" \/>\t\t\t\t\t\t\t\t\t\t\t\t\t\t\t<\/div>\n\t\t\t\t<\/div>\n\t\t\t\t<div class=\"elementor-element elementor-element-1034ff5 elementor-widget elementor-widget-text-editor\" data-id=\"1034ff5\" data-element_type=\"widget\" data-widget_type=\"text-editor.default\">\n\t\t\t\t<div class=\"elementor-widget-container\">\n\t\t\t\t\t\t\t\t\t<div class=\"gtx-body\" style=\"text-align: center;\">Wave App<\/div>\t\t\t\t\t\t\t\t<\/div>\n\t\t\t\t<\/div>\n\t\t\t\t\t<\/div>\n\t\t<\/div>\n\t\t\t\t<div class=\"elementor-column elementor-col-16 elementor-top-column elementor-element elementor-element-86dd8ea\" data-id=\"86dd8ea\" data-element_type=\"column\">\n\t\t\t<div class=\"elementor-widget-wrap elementor-element-populated\">\n\t\t\t\t\t\t<div class=\"elementor-element elementor-element-e7bef22 elementor-widget elementor-widget-image\" data-id=\"e7bef22\" data-element_type=\"widget\" data-widget_type=\"image.default\">\n\t\t\t\t<div class=\"elementor-widget-container\">\n\t\t\t\t\t\t\t\t\t\t\t\t\t\t\t<img loading=\"lazy\" decoding=\"async\" width=\"100\" height=\"100\" src=\"https:\/\/procomteknoloji.com\/wp-content\/uploads\/2023\/04\/GDMS_logo.webp\" class=\"attachment-woocommerce_gallery_thumbnail size-woocommerce_gallery_thumbnail wp-image-41497\" alt=\"\" \/>\t\t\t\t\t\t\t\t\t\t\t\t\t\t\t<\/div>\n\t\t\t\t<\/div>\n\t\t\t\t<div class=\"elementor-element elementor-element-8d2016a elementor-widget elementor-widget-text-editor\" data-id=\"8d2016a\" data-element_type=\"widget\" data-widget_type=\"text-editor.default\">\n\t\t\t\t<div class=\"elementor-widget-container\">\n\t\t\t\t\t\t\t\t\t<div class=\"gtx-body\" style=\"text-align: center;\">GDMS<\/div>\t\t\t\t\t\t\t\t<\/div>\n\t\t\t\t<\/div>\n\t\t\t\t\t<\/div>\n\t\t<\/div>\n\t\t\t\t<div class=\"elementor-column elementor-col-16 elementor-top-column elementor-element elementor-element-b1e4919\" data-id=\"b1e4919\" data-element_type=\"column\">\n\t\t\t<div class=\"elementor-widget-wrap elementor-element-populated\">\n\t\t\t\t\t\t<div class=\"elementor-element elementor-element-774e6f0 elementor-widget elementor-widget-image\" data-id=\"774e6f0\" data-element_type=\"widget\" data-widget_type=\"image.default\">\n\t\t\t\t<div class=\"elementor-widget-container\">\n\t\t\t\t\t\t\t\t\t\t\t\t\t\t\t<img loading=\"lazy\" decoding=\"async\" width=\"100\" height=\"92\" src=\"https:\/\/procomteknoloji.com\/wp-content\/uploads\/2023\/04\/web_configuration.webp\" class=\"attachment-woocommerce_gallery_thumbnail size-woocommerce_gallery_thumbnail wp-image-41499\" alt=\"\" \/>\t\t\t\t\t\t\t\t\t\t\t\t\t\t\t<\/div>\n\t\t\t\t<\/div>\n\t\t\t\t<div class=\"elementor-element elementor-element-8e8aeca elementor-widget elementor-widget-text-editor\" data-id=\"8e8aeca\" data-element_type=\"widget\" data-widget_type=\"text-editor.default\">\n\t\t\t\t<div class=\"elementor-widget-container\">\n\t\t\t\t\t\t\t\t\t<div class=\"gtx-body\" style=\"text-align: center;\">Web Yap\u0131land\u0131rmas\u0131<\/div>\t\t\t\t\t\t\t\t<\/div>\n\t\t\t\t<\/div>\n\t\t\t\t\t<\/div>\n\t\t<\/div>\n\t\t\t\t<div class=\"elementor-column elementor-col-16 elementor-top-column elementor-element elementor-element-67398e8\" data-id=\"67398e8\" data-element_type=\"column\">\n\t\t\t<div class=\"elementor-widget-wrap elementor-element-populated\">\n\t\t\t\t\t\t<div class=\"elementor-element elementor-element-5eb376d elementor-widget elementor-widget-image\" data-id=\"5eb376d\" data-element_type=\"widget\" data-widget_type=\"image.default\">\n\t\t\t\t<div class=\"elementor-widget-container\">\n\t\t\t\t\t\t\t\t\t\t\t\t\t\t\t<img loading=\"lazy\" decoding=\"async\" width=\"100\" height=\"100\" src=\"https:\/\/procomteknoloji.com\/wp-content\/uploads\/2023\/04\/status_monitoring.webp\" class=\"attachment-woocommerce_gallery_thumbnail size-woocommerce_gallery_thumbnail wp-image-41501\" alt=\"\" \/>\t\t\t\t\t\t\t\t\t\t\t\t\t\t\t<\/div>\n\t\t\t\t<\/div>\n\t\t\t\t<div class=\"elementor-element elementor-element-67e0345 elementor-widget elementor-widget-text-editor\" data-id=\"67e0345\" data-element_type=\"widget\" data-widget_type=\"text-editor.default\">\n\t\t\t\t<div class=\"elementor-widget-container\">\n\t\t\t\t\t\t\t\t\t<div class=\"gtx-body\" style=\"text-align: center;\">Durum \u0130zleme<\/div>\t\t\t\t\t\t\t\t<\/div>\n\t\t\t\t<\/div>\n\t\t\t\t\t<\/div>\n\t\t<\/div>\n\t\t\t\t<div class=\"elementor-column elementor-col-16 elementor-top-column elementor-element elementor-element-4ee0b95\" data-id=\"4ee0b95\" data-element_type=\"column\">\n\t\t\t<div class=\"elementor-widget-wrap elementor-element-populated\">\n\t\t\t\t\t\t<div class=\"elementor-element elementor-element-c8f78ed elementor-widget elementor-widget-image\" data-id=\"c8f78ed\" data-element_type=\"widget\" data-widget_type=\"image.default\">\n\t\t\t\t<div class=\"elementor-widget-container\">\n\t\t\t\t\t\t\t\t\t\t\t\t\t\t\t<img loading=\"lazy\" decoding=\"async\" width=\"100\" height=\"100\" src=\"https:\/\/procomteknoloji.com\/wp-content\/uploads\/2023\/04\/ip_phone.webp\" class=\"attachment-woocommerce_gallery_thumbnail size-woocommerce_gallery_thumbnail wp-image-41503\" alt=\"\" \/>\t\t\t\t\t\t\t\t\t\t\t\t\t\t\t<\/div>\n\t\t\t\t<\/div>\n\t\t\t\t<div class=\"elementor-element elementor-element-204c08e elementor-widget elementor-widget-text-editor\" data-id=\"204c08e\" data-element_type=\"widget\" data-widget_type=\"text-editor.default\">\n\t\t\t\t<div class=\"elementor-widget-container\">\n\t\t\t\t\t\t\t\t\t<div class=\"gtx-body\" style=\"text-align: center;\">SIP U\u00e7 Noktalar\u0131<\/div>\t\t\t\t\t\t\t\t<\/div>\n\t\t\t\t<\/div>\n\t\t\t\t\t<\/div>\n\t\t<\/div>\n\t\t\t\t\t<\/div>\n\t\t<\/section>\n\t\t\t\t<section class=\"elementor-section elementor-top-section elementor-element elementor-element-a2a4a9e elementor-section-full_width elementor-section-stretched elementor-section-height-default elementor-section-height-default qodef-elementor-content-no\" data-id=\"a2a4a9e\" data-element_type=\"section\" data-settings=\"{&quot;stretch_section&quot;:&quot;section-stretched&quot;,&quot;background_background&quot;:&quot;classic&quot;}\">\n\t\t\t\t\t\t<div class=\"elementor-container elementor-column-gap-default\">\n\t\t\t\t\t<div class=\"elementor-column elementor-col-16 elementor-top-column elementor-element elementor-element-3f05ed3\" data-id=\"3f05ed3\" data-element_type=\"column\">\n\t\t\t<div class=\"elementor-widget-wrap elementor-element-populated\">\n\t\t\t\t\t\t<div class=\"elementor-element elementor-element-40a587b elementor-widget elementor-widget-image\" data-id=\"40a587b\" data-element_type=\"widget\" data-widget_type=\"image.default\">\n\t\t\t\t<div class=\"elementor-widget-container\">\n\t\t\t\t\t\t\t\t\t\t\t\t\t\t\t<img loading=\"lazy\" decoding=\"async\" width=\"100\" height=\"100\" src=\"https:\/\/procomteknoloji.com\/wp-content\/uploads\/2023\/04\/reports.png\" class=\"attachment-woocommerce_gallery_thumbnail size-woocommerce_gallery_thumbnail wp-image-41505\" alt=\"\" \/>\t\t\t\t\t\t\t\t\t\t\t\t\t\t\t<\/div>\n\t\t\t\t<\/div>\n\t\t\t\t<div class=\"elementor-element elementor-element-e1a7d93 elementor-widget elementor-widget-text-editor\" data-id=\"e1a7d93\" data-element_type=\"widget\" data-widget_type=\"text-editor.default\">\n\t\t\t\t<div class=\"elementor-widget-container\">\n\t\t\t\t\t\t\t\t\t<div class=\"gtx-body\" style=\"text-align: center;\">Raporlar<\/div>\t\t\t\t\t\t\t\t<\/div>\n\t\t\t\t<\/div>\n\t\t\t\t\t<\/div>\n\t\t<\/div>\n\t\t\t\t<div class=\"elementor-column elementor-col-16 elementor-top-column elementor-element elementor-element-268a7b0\" data-id=\"268a7b0\" data-element_type=\"column\">\n\t\t\t<div class=\"elementor-widget-wrap elementor-element-populated\">\n\t\t\t\t\t\t<div class=\"elementor-element elementor-element-8a04dc9 elementor-widget elementor-widget-image\" data-id=\"8a04dc9\" data-element_type=\"widget\" data-widget_type=\"image.default\">\n\t\t\t\t<div class=\"elementor-widget-container\">\n\t\t\t\t\t\t\t\t\t\t\t\t\t\t\t<img loading=\"lazy\" decoding=\"async\" width=\"100\" height=\"100\" src=\"https:\/\/procomteknoloji.com\/wp-content\/uploads\/2023\/04\/plans.webp\" class=\"attachment-woocommerce_gallery_thumbnail size-woocommerce_gallery_thumbnail wp-image-41507\" alt=\"\" \/>\t\t\t\t\t\t\t\t\t\t\t\t\t\t\t<\/div>\n\t\t\t\t<\/div>\n\t\t\t\t<div class=\"elementor-element elementor-element-892e7e4 elementor-widget elementor-widget-text-editor\" data-id=\"892e7e4\" data-element_type=\"widget\" data-widget_type=\"text-editor.default\">\n\t\t\t\t<div class=\"elementor-widget-container\">\n\t\t\t\t\t\t\t\t\t<div class=\"gtx-body\" style=\"text-align: center;\">Planlar<\/div>\t\t\t\t\t\t\t\t<\/div>\n\t\t\t\t<\/div>\n\t\t\t\t\t<\/div>\n\t\t<\/div>\n\t\t\t\t<div class=\"elementor-column elementor-col-16 elementor-top-column elementor-element elementor-element-d341e7a\" data-id=\"d341e7a\" data-element_type=\"column\">\n\t\t\t<div class=\"elementor-widget-wrap\">\n\t\t\t\t\t\t\t<\/div>\n\t\t<\/div>\n\t\t\t\t<div class=\"elementor-column elementor-col-16 elementor-top-column elementor-element elementor-element-73e4376\" data-id=\"73e4376\" data-element_type=\"column\">\n\t\t\t<div class=\"elementor-widget-wrap\">\n\t\t\t\t\t\t\t<\/div>\n\t\t<\/div>\n\t\t\t\t<div class=\"elementor-column elementor-col-16 elementor-top-column elementor-element elementor-element-476aaa4\" data-id=\"476aaa4\" data-element_type=\"column\">\n\t\t\t<div class=\"elementor-widget-wrap\">\n\t\t\t\t\t\t\t<\/div>\n\t\t<\/div>\n\t\t\t\t<div class=\"elementor-column elementor-col-16 elementor-top-column elementor-element elementor-element-af381ce\" data-id=\"af381ce\" data-element_type=\"column\">\n\t\t\t<div class=\"elementor-widget-wrap\">\n\t\t\t\t\t\t\t<\/div>\n\t\t<\/div>\n\t\t\t\t\t<\/div>\n\t\t<\/section>\n\t\t\t\t<section class=\"elementor-section elementor-top-section elementor-element elementor-element-dfb84e4 elementor-section-full_width elementor-section-stretched elementor-section-height-default elementor-section-height-default qodef-elementor-content-no\" data-id=\"dfb84e4\" data-element_type=\"section\" data-settings=\"{&quot;stretch_section&quot;:&quot;section-stretched&quot;}\">\n\t\t\t\t\t\t<div class=\"elementor-container elementor-column-gap-default\">\n\t\t\t\t\t<div class=\"elementor-column elementor-col-100 elementor-top-column elementor-element elementor-element-35c5460\" data-id=\"35c5460\" data-element_type=\"column\">\n\t\t\t<div class=\"elementor-widget-wrap elementor-element-populated\">\n\t\t\t\t\t\t<div class=\"elementor-element elementor-element-e7a9cbe elementor-widget elementor-widget-image\" data-id=\"e7a9cbe\" data-element_type=\"widget\" data-widget_type=\"image.default\">\n\t\t\t\t<div class=\"elementor-widget-container\">\n\t\t\t\t\t\t\t\t\t\t\t\t\t\t\t<img loading=\"lazy\" decoding=\"async\" width=\"1893\" height=\"565\" src=\"https:\/\/procomteknoloji.com\/wp-content\/uploads\/2023\/04\/ucmrc-get-started.png\" class=\"attachment-full size-full wp-image-41952\" alt=\"\" \/>\t\t\t\t\t\t\t\t\t\t\t\t\t\t\t<\/div>\n\t\t\t\t<\/div>\n\t\t\t\t\t<\/div>\n\t\t<\/div>\n\t\t\t\t\t<\/div>\n\t\t<\/section>\n\t\t\t\t<\/div>\n\t\t","protected":false},"excerpt":{"rendered":"<p>UCM RemoteConnect allows organizations to build a secure, easy-to-manage communications and collaboration solution for remote workers and devices. It offers a companion cloud service for the UCM6300 series that provides always-on, automatic NAT firewall traversal to ensure secure connections by remote users.<\/p>\n<p>UCM RemoteConnect provides powerful audio and video collaboration tools to remote users through Grandstream\u2019s Wave mobile and web app, GUV series of USB personal collaboration devices and SIP endpoints integrated with the UCM6300 series. This cloud service provides 99.9% reliability by running on Amazon Web Services (AWS) while offering zero-touch configuration and IT-friendly management. UCM RemoteConnect is fully integrated with the Grandstream Device Management System (GDMS) and is purchased and managed at gdms.cloud. It offers a variety of plans, including free plans, that support up to unlimited users and provide cloud storage, diagnosis tools, reports and alerts. By providing a full eco-system of remote collaboration tools, services and management for the UCM6300 series, UCM RemoteConnect is the ideal platform for any organization looking to securely support remote workers.<\/p>\n<p>&nbsp;<\/p>\n<h5><a href=\"https:\/\/procomteknoloji.com\/wp-content\/uploads\/2023\/05\/Datasheet_UCMRemoteConnect_English.pdf\">PRODUCT BROCHURE<\/a><\/h5>\n","protected":false},"featured_media":40794,"template":"","meta":{"inline_featured_image":false},"product_brand":[],"product_cat":[225],"product_tag":[],"class_list":{"0":"post-42331","1":"product","2":"type-product","3":"status-publish","4":"has-post-thumbnail","6":"product_cat-hybrit","8":"first","9":"instock","10":"product-type-simple"},"aioseo_notices":[],"_links":{"self":[{"href":"https:\/\/procomteknoloji.com\/en\/wp-json\/wp\/v2\/product\/42331","targetHints":{"allow":["GET"]}}],"collection":[{"href":"https:\/\/procomteknoloji.com\/en\/wp-json\/wp\/v2\/product"}],"about":[{"href":"https:\/\/procomteknoloji.com\/en\/wp-json\/wp\/v2\/types\/product"}],"version-history":[{"count":2,"href":"https:\/\/procomteknoloji.com\/en\/wp-json\/wp\/v2\/product\/42331\/revisions"}],"predecessor-version":[{"id":42339,"href":"https:\/\/procomteknoloji.com\/en\/wp-json\/wp\/v2\/product\/42331\/revisions\/42339"}],"wp:featuredmedia":[{"embeddable":true,"href":"https:\/\/procomteknoloji.com\/en\/wp-json\/wp\/v2\/media\/40794"}],"wp:attachment":[{"href":"https:\/\/procomteknoloji.com\/en\/wp-json\/wp\/v2\/media?parent=42331"}],"wp:term":[{"taxonomy":"product_brand","embeddable":true,"href":"https:\/\/procomteknoloji.com\/en\/wp-json\/wp\/v2\/product_brand?post=42331"},{"taxonomy":"product_cat","embeddable":true,"href":"https:\/\/procomteknoloji.com\/en\/wp-json\/wp\/v2\/product_cat?post=42331"},{"taxonomy":"product_tag","embeddable":true,"href":"https:\/\/procomteknoloji.com\/en\/wp-json\/wp\/v2\/product_tag?post=42331"}],"curies":[{"name":"wp","href":"https:\/\/api.w.org\/{rel}","templated":true}]}}