{"id":42323,"date":"2024-04-18T16:21:02","date_gmt":"2024-04-18T13:21:02","guid":{"rendered":"https:\/\/procomteknoloji.com\/urunler\/uncategorized\/wave-2\/"},"modified":"2024-04-18T16:55:38","modified_gmt":"2024-04-18T13:55:38","slug":"wave-2","status":"publish","type":"product","link":"https:\/\/procomteknoloji.com\/en\/products\/ip-pbxs\/apps\/wave-2\/","title":{"rendered":"WAVE"},"content":{"rendered":"\t\t<div data-elementor-type=\"product-post\" data-elementor-id=\"42323\" class=\"elementor elementor-42323 elementor-42318\">\n\t\t\t\t\t\t<section class=\"elementor-section elementor-top-section elementor-element elementor-element-3f4c934c elementor-section-boxed elementor-section-height-default elementor-section-height-default qodef-elementor-content-no\" data-id=\"3f4c934c\" data-element_type=\"section\">\n\t\t\t\t\t\t<div class=\"elementor-container elementor-column-gap-default\">\n\t\t\t\t\t<div class=\"elementor-column elementor-col-50 elementor-top-column elementor-element elementor-element-64ecd80f\" data-id=\"64ecd80f\" data-element_type=\"column\">\n\t\t\t<div class=\"elementor-widget-wrap elementor-element-populated\">\n\t\t\t\t\t\t<div class=\"elementor-element elementor-element-6e8120a0 elementor-widget elementor-widget-text-editor\" data-id=\"6e8120a0\" data-element_type=\"widget\" data-widget_type=\"text-editor.default\">\n\t\t\t\t<div class=\"elementor-widget-container\">\n\t\t\t\t\t\t\t\t\t<ul><li>Android ve iOS mobil cihazlar\u0131; Chrome ve Firefox taray\u0131c\u0131lar\u0131; Windows ve Mac bilgisayarlar\u0131 destekler<\/li><li>Toplant\u0131lara, aramalara ve konferanslara uzaktan kat\u0131lma imkan\u0131 sa\u011flar<\/li><li>Sohbet ve i\u015fbirli\u011fi \u00f6zelliklerini destekler: \u00f6zel sohbet, grup sohbeti, emoji g\u00f6nderme, dosya payla\u015fma ve sohbet grubu arac\u0131l\u0131\u011f\u0131yla toplant\u0131 ba\u015flatma, toplant\u0131lar\u0131 planlama ve ba\u015flatma vb. \u00f6zelliklerini destekler<\/li><li>Departman y\u00f6netimli rehber, ki\u015fileri arama, ki\u015fi listesinden arama ve sohbet imkan\u0131 sa\u011flar<\/li><li>Arama ge\u00e7mi\u015fini ve sesli postay\u0131 g\u00f6r\u00fcnt\u00fcleme, arama ge\u00e7mi\u015fi\/sesli posta men\u00fcs\u00fcnden arama ve sohbet ba\u015flatmaya h\u0131zl\u0131 eri\u015fim sa\u011flar<\/li><li>Video payla\u015f\u0131rken profil resmini, hesap durumunu ve sanal arka plan\u0131 \u00f6zelle\u015ftirmesi<\/li><li>Wi-Fi ve 2G\/3G\/4G a\u011flar\u0131 ile uyumludur<\/li><li>UCM6300 serisi kullan\u0131c\u0131lar\u0131n\u0131n di\u011fer dahili hatlar\u0131, sabit hatlar\u0131 ve cep telefonu numaralar\u0131n\u0131 aramas\u0131na izin verir<\/li><li>Mobil cihazlar\u0131n kameras\u0131n\u0131, dahili web kameras\u0131n\u0131 ve USB web kameralar\u0131n\u0131 destekler<\/li><li>1080p&#8217;ye kadar HD ses ve video \u00e7\u00f6z\u00fcn\u00fcrl\u00fcklerini destekler<\/li><li>Bluetooth, USB ve di\u011fer kulakl\u0131klarla kullan\u0131m\u0131 destekler<\/li><li>Mobil uygulamay\u0131 indirin ve giri\u015f yapmak i\u00e7in UCM6300 serisinden QR kodunu taray\u0131n<\/li><li>G\u00fcvenli uzak ba\u011flant\u0131lar i\u00e7in UCM RemoteConnect bulut hizmeti ile uyumludur<\/li><\/ul>\t\t\t\t\t\t\t\t<\/div>\n\t\t\t\t<\/div>\n\t\t\t\t\t<\/div>\n\t\t<\/div>\n\t\t\t\t<div class=\"elementor-column elementor-col-50 elementor-top-column elementor-element elementor-element-72c46d7\" data-id=\"72c46d7\" data-element_type=\"column\">\n\t\t\t<div class=\"elementor-widget-wrap elementor-element-populated\">\n\t\t\t\t\t\t<div class=\"elementor-element elementor-element-57909ef elementor-widget elementor-widget-text-editor\" data-id=\"57909ef\" data-element_type=\"widget\" data-widget_type=\"text-editor.default\">\n\t\t\t\t<div class=\"elementor-widget-container\">\n\t\t\t\t\t\t\t\t\t<p><img fetchpriority=\"high\" decoding=\"async\" class=\"alignnone size-medium wp-image-41899 aligncenter\" src=\"https:\/\/procomteknoloji.com\/wp-content\/uploads\/2023\/12\/wave_app_icon-300x300.png\" alt=\"\" width=\"300\" height=\"300\" srcset=\"https:\/\/procomteknoloji.com\/wp-content\/uploads\/2023\/12\/wave_app_icon-300x300.png 300w, https:\/\/procomteknoloji.com\/wp-content\/uploads\/2023\/12\/wave_app_icon-1024x1024.png 1024w, https:\/\/procomteknoloji.com\/wp-content\/uploads\/2023\/12\/wave_app_icon-150x150.png 150w, https:\/\/procomteknoloji.com\/wp-content\/uploads\/2023\/12\/wave_app_icon-768x768.png 768w, https:\/\/procomteknoloji.com\/wp-content\/uploads\/2023\/12\/wave_app_icon-1536x1536.png 1536w, https:\/\/procomteknoloji.com\/wp-content\/uploads\/2023\/12\/wave_app_icon-650x650.png 650w, https:\/\/procomteknoloji.com\/wp-content\/uploads\/2023\/12\/wave_app_icon-1300x1300.png 1300w, https:\/\/procomteknoloji.com\/wp-content\/uploads\/2023\/12\/wave_app_icon-375x375.png 375w, https:\/\/procomteknoloji.com\/wp-content\/uploads\/2023\/12\/wave_app_icon-600x600.png 600w, https:\/\/procomteknoloji.com\/wp-content\/uploads\/2023\/12\/wave_app_icon-100x100.png 100w, https:\/\/procomteknoloji.com\/wp-content\/uploads\/2023\/12\/wave_app_icon.png 2000w\" sizes=\"(max-width: 300px) 100vw, 300px\" \/><\/p>\t\t\t\t\t\t\t\t<\/div>\n\t\t\t\t<\/div>\n\t\t\t\t\t<\/div>\n\t\t<\/div>\n\t\t\t\t\t<\/div>\n\t\t<\/section>\n\t\t\t\t<section class=\"elementor-section elementor-top-section elementor-element elementor-element-15b18ff elementor-section-full_width elementor-section-stretched elementor-section-height-default elementor-section-height-default qodef-elementor-content-no\" data-id=\"15b18ff\" data-element_type=\"section\" data-settings=\"{&quot;stretch_section&quot;:&quot;section-stretched&quot;,&quot;background_background&quot;:&quot;classic&quot;}\">\n\t\t\t\t\t\t<div class=\"elementor-container elementor-column-gap-default\">\n\t\t\t\t\t<div class=\"elementor-column elementor-col-16 elementor-top-column elementor-element elementor-element-fb383e7\" data-id=\"fb383e7\" data-element_type=\"column\">\n\t\t\t<div class=\"elementor-widget-wrap elementor-element-populated\">\n\t\t\t\t\t\t<div class=\"elementor-element elementor-element-f8423ad elementor-widget elementor-widget-image\" data-id=\"f8423ad\" data-element_type=\"widget\" data-widget_type=\"image.default\">\n\t\t\t\t<div class=\"elementor-widget-container\">\n\t\t\t\t\t\t\t\t\t\t\t\t\t\t\t<img decoding=\"async\" width=\"100\" height=\"100\" src=\"https:\/\/procomteknoloji.com\/wp-content\/uploads\/2023\/04\/devices-icon-2-01-100x100.webp\" class=\"attachment-woocommerce_gallery_thumbnail size-woocommerce_gallery_thumbnail wp-image-33985\" alt=\"\" srcset=\"https:\/\/procomteknoloji.com\/wp-content\/uploads\/2023\/04\/devices-icon-2-01-100x100.webp 100w, https:\/\/procomteknoloji.com\/wp-content\/uploads\/2023\/04\/devices-icon-2-01-300x300.webp 300w, https:\/\/procomteknoloji.com\/wp-content\/uploads\/2023\/04\/devices-icon-2-01-150x150.webp 150w, https:\/\/procomteknoloji.com\/wp-content\/uploads\/2023\/04\/devices-icon-2-01-768x768.webp 768w, https:\/\/procomteknoloji.com\/wp-content\/uploads\/2023\/04\/devices-icon-2-01-650x650.webp 650w, https:\/\/procomteknoloji.com\/wp-content\/uploads\/2023\/04\/devices-icon-2-01-600x600.webp 600w, https:\/\/procomteknoloji.com\/wp-content\/uploads\/2023\/04\/devices-icon-2-01.webp 833w\" sizes=\"(max-width: 100px) 100vw, 100px\" \/>\t\t\t\t\t\t\t\t\t\t\t\t\t\t\t<\/div>\n\t\t\t\t<\/div>\n\t\t\t\t<div class=\"elementor-element elementor-element-88f9cb5 elementor-widget elementor-widget-text-editor\" data-id=\"88f9cb5\" data-element_type=\"widget\" data-widget_type=\"text-editor.default\">\n\t\t\t\t<div class=\"elementor-widget-container\">\n\t\t\t\t\t\t\t\t\t<div class=\"gtx-body\" style=\"text-align: center;\">250&#8217;den fazla cihaz\u0131 destekler<\/div><p><br \/><br \/><\/p>\t\t\t\t\t\t\t\t<\/div>\n\t\t\t\t<\/div>\n\t\t\t\t\t<\/div>\n\t\t<\/div>\n\t\t\t\t<div class=\"elementor-column elementor-col-16 elementor-top-column elementor-element elementor-element-6b34cf3\" data-id=\"6b34cf3\" data-element_type=\"column\">\n\t\t\t<div class=\"elementor-widget-wrap elementor-element-populated\">\n\t\t\t\t\t\t<div class=\"elementor-element elementor-element-6ce596c elementor-widget elementor-widget-image\" data-id=\"6ce596c\" data-element_type=\"widget\" data-widget_type=\"image.default\">\n\t\t\t\t<div class=\"elementor-widget-container\">\n\t\t\t\t\t\t\t\t\t\t\t\t\t\t\t<img decoding=\"async\" width=\"100\" height=\"100\" src=\"https:\/\/procomteknoloji.com\/wp-content\/uploads\/2023\/04\/conferencing-1.webp\" class=\"attachment-woocommerce_gallery_thumbnail size-woocommerce_gallery_thumbnail wp-image-41901\" alt=\"\" \/>\t\t\t\t\t\t\t\t\t\t\t\t\t\t\t<\/div>\n\t\t\t\t<\/div>\n\t\t\t\t<div class=\"elementor-element elementor-element-8466f7e elementor-widget elementor-widget-text-editor\" data-id=\"8466f7e\" data-element_type=\"widget\" data-widget_type=\"text-editor.default\">\n\t\t\t\t<div class=\"elementor-widget-container\">\n\t\t\t\t\t\t\t\t\t<div class=\"gtx-body\" style=\"text-align: center;\">Konferans &amp; Toplant\u0131<\/div>\t\t\t\t\t\t\t\t<\/div>\n\t\t\t\t<\/div>\n\t\t\t\t\t<\/div>\n\t\t<\/div>\n\t\t\t\t<div class=\"elementor-column elementor-col-16 elementor-top-column elementor-element elementor-element-87ab597\" data-id=\"87ab597\" data-element_type=\"column\">\n\t\t\t<div class=\"elementor-widget-wrap elementor-element-populated\">\n\t\t\t\t\t\t<div class=\"elementor-element elementor-element-b358b43 elementor-widget elementor-widget-image\" data-id=\"b358b43\" data-element_type=\"widget\" data-widget_type=\"image.default\">\n\t\t\t\t<div class=\"elementor-widget-container\">\n\t\t\t\t\t\t\t\t\t\t\t\t\t\t\t<img loading=\"lazy\" decoding=\"async\" width=\"100\" height=\"100\" src=\"https:\/\/procomteknoloji.com\/wp-content\/uploads\/2023\/04\/wifi-icon-web-01.webp\" class=\"attachment-woocommerce_gallery_thumbnail size-woocommerce_gallery_thumbnail wp-image-41903\" alt=\"\" \/>\t\t\t\t\t\t\t\t\t\t\t\t\t\t\t<\/div>\n\t\t\t\t<\/div>\n\t\t\t\t<div class=\"elementor-element elementor-element-4378f2b elementor-widget elementor-widget-text-editor\" data-id=\"4378f2b\" data-element_type=\"widget\" data-widget_type=\"text-editor.default\">\n\t\t\t\t<div class=\"elementor-widget-container\">\n\t\t\t\t\t\t\t\t\t<div class=\"gtx-body\" style=\"text-align: center;\">Wi-Fi<\/div>\t\t\t\t\t\t\t\t<\/div>\n\t\t\t\t<\/div>\n\t\t\t\t\t<\/div>\n\t\t<\/div>\n\t\t\t\t<div class=\"elementor-column elementor-col-16 elementor-top-column elementor-element elementor-element-a56ede2\" data-id=\"a56ede2\" data-element_type=\"column\">\n\t\t\t<div class=\"elementor-widget-wrap elementor-element-populated\">\n\t\t\t\t\t\t<div class=\"elementor-element elementor-element-d329c8b elementor-widget elementor-widget-image\" data-id=\"d329c8b\" data-element_type=\"widget\" data-widget_type=\"image.default\">\n\t\t\t\t<div class=\"elementor-widget-container\">\n\t\t\t\t\t\t\t\t\t\t\t\t\t\t\t<img loading=\"lazy\" decoding=\"async\" width=\"100\" height=\"100\" src=\"https:\/\/procomteknoloji.com\/wp-content\/uploads\/2023\/04\/audio_video.webp\" class=\"attachment-woocommerce_gallery_thumbnail size-woocommerce_gallery_thumbnail wp-image-41905\" alt=\"\" \/>\t\t\t\t\t\t\t\t\t\t\t\t\t\t\t<\/div>\n\t\t\t\t<\/div>\n\t\t\t\t<div class=\"elementor-element elementor-element-fbaa1eb elementor-widget elementor-widget-text-editor\" data-id=\"fbaa1eb\" data-element_type=\"widget\" data-widget_type=\"text-editor.default\">\n\t\t\t\t<div class=\"elementor-widget-container\">\n\t\t\t\t\t\t\t\t\t<div class=\"gtx-body\" style=\"text-align: center;\">Sesli ve G\u00f6r\u00fcnt\u00fcl\u00fc G\u00f6r\u00fc\u015fmeler<\/div>\t\t\t\t\t\t\t\t<\/div>\n\t\t\t\t<\/div>\n\t\t\t\t\t<\/div>\n\t\t<\/div>\n\t\t\t\t<div class=\"elementor-column elementor-col-16 elementor-top-column elementor-element elementor-element-b35e020\" data-id=\"b35e020\" data-element_type=\"column\">\n\t\t\t<div class=\"elementor-widget-wrap elementor-element-populated\">\n\t\t\t\t\t\t<div class=\"elementor-element elementor-element-b2f49d7 elementor-widget elementor-widget-image\" data-id=\"b2f49d7\" data-element_type=\"widget\" data-widget_type=\"image.default\">\n\t\t\t\t<div class=\"elementor-widget-container\">\n\t\t\t\t\t\t\t\t\t\t\t\t\t\t\t<img loading=\"lazy\" decoding=\"async\" width=\"100\" height=\"100\" src=\"https:\/\/procomteknoloji.com\/wp-content\/uploads\/2023\/04\/schedule.webp\" class=\"attachment-woocommerce_gallery_thumbnail size-woocommerce_gallery_thumbnail wp-image-41907\" alt=\"\" \/>\t\t\t\t\t\t\t\t\t\t\t\t\t\t\t<\/div>\n\t\t\t\t<\/div>\n\t\t\t\t<div class=\"elementor-element elementor-element-2f3be32 elementor-widget elementor-widget-text-editor\" data-id=\"2f3be32\" data-element_type=\"widget\" data-widget_type=\"text-editor.default\">\n\t\t\t\t<div class=\"elementor-widget-container\">\n\t\t\t\t\t\t\t\t\t<div class=\"gtx-body\" style=\"text-align: center;\">Planlama<\/div>\t\t\t\t\t\t\t\t<\/div>\n\t\t\t\t<\/div>\n\t\t\t\t\t<\/div>\n\t\t<\/div>\n\t\t\t\t<div class=\"elementor-column elementor-col-16 elementor-top-column elementor-element elementor-element-ba2bba4\" data-id=\"ba2bba4\" data-element_type=\"column\">\n\t\t\t<div class=\"elementor-widget-wrap elementor-element-populated\">\n\t\t\t\t\t\t<div class=\"elementor-element elementor-element-cb0c7b1 elementor-widget elementor-widget-image\" data-id=\"cb0c7b1\" data-element_type=\"widget\" data-widget_type=\"image.default\">\n\t\t\t\t<div class=\"elementor-widget-container\">\n\t\t\t\t\t\t\t\t\t\t\t\t\t\t\t<img loading=\"lazy\" decoding=\"async\" width=\"100\" height=\"100\" src=\"https:\/\/procomteknoloji.com\/wp-content\/uploads\/2023\/04\/camera.png\" class=\"attachment-woocommerce_gallery_thumbnail size-woocommerce_gallery_thumbnail wp-image-41909\" alt=\"\" \/>\t\t\t\t\t\t\t\t\t\t\t\t\t\t\t<\/div>\n\t\t\t\t<\/div>\n\t\t\t\t<div class=\"elementor-element elementor-element-59e4b03 elementor-widget elementor-widget-text-editor\" data-id=\"59e4b03\" data-element_type=\"widget\" data-widget_type=\"text-editor.default\">\n\t\t\t\t<div class=\"elementor-widget-container\">\n\t\t\t\t\t\t\t\t\t<div class=\"gtx-body\" style=\"text-align: center;\">Kamera<\/div>\t\t\t\t\t\t\t\t<\/div>\n\t\t\t\t<\/div>\n\t\t\t\t\t<\/div>\n\t\t<\/div>\n\t\t\t\t\t<\/div>\n\t\t<\/section>\n\t\t\t\t<section class=\"elementor-section elementor-top-section elementor-element elementor-element-39eeb13 elementor-section-full_width elementor-section-stretched elementor-section-height-default elementor-section-height-default qodef-elementor-content-no\" data-id=\"39eeb13\" data-element_type=\"section\" data-settings=\"{&quot;stretch_section&quot;:&quot;section-stretched&quot;,&quot;background_background&quot;:&quot;classic&quot;}\">\n\t\t\t\t\t\t<div class=\"elementor-container elementor-column-gap-default\">\n\t\t\t\t\t<div class=\"elementor-column elementor-col-16 elementor-top-column elementor-element elementor-element-4973ba5\" data-id=\"4973ba5\" data-element_type=\"column\">\n\t\t\t<div class=\"elementor-widget-wrap elementor-element-populated\">\n\t\t\t\t\t\t<div class=\"elementor-element elementor-element-8b788ff elementor-widget elementor-widget-image\" data-id=\"8b788ff\" data-element_type=\"widget\" data-widget_type=\"image.default\">\n\t\t\t\t<div class=\"elementor-widget-container\">\n\t\t\t\t\t\t\t\t\t\t\t\t\t\t\t<img loading=\"lazy\" decoding=\"async\" width=\"100\" height=\"100\" src=\"https:\/\/procomteknoloji.com\/wp-content\/uploads\/2023\/04\/icon-1080p-HD.webp\" class=\"attachment-woocommerce_gallery_thumbnail size-woocommerce_gallery_thumbnail wp-image-41911\" alt=\"\" \/>\t\t\t\t\t\t\t\t\t\t\t\t\t\t\t<\/div>\n\t\t\t\t<\/div>\n\t\t\t\t<div class=\"elementor-element elementor-element-b87ec2f elementor-widget elementor-widget-text-editor\" data-id=\"b87ec2f\" data-element_type=\"widget\" data-widget_type=\"text-editor.default\">\n\t\t\t\t<div class=\"elementor-widget-container\">\n\t\t\t\t\t\t\t\t\t<div class=\"gtx-body\" style=\"text-align: center;\">Full HD G\u00f6r\u00fcnt\u00fc Kalitesi<\/div><p>\u00a0<\/p>\t\t\t\t\t\t\t\t<\/div>\n\t\t\t\t<\/div>\n\t\t\t\t\t<\/div>\n\t\t<\/div>\n\t\t\t\t<div class=\"elementor-column elementor-col-16 elementor-top-column elementor-element elementor-element-d0844dc\" data-id=\"d0844dc\" data-element_type=\"column\">\n\t\t\t<div class=\"elementor-widget-wrap elementor-element-populated\">\n\t\t\t\t\t\t<div class=\"elementor-element elementor-element-d113237 elementor-widget elementor-widget-image\" data-id=\"d113237\" data-element_type=\"widget\" data-widget_type=\"image.default\">\n\t\t\t\t<div class=\"elementor-widget-container\">\n\t\t\t\t\t\t\t\t\t\t\t\t\t\t\t<img loading=\"lazy\" decoding=\"async\" width=\"100\" height=\"100\" src=\"https:\/\/procomteknoloji.com\/wp-content\/uploads\/2023\/04\/icon-HD-audio.webp\" class=\"attachment-woocommerce_gallery_thumbnail size-woocommerce_gallery_thumbnail wp-image-41913\" alt=\"\" \/>\t\t\t\t\t\t\t\t\t\t\t\t\t\t\t<\/div>\n\t\t\t\t<\/div>\n\t\t\t\t<div class=\"elementor-element elementor-element-c78d598 elementor-widget elementor-widget-text-editor\" data-id=\"c78d598\" data-element_type=\"widget\" data-widget_type=\"text-editor.default\">\n\t\t\t\t<div class=\"elementor-widget-container\">\n\t\t\t\t\t\t\t\t\t<div class=\"gtx-body\" style=\"text-align: center;\">HD Ses Kalitesi<\/div>\t\t\t\t\t\t\t\t<\/div>\n\t\t\t\t<\/div>\n\t\t\t\t\t<\/div>\n\t\t<\/div>\n\t\t\t\t<div class=\"elementor-column elementor-col-16 elementor-top-column elementor-element elementor-element-8e72553\" data-id=\"8e72553\" data-element_type=\"column\">\n\t\t\t<div class=\"elementor-widget-wrap elementor-element-populated\">\n\t\t\t\t\t\t<div class=\"elementor-element elementor-element-ad7aa9c elementor-widget elementor-widget-image\" data-id=\"ad7aa9c\" data-element_type=\"widget\" data-widget_type=\"image.default\">\n\t\t\t\t<div class=\"elementor-widget-container\">\n\t\t\t\t\t\t\t\t\t\t\t\t\t\t\t<img loading=\"lazy\" decoding=\"async\" width=\"100\" height=\"100\" src=\"https:\/\/procomteknoloji.com\/wp-content\/uploads\/2023\/04\/bluetooth_headset.webp\" class=\"attachment-woocommerce_gallery_thumbnail size-woocommerce_gallery_thumbnail wp-image-41915\" alt=\"\" \/>\t\t\t\t\t\t\t\t\t\t\t\t\t\t\t<\/div>\n\t\t\t\t<\/div>\n\t\t\t\t<div class=\"elementor-element elementor-element-6709088 elementor-widget elementor-widget-text-editor\" data-id=\"6709088\" data-element_type=\"widget\" data-widget_type=\"text-editor.default\">\n\t\t\t\t<div class=\"elementor-widget-container\">\n\t\t\t\t\t\t\t\t\t<div class=\"gtx-body\" style=\"text-align: center;\">Bluetooth Kulakl\u0131k<\/div>\t\t\t\t\t\t\t\t<\/div>\n\t\t\t\t<\/div>\n\t\t\t\t\t<\/div>\n\t\t<\/div>\n\t\t\t\t<div class=\"elementor-column elementor-col-16 elementor-top-column elementor-element elementor-element-6cfb594\" data-id=\"6cfb594\" data-element_type=\"column\">\n\t\t\t<div class=\"elementor-widget-wrap elementor-element-populated\">\n\t\t\t\t\t\t<div class=\"elementor-element elementor-element-15864e3 elementor-widget elementor-widget-image\" data-id=\"15864e3\" data-element_type=\"widget\" data-widget_type=\"image.default\">\n\t\t\t\t<div class=\"elementor-widget-container\">\n\t\t\t\t\t\t\t\t\t\t\t\t\t\t\t<img loading=\"lazy\" decoding=\"async\" width=\"100\" height=\"100\" src=\"https:\/\/procomteknoloji.com\/wp-content\/uploads\/2023\/04\/QR_Code.webp\" class=\"attachment-woocommerce_gallery_thumbnail size-woocommerce_gallery_thumbnail wp-image-41917\" alt=\"\" \/>\t\t\t\t\t\t\t\t\t\t\t\t\t\t\t<\/div>\n\t\t\t\t<\/div>\n\t\t\t\t<div class=\"elementor-element elementor-element-a5f1d7b elementor-widget elementor-widget-text-editor\" data-id=\"a5f1d7b\" data-element_type=\"widget\" data-widget_type=\"text-editor.default\">\n\t\t\t\t<div class=\"elementor-widget-container\">\n\t\t\t\t\t\t\t\t\t<div class=\"gtx-body\" style=\"text-align: center;\">QR Kod<\/div>\t\t\t\t\t\t\t\t<\/div>\n\t\t\t\t<\/div>\n\t\t\t\t\t<\/div>\n\t\t<\/div>\n\t\t\t\t<div class=\"elementor-column elementor-col-16 elementor-top-column elementor-element elementor-element-d983f8d\" data-id=\"d983f8d\" data-element_type=\"column\">\n\t\t\t<div class=\"elementor-widget-wrap elementor-element-populated\">\n\t\t\t\t\t\t<div class=\"elementor-element elementor-element-6b70722 elementor-widget elementor-widget-image\" data-id=\"6b70722\" data-element_type=\"widget\" data-widget_type=\"image.default\">\n\t\t\t\t<div class=\"elementor-widget-container\">\n\t\t\t\t\t\t\t\t\t\t\t\t\t\t\t<img loading=\"lazy\" decoding=\"async\" width=\"100\" height=\"100\" src=\"https:\/\/procomteknoloji.com\/wp-content\/uploads\/2023\/04\/cloud.webp\" class=\"attachment-woocommerce_gallery_thumbnail size-woocommerce_gallery_thumbnail wp-image-41919\" alt=\"\" \/>\t\t\t\t\t\t\t\t\t\t\t\t\t\t\t<\/div>\n\t\t\t\t<\/div>\n\t\t\t\t<div class=\"elementor-element elementor-element-83dfe06 elementor-widget elementor-widget-text-editor\" data-id=\"83dfe06\" data-element_type=\"widget\" data-widget_type=\"text-editor.default\">\n\t\t\t\t<div class=\"elementor-widget-container\">\n\t\t\t\t\t\t\t\t\t<div class=\"gtx-body\" style=\"text-align: center;\">Bulut<\/div>\t\t\t\t\t\t\t\t<\/div>\n\t\t\t\t<\/div>\n\t\t\t\t\t<\/div>\n\t\t<\/div>\n\t\t\t\t<div class=\"elementor-column elementor-col-16 elementor-top-column elementor-element elementor-element-c3a0c45\" data-id=\"c3a0c45\" data-element_type=\"column\">\n\t\t\t<div class=\"elementor-widget-wrap elementor-element-populated\">\n\t\t\t\t\t\t\t<\/div>\n\t\t<\/div>\n\t\t\t\t\t<\/div>\n\t\t<\/section>\n\t\t\t\t<\/div>\n\t\t","protected":false},"excerpt":{"rendered":"<p>Connect anytime from anywhere \u2013 The Wave app provides a mobile and web app for the UCM6300 series, that provides remote voice and video collaboration tools for businesses utilizing Grandstream\u2019s UCM6300 series IP PBXs, allowing remote workers to easily communicate and collaborate from anywhere.<\/p>\n<p>Ideal for remote workers, Wave offers an easy-to-use platform to remotely join, schedule and hold meetings, calls and conferences from anywhere. It also allows UCM6300 series users to directly call other extensions, landlines, and mobile numbers. Wave is free, available for Android and iOS devices as well as Chrome and Firefox browsers, and can be quickly configured by scanning a barcode produced by the UCM6300 series. It is compatible with Grandstream\u2019s UCM RemoteConnect cloud service, which ensures a fully secure connection between Wave and the UCM6300 series by providing automatic, always-on NAT firewall traversal. Thanks to Wave, businesses can provide remote workers with a powerful mobile and web tool to meet and collaborate from anywhere, boosting productivity for dispersed organizations and remote workers.<\/p>\n<p style=\"text-align: center;\"><a id=\"cta_button_3781415_ae387dfc-bcd0-4c3b-a186-fbc400a1a470\" class=\"cta_button \" title=\"Download Wave for Desktop and Mobile Here\" href=\"https:\/\/www.grandstream.com\/cs\/c\/?cta_guid=ae387dfc-bcd0-4c3b-a186-fbc400a1a470&amp;signature=AAH58kGR61-LdLo7bR_Dcv_zEhCRjGxpsA&amp;utm_referrer=https%3A%2F%2Fwww.grandstream.com%2Fproducts%2Fpbx-solutions&amp;portal_id=3781415&amp;pageId=42947019345&amp;placement_guid=ed955b68-5c71-4e24-a012-22b2ef5213fd&amp;click=fd685275-9ae3-4b57-81d1-35fc5ed2bf50&amp;redirect_url=APefjpGFRO0vGZs8U8JR__hyOuInMl5xNJ4_wDGwiSHrkAR2nV8IpzuKgMeCFXZewbbN0puWoHJMg8f4-tuSyGL9Zfj3slkiAmYneyDeRuYuatuUr6TUCNVxPWiOPncqBTYXROUghiEj9gL702WKoJbo5FLKM0RcSytXM_sTI2RJF0RGZyAIKYafy6kdQ3eLDzpAoxztds-jnheLE9F9TbV_lRJbmpGCKGWsd-BwO14xWjc5jPnsA-Y&amp;hsutk=1b13c7dd62d8a30f27839956eb51d401&amp;canon=https%3A%2F%2Fwww.grandstream.com%2Fproducts%2Fucm6300-ecosystem%2Fproduct%2Fwave&amp;ts=1713447700198&amp;__hstc=238802911.1b13c7dd62d8a30f27839956eb51d401.1711463972542.1713445095256.1713447705041.11&amp;__hssc=238802911.1.1713447705041&amp;__hsfp=2972654674&amp;contentType=standard-page\"><strong>Download Wave for Desktop and Mobile Here<\/strong><\/a><\/p>\n<h5><\/h5>\n<h5><a href=\"https:\/\/procomteknoloji.com\/wp-content\/uploads\/2023\/05\/Datasheet_Wave_English.pdf\" target=\"_blank\" rel=\"noopener\">PRODUCT BROCHURE<\/a><\/h5>\n","protected":false},"featured_media":40785,"template":"","meta":{"inline_featured_image":false},"product_brand":[],"product_cat":[231],"product_tag":[],"class_list":{"0":"post-42323","1":"product","2":"type-product","3":"status-publish","4":"has-post-thumbnail","6":"product_cat-apps","8":"first","9":"instock","10":"product-type-simple"},"aioseo_notices":[],"_links":{"self":[{"href":"https:\/\/procomteknoloji.com\/en\/wp-json\/wp\/v2\/product\/42323","targetHints":{"allow":["GET"]}}],"collection":[{"href":"https:\/\/procomteknoloji.com\/en\/wp-json\/wp\/v2\/product"}],"about":[{"href":"https:\/\/procomteknoloji.com\/en\/wp-json\/wp\/v2\/types\/product"}],"version-history":[{"count":6,"href":"https:\/\/procomteknoloji.com\/en\/wp-json\/wp\/v2\/product\/42323\/revisions"}],"predecessor-version":[{"id":42326,"href":"https:\/\/procomteknoloji.com\/en\/wp-json\/wp\/v2\/product\/42323\/revisions\/42326"}],"wp:featuredmedia":[{"embeddable":true,"href":"https:\/\/procomteknoloji.com\/en\/wp-json\/wp\/v2\/media\/40785"}],"wp:attachment":[{"href":"https:\/\/procomteknoloji.com\/en\/wp-json\/wp\/v2\/media?parent=42323"}],"wp:term":[{"taxonomy":"product_brand","embeddable":true,"href":"https:\/\/procomteknoloji.com\/en\/wp-json\/wp\/v2\/product_brand?post=42323"},{"taxonomy":"product_cat","embeddable":true,"href":"https:\/\/procomteknoloji.com\/en\/wp-json\/wp\/v2\/product_cat?post=42323"},{"taxonomy":"product_tag","embeddable":true,"href":"https:\/\/procomteknoloji.com\/en\/wp-json\/wp\/v2\/product_tag?post=42323"}],"curies":[{"name":"wp","href":"https:\/\/api.w.org\/{rel}","templated":true}]}}