{"id":39601,"date":"2023-07-19T16:41:33","date_gmt":"2023-07-19T13:41:33","guid":{"rendered":"https:\/\/procomteknoloji.com\/urun\/uncategorized\/grandstream-gsc3506\/"},"modified":"2023-11-15T16:33:36","modified_gmt":"2023-11-15T13:33:36","slug":"grandstream-gsc3506","status":"publish","type":"product","link":"https:\/\/procomteknoloji.com\/en\/products\/intercom-ip-cameras\/sip-speaker-systems\/grandstream-gsc3506\/","title":{"rendered":"Grandstream GSC3506"},"content":{"rendered":"<h4><strong>FEATURES<\/strong><\/h4>\n<ul>\n<li><span id=\"hs_cos_wrapper_widget_1615131062373_\" class=\"hs_cos_wrapper hs_cos_wrapper_widget hs_cos_wrapper_type_rich_text\" data-hs-cos-general-type=\"widget\" data-hs-cos-type=\"rich_text\">Speaker with HD acoustic chamber<\/span><\/li>\n<li><span id=\"hs_cos_wrapper_widget_1615131062373_\" class=\"hs_cos_wrapper hs_cos_wrapper_widget hs_cos_wrapper_type_rich_text\" data-hs-cos-general-type=\"widget\" data-hs-cos-type=\"rich_text\">Features SIP paging, multicast paging, call-waiting with priority override<\/span><\/li>\n<li><span id=\"hs_cos_wrapper_widget_1615131062373_\" class=\"hs_cos_wrapper hs_cos_wrapper_widget hs_cos_wrapper_type_rich_text\" data-hs-cos-general-type=\"widget\" data-hs-cos-type=\"rich_text\">Full-band and wide-band audio codec support including Opus &amp; G.722<\/span><\/li>\n<li><span id=\"hs_cos_wrapper_widget_1615131062373_\" class=\"hs_cos_wrapper hs_cos_wrapper_widget hs_cos_wrapper_type_rich_text\" data-hs-cos-general-type=\"widget\" data-hs-cos-type=\"rich_text\">1x 2-pin switch-in input port, 1x Alarm-in input port, vol+\/- Key, reset, 1x network port, 1x USB port<\/span><\/li>\n<li><span id=\"hs_cos_wrapper_widget_1615131062373_\" class=\"hs_cos_wrapper hs_cos_wrapper_widget hs_cos_wrapper_type_rich_text\" data-hs-cos-general-type=\"widget\" data-hs-cos-type=\"rich_text\">One 10\/100Mbps network port with PoE\/ PoE+<\/span><\/li>\n<\/ul>\n","protected":false},"excerpt":{"rendered":"<p><span id=\"hs_cos_wrapper_widget_1615131059321_\" class=\"hs_cos_wrapper hs_cos_wrapper_widget hs_cos_wrapper_type_rich_text\" data-hs-cos-general-type=\"widget\" data-hs-cos-type=\"rich_text\">The GSC3506 is a 1-way public address SIP speaker that allows offices, schools, hospitals, apartments, and more to build powerful public address announcement solutions that expand security and communication. This robust SIP speaker offers crystal clear HD audio functionality with a high-fidelity 30-Watt HD speaker. The GSC3506 support built-in whitelists, blacklists, and greylists to easily block unwanted calls, SIP and multicast paging, group paging, and PTT. The users can easily sculpt a state-of-the-art security and PA announcement solution. Thanks to its modern industrial design and rich features, the GSC3506 is the ideal SIP speaker for any setting.<\/span><\/p>\n<h5><a href=\"https:\/\/procomteknoloji.com\/wp-content\/uploads\/2023\/07\/Datasheet_GSC3506_English.pdf\" target=\"_blank\" rel=\"noopener\">PRODUCT BROCHURE<\/a><\/h5>\n<p>&nbsp;<\/p>\n<h5><a href=\"https:\/\/procomteknoloji.com\/wp-content\/uploads\/2023\/07\/Datasheet_GSC3506_English.pdf\" target=\"_blank\" rel=\"noopener\">\u00dcr\u00fcn Bro\u015f\u00fcr\u00fc<\/a><\/h5>\n","protected":false},"featured_media":39550,"template":"","meta":{"inline_featured_image":false},"product_brand":[],"product_cat":[173],"product_tag":[],"class_list":{"0":"post-39601","1":"product","2":"type-product","3":"status-publish","4":"has-post-thumbnail","6":"product_cat-sip-speaker-systems","8":"first","9":"instock","10":"product-type-simple"},"aioseo_notices":[],"_links":{"self":[{"href":"https:\/\/procomteknoloji.com\/en\/wp-json\/wp\/v2\/product\/39601","targetHints":{"allow":["GET"]}}],"collection":[{"href":"https:\/\/procomteknoloji.com\/en\/wp-json\/wp\/v2\/product"}],"about":[{"href":"https:\/\/procomteknoloji.com\/en\/wp-json\/wp\/v2\/types\/product"}],"version-history":[{"count":2,"href":"https:\/\/procomteknoloji.com\/en\/wp-json\/wp\/v2\/product\/39601\/revisions"}],"predecessor-version":[{"id":40982,"href":"https:\/\/procomteknoloji.com\/en\/wp-json\/wp\/v2\/product\/39601\/revisions\/40982"}],"wp:featuredmedia":[{"embeddable":true,"href":"https:\/\/procomteknoloji.com\/en\/wp-json\/wp\/v2\/media\/39550"}],"wp:attachment":[{"href":"https:\/\/procomteknoloji.com\/en\/wp-json\/wp\/v2\/media?parent=39601"}],"wp:term":[{"taxonomy":"product_brand","embeddable":true,"href":"https:\/\/procomteknoloji.com\/en\/wp-json\/wp\/v2\/product_brand?post=39601"},{"taxonomy":"product_cat","embeddable":true,"href":"https:\/\/procomteknoloji.com\/en\/wp-json\/wp\/v2\/product_cat?post=39601"},{"taxonomy":"product_tag","embeddable":true,"href":"https:\/\/procomteknoloji.com\/en\/wp-json\/wp\/v2\/product_tag?post=39601"}],"curies":[{"name":"wp","href":"https:\/\/api.w.org\/{rel}","templated":true}]}}