{"id":39583,"date":"2023-04-17T22:16:43","date_gmt":"2023-04-17T19:16:43","guid":{"rendered":"https:\/\/procomteknoloji.com\/urun\/uncategorized\/grandstream-gdms\/"},"modified":"2023-11-15T17:19:49","modified_gmt":"2023-11-15T14:19:49","slug":"grandstream-gdms","status":"publish","type":"product","link":"https:\/\/procomteknoloji.com\/en\/products\/device-management\/grandstream-gdms\/","title":{"rendered":"Grandstream GDMS"},"content":{"rendered":"\t\t<div data-elementor-type=\"product-post\" data-elementor-id=\"39583\" class=\"elementor elementor-39583 elementor-34180\">\n\t\t\t\t\t\t<section class=\"elementor-section elementor-top-section elementor-element elementor-element-4e611328 elementor-section-boxed elementor-section-height-default elementor-section-height-default qodef-elementor-content-no\" data-id=\"4e611328\" data-element_type=\"section\">\n\t\t\t\t\t\t<div class=\"elementor-container elementor-column-gap-default\">\n\t\t\t\t\t<div class=\"elementor-column elementor-col-100 elementor-top-column elementor-element elementor-element-2686b873\" data-id=\"2686b873\" data-element_type=\"column\">\n\t\t\t<div class=\"elementor-widget-wrap elementor-element-populated\">\n\t\t\t\t\t\t<div class=\"elementor-element elementor-element-7f635cbc elementor-widget elementor-widget-text-editor\" data-id=\"7f635cbc\" data-element_type=\"widget\" data-widget_type=\"text-editor.default\">\n\t\t\t\t<div class=\"elementor-widget-container\">\n\t\t\t\t\t\t\t\t\t<ul>\r\n \t<li>Cihazlar\u0131n, hesaplar\u0131n yap\u0131land\u0131r\u0131lmas\u0131, y\u00f6netimi ve izlenmesi<\/li>\r\n \t<li>Ger\u00e7ek zamanl\u0131 cihaz ve a\u011f izleme; analitik sistem raporlar\u0131<\/li>\r\n \t<li>Bir grup cihaz\u0131 farkl\u0131 grup ve modellere g\u00f6re yap\u0131land\u0131rarak y\u00f6netin<\/li>\r\n \t<li>Veri g\u00fcvenli\u011finizi korumak i\u00e7in TLS ve iki fakt\u00f6rl\u00fc giri\u015f kimlik do\u011frulamas\u0131 ile sertifika do\u011frulamas\u0131 dahil kurumsal d\u00fczeyde g\u00fcvenlik<\/li>\r\n \t<li>Yap\u0131land\u0131r\u0131labilir bildirimler, ak\u0131ll\u0131 alarmlar ve otomatik sorun giderme<\/li>\r\n \t<li>Ak\u0131ll\u0131 sorun giderme sorunlar\u0131 otomatik olarak tan\u0131mlar ve tan\u0131lama raporlar\u0131 sa\u011flar<\/li>\r\n \t<li>Grandstream Auto Provisioning Service (GAPS), mevcut cihazlar\u0131n\u0131n \u00fcr\u00fcn yaz\u0131l\u0131m\u0131n\u0131 hen\u00fcz GDMS&#8217;nin desteklendi\u011fi bir g\u00fcncellemeye haz\u0131r olmayan Grandstream \u00fcr\u00fcnleri ve kullan\u0131c\u0131lar\u0131 i\u00e7in eski bir \u00e7\u00f6z\u00fcm olarak kalacakt\u0131r. Yeni \u00fcr\u00fcnler GDMS kullanacakt\u0131r.<\/li>\r\n<\/ul>\t\t\t\t\t\t\t\t<\/div>\n\t\t\t\t<\/div>\n\t\t\t\t\t<\/div>\n\t\t<\/div>\n\t\t\t\t\t<\/div>\n\t\t<\/section>\n\t\t\t\t<\/div>\n\t\t","protected":false},"excerpt":{"rendered":"<p>Grandstream Device Management System (GDMS) is a zero-touch cloud provisioning and management system that provides easy-to-use enterprise-level tools to manage Grandstream products before, during and after deployment. It provides a centralized interface to provision, manage, monitor and troubleshoot Grandstream products.<\/p>\n<p>GDMS provides a centralized interface to provision, manage, monitor and troubleshoot Grandstream products, including device management, account management, device configuration, firmware upgrades, device monitoring, intelligent alarm, and statistical analysis, individually or in batches of devices by site, group and model. This powerful cloud management platform adds robust security features to protect enterprise networks, including bank-grade TLS encryption from end-to-end, two-factor login authentication to protect your data security, two-way certificate verification and encryption of all device information. By offering a centralized, secure and zero-touch management for Grandstream endpoints, GDMS is ideal for enterprises, service providers and multi-site businesses as it allows them to easily deploy and manage large networks of Grandstream solutions. Visit gdms.cloud to sign up.<\/p>\n<p>Android and iOS mobile users can access the GDMS mobile app from any device by downloading for free through the app store, or get it on google play.<\/p>\n<h5><a href=\"https:\/\/procomteknoloji.com\/wp-content\/uploads\/2023\/05\/datasheet_gdms_english.pdf\">PRODUCT BROCHURE<\/a><\/h5>\n","protected":false},"featured_media":38756,"template":"","meta":{"inline_featured_image":false},"product_brand":[],"product_cat":[152],"product_tag":[],"class_list":{"0":"post-39583","1":"product","2":"type-product","3":"status-publish","4":"has-post-thumbnail","6":"product_cat-device-management","8":"first","9":"instock","10":"product-type-simple"},"aioseo_notices":[],"_links":{"self":[{"href":"https:\/\/procomteknoloji.com\/en\/wp-json\/wp\/v2\/product\/39583","targetHints":{"allow":["GET"]}}],"collection":[{"href":"https:\/\/procomteknoloji.com\/en\/wp-json\/wp\/v2\/product"}],"about":[{"href":"https:\/\/procomteknoloji.com\/en\/wp-json\/wp\/v2\/types\/product"}],"version-history":[{"count":4,"href":"https:\/\/procomteknoloji.com\/en\/wp-json\/wp\/v2\/product\/39583\/revisions"}],"predecessor-version":[{"id":41000,"href":"https:\/\/procomteknoloji.com\/en\/wp-json\/wp\/v2\/product\/39583\/revisions\/41000"}],"wp:featuredmedia":[{"embeddable":true,"href":"https:\/\/procomteknoloji.com\/en\/wp-json\/wp\/v2\/media\/38756"}],"wp:attachment":[{"href":"https:\/\/procomteknoloji.com\/en\/wp-json\/wp\/v2\/media?parent=39583"}],"wp:term":[{"taxonomy":"product_brand","embeddable":true,"href":"https:\/\/procomteknoloji.com\/en\/wp-json\/wp\/v2\/product_brand?post=39583"},{"taxonomy":"product_cat","embeddable":true,"href":"https:\/\/procomteknoloji.com\/en\/wp-json\/wp\/v2\/product_cat?post=39583"},{"taxonomy":"product_tag","embeddable":true,"href":"https:\/\/procomteknoloji.com\/en\/wp-json\/wp\/v2\/product_tag?post=39583"}],"curies":[{"name":"wp","href":"https:\/\/api.w.org\/{rel}","templated":true}]}}