{"id":40037,"date":"2023-04-19T01:14:49","date_gmt":"2023-04-18T22:14:49","guid":{"rendered":"https:\/\/procomteknoloji.com\/gac2500\/"},"modified":"2023-11-13T19:11:03","modified_gmt":"2023-11-13T16:11:03","slug":"gac2500","status":"publish","type":"page","link":"https:\/\/procomteknoloji.com\/en\/sss\/gac2500\/","title":{"rendered":"GAC2500"},"content":{"rendered":"\t\t<div data-elementor-type=\"wp-page\" data-elementor-id=\"40037\" class=\"elementor elementor-40037 elementor-35202\">\n\t\t\t\t\t\t<section class=\"elementor-section elementor-top-section elementor-element elementor-element-b62303a elementor-section-boxed elementor-section-height-default elementor-section-height-default qodef-elementor-content-no\" data-id=\"b62303a\" data-element_type=\"section\">\n\t\t\t\t\t\t<div class=\"elementor-container elementor-column-gap-default\">\n\t\t\t\t\t<div class=\"elementor-column elementor-col-33 elementor-top-column elementor-element elementor-element-1d4bbac\" data-id=\"1d4bbac\" data-element_type=\"column\">\n\t\t\t<div class=\"elementor-widget-wrap elementor-element-populated\">\n\t\t\t\t\t\t<div class=\"elementor-element elementor-element-c79b89e elementor-widget elementor-widget-ucaddon_simple_list_menu\" data-id=\"c79b89e\" data-element_type=\"widget\" data-widget_type=\"ucaddon_simple_list_menu.default\">\n\t\t\t\t<div class=\"elementor-widget-container\">\n\t\t\t\t\t\n<!-- start List Menu -->\n\t\t<link id='font-awesome-css' href='https:\/\/procomteknoloji.com\/wp-content\/plugins\/unlimited-elements-for-elementor\/assets_libraries\/font-awesome6\/fontawesome-all.min.css' type='text\/css' rel='stylesheet' >\n\t\t<link id='font-awesome-4-shim-css' href='https:\/\/procomteknoloji.com\/wp-content\/plugins\/unlimited-elements-for-elementor\/assets_libraries\/font-awesome6\/fontawesome-v4-shims.min.css' type='text\/css' rel='stylesheet' >\n\n<style>\/* widget: List Menu *\/\n\n#uc_simple_list_menu_elementor_c79b89e\n{\n  text-align:left;\n}\n#uc_simple_list_menu_elementor_c79b89e ul\n{\n  padding:0;\n  list-style:none;\n  margin:0;\n}\n\n#uc_simple_list_menu_elementor_c79b89e ul li\n{\n  padding:0;\n  list-style:none;\n  margin:0;\n}\n\n#uc_simple_list_menu_elementor_c79b89e ul li.current_page_item\n{\n  background-color:#f2f2f2;\n}\n\n#uc_simple_list_menu_elementor_c79b89e ul ul li.current_page_item\n{\n  background-color:#FFFFFF;\n}\n\n#uc_simple_list_menu_elementor_c79b89e ul ul ul li.current_page_item\n{\n  background-color:#e6e6e6;\n}\n\n#uc_simple_list_menu_elementor_c79b89e ul li:last-child\n{\n  border-bottom:none;\n}\n\n#uc_simple_list_menu_elementor_c79b89e ul li a\n{\n  text-decoration:none;\n  display:block;\n}\n\n\n\n<\/style>\n\n<div id=\"uc_simple_list_menu_elementor_c79b89e\" class=\"simple_list_menu\">\n<ul id=\"menu-sss-menu-ingilizce\" class=\"uc-list-menu\"><li id=\"menu-item-39751\" class=\"menu-item menu-item-type-custom menu-item-object-custom menu-item-has-children menu-item-39751 qodef-menu-item--narrow\"><a href=\"#\"><span class=\"qodef-menu-item-label\">QUESTIONS ABOUT PRODUCTS<\/span><svg class=\"qodef-menu-item-arrow\" xmlns=\"http:\/\/www.w3.org\/2000\/svg\" xmlns:xlink=\"http:\/\/www.w3.org\/1999\/xlink\" width=\"32\" height=\"32\" viewBox=\"0 0 32 32\"><g><path d=\"M 13.8,24.196c 0.39,0.39, 1.024,0.39, 1.414,0l 6.486-6.486c 0.196-0.196, 0.294-0.454, 0.292-0.71 c0-0.258-0.096-0.514-0.292-0.71L 15.214,9.804c-0.39-0.39-1.024-0.39-1.414,0c-0.39,0.39-0.39,1.024,0,1.414L 19.582,17 L 13.8,22.782C 13.41,23.172, 13.41,23.806, 13.8,24.196z\"><\/path><\/g><\/svg><\/a>\n<ul class=\"sub-menu\">\n\t<li id=\"menu-item-40287\" class=\"menu-item menu-item-type-post_type menu-item-object-page menu-item-40287\"><a href=\"https:\/\/procomteknoloji.com\/en\/sss\/gvc3220\/\">GVC3220<\/a><\/li>\n\t<li id=\"menu-item-40288\" class=\"menu-item menu-item-type-post_type menu-item-object-page menu-item-40288\"><a href=\"https:\/\/procomteknoloji.com\/en\/sss\/grandstream-device-management-system\/\">Grandstream Device Management System<\/a><\/li>\n\t<li id=\"menu-item-40290\" class=\"menu-item menu-item-type-post_type menu-item-object-page menu-item-40290\"><a href=\"https:\/\/procomteknoloji.com\/en\/sss\/ucm6300-serisi-ip-pbx\/\">UCM6300 Series IP PBX<\/a><\/li>\n\t<li id=\"menu-item-40291\" class=\"menu-item menu-item-type-post_type menu-item-object-page menu-item-40291\"><a href=\"https:\/\/procomteknoloji.com\/en\/sss\/wp820-wifi\/\">WP820 Wifi<\/a><\/li>\n\t<li id=\"menu-item-40292\" class=\"menu-item menu-item-type-post_type menu-item-object-page menu-item-40292\"><a href=\"https:\/\/procomteknoloji.com\/en\/sss\/gvc3210\/\">GVC3210<\/a><\/li>\n\t<li id=\"menu-item-40293\" class=\"menu-item menu-item-type-post_type menu-item-object-page menu-item-40293\"><a href=\"https:\/\/procomteknoloji.com\/en\/sss\/gwn-series\/\">GWN Series<\/a><\/li>\n\t<li id=\"menu-item-40294\" class=\"menu-item menu-item-type-post_type menu-item-object-page menu-item-40294\"><a href=\"https:\/\/procomteknoloji.com\/en\/sss\/gac2500\/\">GAC2500<\/a><\/li>\n\t<li id=\"menu-item-40295\" class=\"menu-item menu-item-type-post_type menu-item-object-page menu-item-40295\"><a href=\"https:\/\/procomteknoloji.com\/en\/sss\/wave-lite\/\">Wave Lite<\/a><\/li>\n\t<li id=\"menu-item-40296\" class=\"menu-item menu-item-type-post_type menu-item-object-page menu-item-40296\"><a href=\"https:\/\/procomteknoloji.com\/en\/sss\/gvc3200-gvc3202\/\">GVC3200\/GVC3202<\/a><\/li>\n\t<li id=\"menu-item-40297\" class=\"menu-item menu-item-type-post_type menu-item-object-page menu-item-40297\"><a href=\"https:\/\/procomteknoloji.com\/en\/sss\/gxv3240-3275-ip-multimedia-phone\/\">GXV3240\/3275 IP Multimedia Phones<\/a><\/li>\n\t<li id=\"menu-item-40298\" class=\"menu-item menu-item-type-post_type menu-item-object-page menu-item-40298\"><a href=\"https:\/\/procomteknoloji.com\/en\/sss\/gxp2130-2140-2160-ip-phone\/\">GXP2130\/2140\/2160 IP Phone<\/a><\/li>\n\t<li id=\"menu-item-40299\" class=\"menu-item menu-item-type-post_type menu-item-object-page menu-item-40299\"><a href=\"https:\/\/procomteknoloji.com\/en\/sss\/dp720-750-series\/\">DP720\/750 Series<\/a><\/li>\n\t<li id=\"menu-item-40300\" class=\"menu-item menu-item-type-post_type menu-item-object-page menu-item-40300\"><a href=\"https:\/\/procomteknoloji.com\/en\/sss\/gxp-business-phone-series\/\">GXP Business Phone Series<\/a><\/li>\n\t<li id=\"menu-item-40301\" class=\"menu-item menu-item-type-post_type menu-item-object-page menu-item-40301\"><a href=\"https:\/\/procomteknoloji.com\/en\/sss\/gxw-ip-analog-gateway-series\/\">GXW IP Analog Gateway Series<\/a><\/li>\n<\/ul>\n<\/li>\n<li id=\"menu-item-40440\" class=\"menu-item menu-item-type-post_type menu-item-object-page menu-item-40440\"><a href=\"https:\/\/procomteknoloji.com\/en\/products\/conference-solutions\/video-conferencing\/\"><span class=\"qodef-menu-item-label\">Video Conference<\/span><\/a><\/li>\n<li id=\"menu-item-39752\" class=\"menu-item menu-item-type-custom menu-item-object-custom menu-item-has-children menu-item-39752 qodef-menu-item--narrow\"><a href=\"#\"><span class=\"qodef-menu-item-label\">COMMON QUESTIONS<\/span><svg class=\"qodef-menu-item-arrow\" xmlns=\"http:\/\/www.w3.org\/2000\/svg\" xmlns:xlink=\"http:\/\/www.w3.org\/1999\/xlink\" width=\"32\" height=\"32\" viewBox=\"0 0 32 32\"><g><path d=\"M 13.8,24.196c 0.39,0.39, 1.024,0.39, 1.414,0l 6.486-6.486c 0.196-0.196, 0.294-0.454, 0.292-0.71 c0-0.258-0.096-0.514-0.292-0.71L 15.214,9.804c-0.39-0.39-1.024-0.39-1.414,0c-0.39,0.39-0.39,1.024,0,1.414L 19.582,17 L 13.8,22.782C 13.41,23.172, 13.41,23.806, 13.8,24.196z\"><\/path><\/g><\/svg><\/a>\n<ul class=\"sub-menu\">\n\t<li id=\"menu-item-40302\" class=\"menu-item menu-item-type-post_type menu-item-object-page menu-item-40302\"><a href=\"https:\/\/procomteknoloji.com\/en\/sss\/informative\/\">Informative<\/a><\/li>\n\t<li id=\"menu-item-40303\" class=\"menu-item menu-item-type-post_type menu-item-object-page menu-item-40303\"><a href=\"https:\/\/procomteknoloji.com\/en\/sss\/software-upgrade\/\">Software Upgrade<\/a><\/li>\n\t<li id=\"menu-item-40304\" class=\"menu-item menu-item-type-post_type menu-item-object-page menu-item-40304\"><a href=\"https:\/\/procomteknoloji.com\/en\/sss\/video-voice-speech-codecs\/\">Video\/Voice\/Speech Codecs<\/a><\/li>\n\t<li id=\"menu-item-40305\" class=\"menu-item menu-item-type-post_type menu-item-object-page menu-item-40305\"><a href=\"https:\/\/procomteknoloji.com\/en\/sss\/custom-ringtone-faq\/\">Custom Ringtone FAQ<\/a><\/li>\n\t<li id=\"menu-item-40306\" class=\"menu-item menu-item-type-post_type menu-item-object-page menu-item-40306\"><a href=\"https:\/\/procomteknoloji.com\/en\/sss\/general-configuration-questions\/\">General Configuration Questions<\/a><\/li>\n<\/ul>\n<\/li>\n<li id=\"menu-item-39753\" class=\"menu-item menu-item-type-custom menu-item-object-custom menu-item-has-children menu-item-39753 qodef-menu-item--narrow\"><a href=\"#\"><span class=\"qodef-menu-item-label\">COOPERABILITY<\/span><svg class=\"qodef-menu-item-arrow\" xmlns=\"http:\/\/www.w3.org\/2000\/svg\" xmlns:xlink=\"http:\/\/www.w3.org\/1999\/xlink\" width=\"32\" height=\"32\" viewBox=\"0 0 32 32\"><g><path d=\"M 13.8,24.196c 0.39,0.39, 1.024,0.39, 1.414,0l 6.486-6.486c 0.196-0.196, 0.294-0.454, 0.292-0.71 c0-0.258-0.096-0.514-0.292-0.71L 15.214,9.804c-0.39-0.39-1.024-0.39-1.414,0c-0.39,0.39-0.39,1.024,0,1.414L 19.582,17 L 13.8,22.782C 13.41,23.172, 13.41,23.806, 13.8,24.196z\"><\/path><\/g><\/svg><\/a>\n<ul class=\"sub-menu\">\n\t<li id=\"menu-item-40307\" class=\"menu-item menu-item-type-post_type menu-item-object-page menu-item-40307\"><a href=\"https:\/\/procomteknoloji.com\/en\/sss\/interoperability-questions\/\">Interoperability Questions<\/a><\/li>\n\t<li id=\"menu-item-40308\" class=\"menu-item menu-item-type-post_type menu-item-object-page menu-item-40308\"><a href=\"https:\/\/procomteknoloji.com\/en\/sss\/open-source-configuration\/\">Open Source Configuration<\/a><\/li>\n<\/ul>\n<\/li>\n<li id=\"menu-item-39754\" class=\"menu-item menu-item-type-custom menu-item-object-custom menu-item-has-children menu-item-39754 qodef-menu-item--narrow\"><a href=\"#\"><span class=\"qodef-menu-item-label\">PROVISIONING<\/span><svg class=\"qodef-menu-item-arrow\" xmlns=\"http:\/\/www.w3.org\/2000\/svg\" xmlns:xlink=\"http:\/\/www.w3.org\/1999\/xlink\" width=\"32\" height=\"32\" viewBox=\"0 0 32 32\"><g><path d=\"M 13.8,24.196c 0.39,0.39, 1.024,0.39, 1.414,0l 6.486-6.486c 0.196-0.196, 0.294-0.454, 0.292-0.71 c0-0.258-0.096-0.514-0.292-0.71L 15.214,9.804c-0.39-0.39-1.024-0.39-1.414,0c-0.39,0.39-0.39,1.024,0,1.414L 19.582,17 L 13.8,22.782C 13.41,23.172, 13.41,23.806, 13.8,24.196z\"><\/path><\/g><\/svg><\/a>\n<ul class=\"sub-menu\">\n\t<li id=\"menu-item-40309\" class=\"menu-item menu-item-type-post_type menu-item-object-page menu-item-40309\"><a href=\"https:\/\/procomteknoloji.com\/en\/sss\/device-provisioning\/\">Device Provisioning<\/a><\/li>\n<\/ul>\n<\/li>\n<li id=\"menu-item-39755\" class=\"menu-item menu-item-type-custom menu-item-object-custom menu-item-has-children menu-item-39755 qodef-menu-item--narrow\"><a href=\"#\"><span class=\"qodef-menu-item-label\">TROUBLESHOOTING<\/span><svg class=\"qodef-menu-item-arrow\" xmlns=\"http:\/\/www.w3.org\/2000\/svg\" xmlns:xlink=\"http:\/\/www.w3.org\/1999\/xlink\" width=\"32\" height=\"32\" viewBox=\"0 0 32 32\"><g><path d=\"M 13.8,24.196c 0.39,0.39, 1.024,0.39, 1.414,0l 6.486-6.486c 0.196-0.196, 0.294-0.454, 0.292-0.71 c0-0.258-0.096-0.514-0.292-0.71L 15.214,9.804c-0.39-0.39-1.024-0.39-1.414,0c-0.39,0.39-0.39,1.024,0,1.414L 19.582,17 L 13.8,22.782C 13.41,23.172, 13.41,23.806, 13.8,24.196z\"><\/path><\/g><\/svg><\/a>\n<ul class=\"sub-menu\">\n\t<li id=\"menu-item-40310\" class=\"menu-item menu-item-type-post_type menu-item-object-page menu-item-40310\"><a href=\"https:\/\/procomteknoloji.com\/en\/sss\/troubleshooting-questions\/\">Troubleshooting Questions<\/a><\/li>\n<\/ul>\n<\/li>\n<\/ul>\n<\/div>\n<!-- end List Menu -->\t\t\t\t<\/div>\n\t\t\t\t<\/div>\n\t\t\t\t\t<\/div>\n\t\t<\/div>\n\t\t\t\t<div class=\"elementor-column elementor-col-66 elementor-top-column elementor-element elementor-element-71f828a\" data-id=\"71f828a\" data-element_type=\"column\">\n\t\t\t<div class=\"elementor-widget-wrap elementor-element-populated\">\n\t\t\t\t\t\t<div class=\"elementor-element elementor-element-577cbfe elementor-widget elementor-widget-text-editor\" data-id=\"577cbfe\" data-element_type=\"widget\" data-widget_type=\"text-editor.default\">\n\t\t\t\t<div class=\"elementor-widget-container\">\n\t\t\t\t\t\t\t\t\t<div class=\"elementor-element elementor-element-bfccbe7 elementor-widget elementor-widget-heading\" data-id=\"bfccbe7\" data-element_type=\"widget\" data-widget_type=\"heading.default\">\n<div class=\"elementor-widget-container\">\n<div class=\"elementor-element elementor-element-a2ba8e9 elementor-widget elementor-widget-heading\" data-id=\"a2ba8e9\" data-element_type=\"widget\" data-widget_type=\"heading.default\">\n<div class=\"elementor-widget-container\">\n<p><strong>Can GAC2500 support microphone extension?<\/strong><\/p>\n<p>Microphone extension is not supported on the GAC2500. However, the GAC2500 does support audio extension via cascade mode with another GAC2500.<\/p>\n<p><strong>Can I connect a headset to the 3.5mm interface on GAC2500?<\/strong><\/p>\n<p>No, the 3.5mm interface is used to connect to a mobile phone or PC. In such a scenario, the GAC2500 acts as a headset.<\/p>\n<p><strong>Does GAC2500 allow third-party applications to join a local conference?<\/strong><\/p>\n<p>For applications in the GS Market, the GAC2500 allows them to join a local conference. However, the performance may vary when using third-party applications during the conference.<\/p>\n<p><strong>Does GAC2500 have Daylight Saving Time (DST) settings?<\/strong><\/p>\n<p>Yes, the GAC2500 can automatically adjust for Daylight Saving Time based on the IP location.<\/p>\n<p><strong>Does GAC2500 support customized LED settings?<\/strong><\/p>\n<p>Yes, in the GAC2500 web user interface, you can go to Maintenance -&gt; Device Management and customize the LED behavior for different scenarios.<\/p>\n<p><strong>Does GAC2500 support video playback?<\/strong><\/p>\n<p>The GAC2500 supports video playback and also supports answering video calls. However, it cannot initiate video calls.<\/p>\n<p><strong>How can I use my mobile phone to participate in a conference using GAC2500?<\/strong><\/p>\n<p>There are two ways to connect your mobile phone to the GAC2500 for conference participation:<\/p>\n<ol>\n<li>Use a 3.5mm AUX cable to connect your mobile phone and GAC2500.<\/li>\n<\/ol>\n<p>Or,<\/p>\n<ol start=\"2\">\n<li>Pair your mobile phone and GAC2500 via Bluetooth. Make sure you have enabled the headset mode in the Bluetooth settings of the GAC2500.<\/li>\n<\/ol>\n<p><strong>How many contacts and call history entries can be stored on GAC2500?<\/strong><\/p>\n<p>The GAC2500 can store up to 2000 contacts and 2000 call history entries.<\/p>\n<p><strong>How many desktop screens can be added for display on the GAC2500 LCD?<\/strong><\/p>\n<p>The GAC2500 can have a maximum of 16 desktop screens displayed on the LCD.<\/p>\n<p><strong>How to avoid interference from other calls during a conference using GAC2500?<\/strong><\/p>\n<p>Users can swipe down the top status bar to bring down the top menu and tap on DND to activate the &#8220;Do Not Disturb&#8221; mode. Please note that even after the conference ends, GAC2500 will remain in DND mode. Another way is to press the lock screen button on the conference screen. While the conference is locked, unauthorized participants cannot access the ongoing conference.<\/p>\n<p><strong>How to change the main screen on GAC2500?<\/strong><\/p>\n<p>Swipe left or right on the LCD to find an empty layout. Long press on the LCD and select &#8220;Edit Desktop.&#8221; Choose a screen and tap on the main screen icon in the center of the screen to set it as the main screen.<\/p>\n<p><strong>How to configure and use a Bluejeans account on GAC2500?<\/strong><\/p><p><span style=\"color: var( --e-global-color-text ); font-family: var( --e-global-typography-text-font-family ), Sans-serif; font-weight: var( --e-global-typography-text-font-weight );\">Log in to the GAC2500 web user interface and go to Account -&gt; General Settings. Enter SIP Server as 199.48.152.155. Other settings like User ID, SIP Authentication ID, password, etc., are not required.<\/span><span style=\"color: var( --e-global-color-text ); font-family: var( --e-global-typography-text-font-family ), Sans-serif; font-weight: var( --e-global-typography-text-font-weight );\">In the same Account -&gt; Network Settings, select &#8220;SRV&#8221; for DNS Mode. Please note that the user needs to enable Expert Mode in the web UI before making advanced configurations.&nbsp;<\/span><span style=\"color: var( --e-global-color-text ); font-family: var( --e-global-typography-text-font-family ), Sans-serif; font-weight: var( --e-global-typography-text-font-weight );\">In the same Account -&gt; SIP Settings, select &#8220;TCP&#8221; for SIP Transport and uncheck the SIP Registration option.&nbsp;<\/span><span style=\"color: var( --e-global-color-text ); font-family: var( --e-global-typography-text-font-family ), Sans-serif; font-weight: var( --e-global-typography-text-font-weight );\">On the GAC2500 LCD keypad, select the Bluejeans account and enter the conference number\/password, then press the call button to join a Bluejeans conference.<\/span><\/p>\n<p><strong>How to take a screenshot on GAC2500 LCD?<\/strong><\/p>\n<p>On the GAC2500 LCD, swipe down the top status bar to bring down the top menu. Long press on the screen to access the screenshot function and press &#8220;Application Manager.&#8221; Screenshots will be saved under Internal Storage -&gt; Pictures -&gt; Screenshots.<\/p>\n<p>Users can either start the FTP server in the GAC2500 FTP app and log in to the server to download the screenshots or use an OTG data cable to connect a USB flash drive to the GAC2500 for transferring images.<\/p>\n<p><strong>What is the function of the two cable interfaces on the right side of GAC2500?<\/strong><\/p>\n<p>The blue interface is for an Ethernet cable and supports PoE. The gray one supports the gray cascade cable in the box, which is used to cascade with another GAC2500.<\/p>\n<p><strong>Which Bluetooth devices can be connected to GAC2500?<\/strong><\/p>\n<p>The GAC2500 can be connected to the GVC320x video conferencing system, Bluetooth headset, and Bluetooth-enabled mobile phones.<\/p>\n<p><strong>Which devices can be connected and used with the 3.5mm interface on GAC2500?<\/strong><\/p>\n<p>Devices with a 3.5mm combined audio\/microphone jack, like PCs, mobile phones, or tablets, can be used with the GAC2500 via the 3.5mm cable. The cable should comply with the TRRS standard such as OMTP or CTIA\/AHJ.<\/p>\n<p><strong>Which devices can be used with the Micro-USB interface on GAC2500?<\/strong><\/p>\n<p>Users can connect a USB storage device to the GAC2500 using an OTG data cable. It can also be used to connect to a PC or GVC320x Video Conferencing system.<\/p>\n<p><strong>What is the audio pickup range for GAC2500?<\/strong><\/p>\n<p>Using a single GAC2500 is recommended for a 160 sq. ft. room, or a 320 sq. ft. room if &#8220;Large Room&#8221; audio mode is enabled. If two GAC2500 units are cascaded, they can be used in a room of up to 550 sq. ft. The audio mode setting can be found in the GAC2500 web user interface under Advanced -&gt; Call Features -&gt; Audio Mode. Please refer to the example of range coverage below.<\/p>\n<p>If you have more questions or need further assistance, feel free to ask.<\/p>\n<\/div>\n<\/div>\n<div class=\"elementor-element elementor-element-b23a262 elementor-widget elementor-widget-text-editor\" data-id=\"b23a262\" data-element_type=\"widget\" data-widget_type=\"text-editor.default\">\n<div class=\"elementor-widget-container\">\n<p><img fetchpriority=\"high\" decoding=\"async\" class=\"alignnone size-full wp-image-28103\" src=\"https:\/\/procomteknoloji.com\/wp-content\/uploads\/2021\/08\/gac1.jpg\" sizes=\"(max-width: 617px) 100vw, 617px\" srcset=\"https:\/\/procomteknoloji.com\/wp-content\/uploads\/2021\/08\/gac1.jpg 617w, https:\/\/procomteknoloji.com\/wp-content\/uploads\/2021\/08\/gac1-300x176.jpg 300w\" alt=\"\" width=\"617\" height=\"361\"><\/p>\n<p><img decoding=\"async\" class=\"alignnone size-full wp-image-28104\" src=\"https:\/\/procomteknoloji.com\/wp-content\/uploads\/2021\/08\/gac2.jpg\" sizes=\"(max-width: 613px) 100vw, 613px\" srcset=\"https:\/\/procomteknoloji.com\/wp-content\/uploads\/2021\/08\/gac2.jpg 613w, https:\/\/procomteknoloji.com\/wp-content\/uploads\/2021\/08\/gac2-300x168.jpg 300w\" alt=\"\" width=\"613\" height=\"344\"><\/p>\n<\/div>\n<\/div>\n<div class=\"elementor-element elementor-element-c52e30d elementor-widget elementor-widget-heading\" data-id=\"c52e30d\" data-element_type=\"widget\" data-widget_type=\"heading.default\">\n<div class=\"elementor-widget-container\">\n<h2><b>After logging in as an administrator to the GAC2500 web user interface, I cannot find some settings?<\/b><\/h2>\n<p>In the GAC2500 web user interface, administrators need to enable &#8216;Expert Mode&#8217; located in the top-right corner of the interface to access all settings.<\/p>\n<h2>While Bluetooth is enabled on the GAC2500, my mobile phone cannot find the GAC2500 as a Bluetooth device?<\/h2>\n<p>Please check the Bluetooth settings on the GAC2500&#8217;s LCD screen. If it displays &#8216;Visible to paired devices only,&#8217; click on the option to change it to &#8216;Visible to all nearby Bluetooth devices&#8217; in order for your phone to detect the GAC2500 as a Bluetooth device.<\/p>\n<\/div>\n<\/div>\n<div class=\"elementor-element elementor-element-fa1cf04 elementor-widget elementor-widget-text-editor\" data-id=\"fa1cf04\" data-element_type=\"widget\" data-widget_type=\"text-editor.default\">\n<div class=\"elementor-widget-container\">\n<p><img decoding=\"async\" class=\"alignnone size-full wp-image-28105\" src=\"https:\/\/procomteknoloji.com\/wp-content\/uploads\/2021\/08\/gac4.jpg\" sizes=\"(max-width: 1024px) 100vw, 1024px\" srcset=\"https:\/\/procomteknoloji.com\/wp-content\/uploads\/2021\/08\/gac4.jpg 1024w, https:\/\/procomteknoloji.com\/wp-content\/uploads\/2021\/08\/gac4-300x178.jpg 300w, https:\/\/procomteknoloji.com\/wp-content\/uploads\/2021\/08\/gac4-768x455.jpg 768w\" alt=\"\" width=\"1024\" height=\"606\"><\/p>\n<\/div>\n<\/div>\n<div class=\"elementor-element elementor-element-b75f1e6 elementor-widget elementor-widget-heading\" data-id=\"b75f1e6\" data-element_type=\"widget\" data-widget_type=\"heading.default\">\n<div class=\"elementor-widget-container\">\n<h2>When my mobile phone or computer is connected to the GAC2500 via the 3.5mm audio jack, the remote party cannot hear me?<\/h2>\n<p>It is possible that the 3.5mm cable does not support microphone input. Please ensure that the cable follows the OMTP or CTIA\/AHJ TRRS standard.<\/p>\n<h2>My GAC2500 doesn&#8217;t work when connected to the GVC320x via a USB cable?<\/h2>\n<p>Please make sure that the GVC320x hardware firmware version is equal to or higher than 1.0.1.30.<\/p>\n<\/div>\n<\/div>\n<\/div>\n<\/div>\t\t\t\t\t\t\t\t<\/div>\n\t\t\t\t<\/div>\n\t\t\t\t\t<\/div>\n\t\t<\/div>\n\t\t\t\t\t<\/div>\n\t\t<\/section>\n\t\t\t\t<\/div>\n\t\t","protected":false},"excerpt":{"rendered":"<p>About us Akademi Ana Sayfa Ana Sayfa New Blog-eski Brands Contact Us Destek DUYURULAR E-Katalog Gizlilik Politikas\u0131 GrandStream UCM6510 IP PBX Haberler Haberler HAKKIMIZDA yedek2 Hakk\u0131m\u0131zda M Hesab\u0131m \u0130leti\u015fim \u0130leti\u015fim-eski IP PBXs IPVideoTalk Servisi Main Home MARKALAR yedek Neat Bar Neat Bar Neat Bar Pro Neat Board Neat Frame Neat Pad \u00d6deme \u00d6rnek sayfa Procom [&hellip;]<\/p>\n","protected":false},"author":1,"featured_media":0,"parent":40044,"menu_order":0,"comment_status":"closed","ping_status":"closed","template":"","meta":{"inline_featured_image":false,"footnotes":""},"class_list":["post-40037","page","type-page","status-publish","hentry"],"aioseo_notices":[],"_links":{"self":[{"href":"https:\/\/procomteknoloji.com\/en\/wp-json\/wp\/v2\/pages\/40037","targetHints":{"allow":["GET"]}}],"collection":[{"href":"https:\/\/procomteknoloji.com\/en\/wp-json\/wp\/v2\/pages"}],"about":[{"href":"https:\/\/procomteknoloji.com\/en\/wp-json\/wp\/v2\/types\/page"}],"author":[{"embeddable":true,"href":"https:\/\/procomteknoloji.com\/en\/wp-json\/wp\/v2\/users\/1"}],"replies":[{"embeddable":true,"href":"https:\/\/procomteknoloji.com\/en\/wp-json\/wp\/v2\/comments?post=40037"}],"version-history":[{"count":3,"href":"https:\/\/procomteknoloji.com\/en\/wp-json\/wp\/v2\/pages\/40037\/revisions"}],"predecessor-version":[{"id":40175,"href":"https:\/\/procomteknoloji.com\/en\/wp-json\/wp\/v2\/pages\/40037\/revisions\/40175"}],"up":[{"embeddable":true,"href":"https:\/\/procomteknoloji.com\/en\/wp-json\/wp\/v2\/pages\/40044"}],"wp:attachment":[{"href":"https:\/\/procomteknoloji.com\/en\/wp-json\/wp\/v2\/media?parent=40037"}],"curies":[{"name":"wp","href":"https:\/\/api.w.org\/{rel}","templated":true}]}}