{"id":40034,"date":"2023-04-19T01:14:53","date_gmt":"2023-04-18T22:14:53","guid":{"rendered":"https:\/\/procomteknoloji.com\/gxv3240-3275-ip-multimedya-telefonlari\/"},"modified":"2023-11-13T19:32:24","modified_gmt":"2023-11-13T16:32:24","slug":"gxv3240-3275-ip-multimedya-telefonlari","status":"publish","type":"page","link":"https:\/\/procomteknoloji.com\/en\/sss\/gxv3240-3275-ip-multimedia-phone\/","title":{"rendered":"GXV3240\/3275 IP Multimedia Phones"},"content":{"rendered":"\t\t<div data-elementor-type=\"wp-page\" data-elementor-id=\"40034\" class=\"elementor elementor-40034 elementor-35205\">\n\t\t\t\t\t\t<section class=\"elementor-section elementor-top-section elementor-element elementor-element-b62303a elementor-section-boxed elementor-section-height-default elementor-section-height-default qodef-elementor-content-no\" data-id=\"b62303a\" data-element_type=\"section\">\n\t\t\t\t\t\t<div class=\"elementor-container elementor-column-gap-default\">\n\t\t\t\t\t<div class=\"elementor-column elementor-col-33 elementor-top-column elementor-element elementor-element-1d4bbac\" data-id=\"1d4bbac\" data-element_type=\"column\">\n\t\t\t<div class=\"elementor-widget-wrap elementor-element-populated\">\n\t\t\t\t\t\t<div class=\"elementor-element elementor-element-c79b89e elementor-widget elementor-widget-ucaddon_simple_list_menu\" data-id=\"c79b89e\" data-element_type=\"widget\" data-widget_type=\"ucaddon_simple_list_menu.default\">\n\t\t\t\t<div class=\"elementor-widget-container\">\n\t\t\t\t\t\n<!-- start List Menu -->\n\t\t<link id='font-awesome-css' href='https:\/\/procomteknoloji.com\/wp-content\/plugins\/unlimited-elements-for-elementor\/assets_libraries\/font-awesome6\/fontawesome-all.min.css' type='text\/css' rel='stylesheet' >\n\t\t<link id='font-awesome-4-shim-css' href='https:\/\/procomteknoloji.com\/wp-content\/plugins\/unlimited-elements-for-elementor\/assets_libraries\/font-awesome6\/fontawesome-v4-shims.min.css' type='text\/css' rel='stylesheet' >\n\n<style>\/* widget: List Menu *\/\n\n#uc_simple_list_menu_elementor_c79b89e\n{\n  text-align:left;\n}\n#uc_simple_list_menu_elementor_c79b89e ul\n{\n  padding:0;\n  list-style:none;\n  margin:0;\n}\n\n#uc_simple_list_menu_elementor_c79b89e ul li\n{\n  padding:0;\n  list-style:none;\n  margin:0;\n}\n\n#uc_simple_list_menu_elementor_c79b89e ul li.current_page_item\n{\n  background-color:#f2f2f2;\n}\n\n#uc_simple_list_menu_elementor_c79b89e ul ul li.current_page_item\n{\n  background-color:#FFFFFF;\n}\n\n#uc_simple_list_menu_elementor_c79b89e ul ul ul li.current_page_item\n{\n  background-color:#e6e6e6;\n}\n\n#uc_simple_list_menu_elementor_c79b89e ul li:last-child\n{\n  border-bottom:none;\n}\n\n#uc_simple_list_menu_elementor_c79b89e ul li a\n{\n  text-decoration:none;\n  display:block;\n}\n\n\n\n<\/style>\n\n<div id=\"uc_simple_list_menu_elementor_c79b89e\" class=\"simple_list_menu\">\n<ul id=\"menu-sss-menu-ingilizce\" class=\"uc-list-menu\"><li id=\"menu-item-39751\" class=\"menu-item menu-item-type-custom menu-item-object-custom menu-item-has-children menu-item-39751 qodef-menu-item--narrow\"><a href=\"#\"><span class=\"qodef-menu-item-label\">QUESTIONS ABOUT PRODUCTS<\/span><svg class=\"qodef-menu-item-arrow\" xmlns=\"http:\/\/www.w3.org\/2000\/svg\" xmlns:xlink=\"http:\/\/www.w3.org\/1999\/xlink\" width=\"32\" height=\"32\" viewBox=\"0 0 32 32\"><g><path d=\"M 13.8,24.196c 0.39,0.39, 1.024,0.39, 1.414,0l 6.486-6.486c 0.196-0.196, 0.294-0.454, 0.292-0.71 c0-0.258-0.096-0.514-0.292-0.71L 15.214,9.804c-0.39-0.39-1.024-0.39-1.414,0c-0.39,0.39-0.39,1.024,0,1.414L 19.582,17 L 13.8,22.782C 13.41,23.172, 13.41,23.806, 13.8,24.196z\"><\/path><\/g><\/svg><\/a>\n<ul class=\"sub-menu\">\n\t<li id=\"menu-item-40287\" class=\"menu-item menu-item-type-post_type menu-item-object-page menu-item-40287\"><a href=\"https:\/\/procomteknoloji.com\/en\/sss\/gvc3220\/\">GVC3220<\/a><\/li>\n\t<li id=\"menu-item-40288\" class=\"menu-item menu-item-type-post_type menu-item-object-page menu-item-40288\"><a href=\"https:\/\/procomteknoloji.com\/en\/sss\/grandstream-device-management-system\/\">Grandstream Device Management System<\/a><\/li>\n\t<li id=\"menu-item-40290\" class=\"menu-item menu-item-type-post_type menu-item-object-page menu-item-40290\"><a href=\"https:\/\/procomteknoloji.com\/en\/sss\/ucm6300-serisi-ip-pbx\/\">UCM6300 Series IP PBX<\/a><\/li>\n\t<li id=\"menu-item-40291\" class=\"menu-item menu-item-type-post_type menu-item-object-page menu-item-40291\"><a href=\"https:\/\/procomteknoloji.com\/en\/sss\/wp820-wifi\/\">WP820 Wifi<\/a><\/li>\n\t<li id=\"menu-item-40292\" class=\"menu-item menu-item-type-post_type menu-item-object-page menu-item-40292\"><a href=\"https:\/\/procomteknoloji.com\/en\/sss\/gvc3210\/\">GVC3210<\/a><\/li>\n\t<li id=\"menu-item-40293\" class=\"menu-item menu-item-type-post_type menu-item-object-page menu-item-40293\"><a href=\"https:\/\/procomteknoloji.com\/en\/sss\/gwn-series\/\">GWN Series<\/a><\/li>\n\t<li id=\"menu-item-40294\" class=\"menu-item menu-item-type-post_type menu-item-object-page menu-item-40294\"><a href=\"https:\/\/procomteknoloji.com\/en\/sss\/gac2500\/\">GAC2500<\/a><\/li>\n\t<li id=\"menu-item-40295\" class=\"menu-item menu-item-type-post_type menu-item-object-page menu-item-40295\"><a href=\"https:\/\/procomteknoloji.com\/en\/sss\/wave-lite\/\">Wave Lite<\/a><\/li>\n\t<li id=\"menu-item-40296\" class=\"menu-item menu-item-type-post_type menu-item-object-page menu-item-40296\"><a href=\"https:\/\/procomteknoloji.com\/en\/sss\/gvc3200-gvc3202\/\">GVC3200\/GVC3202<\/a><\/li>\n\t<li id=\"menu-item-40297\" class=\"menu-item menu-item-type-post_type menu-item-object-page menu-item-40297\"><a href=\"https:\/\/procomteknoloji.com\/en\/sss\/gxv3240-3275-ip-multimedia-phone\/\">GXV3240\/3275 IP Multimedia Phones<\/a><\/li>\n\t<li id=\"menu-item-40298\" class=\"menu-item menu-item-type-post_type menu-item-object-page menu-item-40298\"><a href=\"https:\/\/procomteknoloji.com\/en\/sss\/gxp2130-2140-2160-ip-phone\/\">GXP2130\/2140\/2160 IP Phone<\/a><\/li>\n\t<li id=\"menu-item-40299\" class=\"menu-item menu-item-type-post_type menu-item-object-page menu-item-40299\"><a href=\"https:\/\/procomteknoloji.com\/en\/sss\/dp720-750-series\/\">DP720\/750 Series<\/a><\/li>\n\t<li id=\"menu-item-40300\" class=\"menu-item menu-item-type-post_type menu-item-object-page menu-item-40300\"><a href=\"https:\/\/procomteknoloji.com\/en\/sss\/gxp-business-phone-series\/\">GXP Business Phone Series<\/a><\/li>\n\t<li id=\"menu-item-40301\" class=\"menu-item menu-item-type-post_type menu-item-object-page menu-item-40301\"><a href=\"https:\/\/procomteknoloji.com\/en\/sss\/gxw-ip-analog-gateway-series\/\">GXW IP Analog Gateway Series<\/a><\/li>\n<\/ul>\n<\/li>\n<li id=\"menu-item-40440\" class=\"menu-item menu-item-type-post_type menu-item-object-page menu-item-40440\"><a href=\"https:\/\/procomteknoloji.com\/en\/products\/conference-solutions\/video-conferencing\/\"><span class=\"qodef-menu-item-label\">Video Conference<\/span><\/a><\/li>\n<li id=\"menu-item-39752\" class=\"menu-item menu-item-type-custom menu-item-object-custom menu-item-has-children menu-item-39752 qodef-menu-item--narrow\"><a href=\"#\"><span class=\"qodef-menu-item-label\">COMMON QUESTIONS<\/span><svg class=\"qodef-menu-item-arrow\" xmlns=\"http:\/\/www.w3.org\/2000\/svg\" xmlns:xlink=\"http:\/\/www.w3.org\/1999\/xlink\" width=\"32\" height=\"32\" viewBox=\"0 0 32 32\"><g><path d=\"M 13.8,24.196c 0.39,0.39, 1.024,0.39, 1.414,0l 6.486-6.486c 0.196-0.196, 0.294-0.454, 0.292-0.71 c0-0.258-0.096-0.514-0.292-0.71L 15.214,9.804c-0.39-0.39-1.024-0.39-1.414,0c-0.39,0.39-0.39,1.024,0,1.414L 19.582,17 L 13.8,22.782C 13.41,23.172, 13.41,23.806, 13.8,24.196z\"><\/path><\/g><\/svg><\/a>\n<ul class=\"sub-menu\">\n\t<li id=\"menu-item-40302\" class=\"menu-item menu-item-type-post_type menu-item-object-page menu-item-40302\"><a href=\"https:\/\/procomteknoloji.com\/en\/sss\/informative\/\">Informative<\/a><\/li>\n\t<li id=\"menu-item-40303\" class=\"menu-item menu-item-type-post_type menu-item-object-page menu-item-40303\"><a href=\"https:\/\/procomteknoloji.com\/en\/sss\/software-upgrade\/\">Software Upgrade<\/a><\/li>\n\t<li id=\"menu-item-40304\" class=\"menu-item menu-item-type-post_type menu-item-object-page menu-item-40304\"><a href=\"https:\/\/procomteknoloji.com\/en\/sss\/video-voice-speech-codecs\/\">Video\/Voice\/Speech Codecs<\/a><\/li>\n\t<li id=\"menu-item-40305\" class=\"menu-item menu-item-type-post_type menu-item-object-page menu-item-40305\"><a href=\"https:\/\/procomteknoloji.com\/en\/sss\/custom-ringtone-faq\/\">Custom Ringtone FAQ<\/a><\/li>\n\t<li id=\"menu-item-40306\" class=\"menu-item menu-item-type-post_type menu-item-object-page menu-item-40306\"><a href=\"https:\/\/procomteknoloji.com\/en\/sss\/general-configuration-questions\/\">General Configuration Questions<\/a><\/li>\n<\/ul>\n<\/li>\n<li id=\"menu-item-39753\" class=\"menu-item menu-item-type-custom menu-item-object-custom menu-item-has-children menu-item-39753 qodef-menu-item--narrow\"><a href=\"#\"><span class=\"qodef-menu-item-label\">COOPERABILITY<\/span><svg class=\"qodef-menu-item-arrow\" xmlns=\"http:\/\/www.w3.org\/2000\/svg\" xmlns:xlink=\"http:\/\/www.w3.org\/1999\/xlink\" width=\"32\" height=\"32\" viewBox=\"0 0 32 32\"><g><path d=\"M 13.8,24.196c 0.39,0.39, 1.024,0.39, 1.414,0l 6.486-6.486c 0.196-0.196, 0.294-0.454, 0.292-0.71 c0-0.258-0.096-0.514-0.292-0.71L 15.214,9.804c-0.39-0.39-1.024-0.39-1.414,0c-0.39,0.39-0.39,1.024,0,1.414L 19.582,17 L 13.8,22.782C 13.41,23.172, 13.41,23.806, 13.8,24.196z\"><\/path><\/g><\/svg><\/a>\n<ul class=\"sub-menu\">\n\t<li id=\"menu-item-40307\" class=\"menu-item menu-item-type-post_type menu-item-object-page menu-item-40307\"><a href=\"https:\/\/procomteknoloji.com\/en\/sss\/interoperability-questions\/\">Interoperability Questions<\/a><\/li>\n\t<li id=\"menu-item-40308\" class=\"menu-item menu-item-type-post_type menu-item-object-page menu-item-40308\"><a href=\"https:\/\/procomteknoloji.com\/en\/sss\/open-source-configuration\/\">Open Source Configuration<\/a><\/li>\n<\/ul>\n<\/li>\n<li id=\"menu-item-39754\" class=\"menu-item menu-item-type-custom menu-item-object-custom menu-item-has-children menu-item-39754 qodef-menu-item--narrow\"><a href=\"#\"><span class=\"qodef-menu-item-label\">PROVISIONING<\/span><svg class=\"qodef-menu-item-arrow\" xmlns=\"http:\/\/www.w3.org\/2000\/svg\" xmlns:xlink=\"http:\/\/www.w3.org\/1999\/xlink\" width=\"32\" height=\"32\" viewBox=\"0 0 32 32\"><g><path d=\"M 13.8,24.196c 0.39,0.39, 1.024,0.39, 1.414,0l 6.486-6.486c 0.196-0.196, 0.294-0.454, 0.292-0.71 c0-0.258-0.096-0.514-0.292-0.71L 15.214,9.804c-0.39-0.39-1.024-0.39-1.414,0c-0.39,0.39-0.39,1.024,0,1.414L 19.582,17 L 13.8,22.782C 13.41,23.172, 13.41,23.806, 13.8,24.196z\"><\/path><\/g><\/svg><\/a>\n<ul class=\"sub-menu\">\n\t<li id=\"menu-item-40309\" class=\"menu-item menu-item-type-post_type menu-item-object-page menu-item-40309\"><a href=\"https:\/\/procomteknoloji.com\/en\/sss\/device-provisioning\/\">Device Provisioning<\/a><\/li>\n<\/ul>\n<\/li>\n<li id=\"menu-item-39755\" class=\"menu-item menu-item-type-custom menu-item-object-custom menu-item-has-children menu-item-39755 qodef-menu-item--narrow\"><a href=\"#\"><span class=\"qodef-menu-item-label\">TROUBLESHOOTING<\/span><svg class=\"qodef-menu-item-arrow\" xmlns=\"http:\/\/www.w3.org\/2000\/svg\" xmlns:xlink=\"http:\/\/www.w3.org\/1999\/xlink\" width=\"32\" height=\"32\" viewBox=\"0 0 32 32\"><g><path d=\"M 13.8,24.196c 0.39,0.39, 1.024,0.39, 1.414,0l 6.486-6.486c 0.196-0.196, 0.294-0.454, 0.292-0.71 c0-0.258-0.096-0.514-0.292-0.71L 15.214,9.804c-0.39-0.39-1.024-0.39-1.414,0c-0.39,0.39-0.39,1.024,0,1.414L 19.582,17 L 13.8,22.782C 13.41,23.172, 13.41,23.806, 13.8,24.196z\"><\/path><\/g><\/svg><\/a>\n<ul class=\"sub-menu\">\n\t<li id=\"menu-item-40310\" class=\"menu-item menu-item-type-post_type menu-item-object-page menu-item-40310\"><a href=\"https:\/\/procomteknoloji.com\/en\/sss\/troubleshooting-questions\/\">Troubleshooting Questions<\/a><\/li>\n<\/ul>\n<\/li>\n<\/ul>\n<\/div>\n<!-- end List Menu -->\t\t\t\t<\/div>\n\t\t\t\t<\/div>\n\t\t\t\t\t<\/div>\n\t\t<\/div>\n\t\t\t\t<div class=\"elementor-column elementor-col-66 elementor-top-column elementor-element elementor-element-71f828a\" data-id=\"71f828a\" data-element_type=\"column\">\n\t\t\t<div class=\"elementor-widget-wrap elementor-element-populated\">\n\t\t\t\t\t\t<div class=\"elementor-element elementor-element-577cbfe elementor-widget elementor-widget-text-editor\" data-id=\"577cbfe\" data-element_type=\"widget\" data-widget_type=\"text-editor.default\">\n\t\t\t\t<div class=\"elementor-widget-container\">\n\t\t\t\t\t\t\t\t\t<div class=\"elementor-element elementor-element-bfccbe7 elementor-widget elementor-widget-heading\" data-id=\"bfccbe7\" data-element_type=\"widget\" data-widget_type=\"heading.default\">\n<div class=\"elementor-widget-container\">\n<div class=\"elementor-element elementor-element-a2ba8e9 elementor-widget elementor-widget-heading\" data-id=\"a2ba8e9\" data-element_type=\"widget\" data-widget_type=\"heading.default\">\n<div class=\"elementor-widget-container\">\n<h2>Finding Downloaded\/Installed Apps:<br>I cannot find downloaded apps from &#8220;Downloads&#8221;. Why?<\/h2>\n<p>PDF documents and images downloaded from the GXV3240\/GXV3275 browser will be stored in the internal storage of GXV3240\/GXV3275. To manage downloaded\/installed apps, please go to Settings -&gt; Applications.<\/p>\n<p>Changing the Account Widget Size on GXV3240\/GXV3275 Default Blank Screen:<br><h2>Can I resize the Account widget on the default blank screen of GXV3240\/GXV3275?<\/h2><\/p>\n<p>Yes. By default, the Account widget on the GXV3240\/GXV3275 default blank screen can accommodate 2 accounts. Users can choose to resize the widget for more accounts. Please follow these steps:<\/p>\n<p>On the GXV3240\/GXV3275 default blank screen, first remove the default Account widget by tapping and holding it, then dragging it to the Trash Bin at the bottom of the screen.<br>Press the Menu button and select &#8220;Edit Widgets.&#8221;<br>In the widget list, select &#8220;Account 5X3&#8221; for 6 accounts, &#8220;Account 3X2&#8221; for 2 accounts, or &#8220;Account 5X2&#8221; for 4 accounts.<br>Pairing iPhone with GXV3240\/GXV3275 via Bluetooth:<br><h2>Can I pair my iPhone with GXV3240\/GXV3275 using Bluetooth?<\/h2><\/p>\n<p>Yes, you can pair your iPhone with GXV3240\/GXV3275 via Bluetooth. For more information about the Bluetooth feature on GXV3240\/GXV3275, please refer to the GXV3240 Bluetooth Guide and GXV3275 Bluetooth Guide.<\/p>\n<p>Answering Call\/Intercom on GXV3240\/GXV3275:<br><h2>Can I use GXV3240\/GXV3275 to answer call\/intercom calls?<\/h2><\/p>\n<p>Yes, you can configure GXV3240\/GXV3275 to automatically answer call\/intercom calls. To do this, go to Web GUI -&gt; Account -&gt; Call Settings and select &#8220;Enable Intercom\/Paging&#8221; for the &#8220;Auto Answer&#8221; option.<\/p>\n<p>Taking Screenshots on GXV3240\/GXV3275:<br><h2>How can I take a screenshot on GXV3240\/GXV3275 and where will it be saved?<\/h2><\/p>\n<p>To take a screenshot on GXV3240\/GXV3275, press and hold the MENU button for about 3 seconds. The screenshot will be saved under FileManager -&gt; Internal Storage -&gt; Pictures -&gt; Screenshots. Users can then send the image files via Bluetooth or copy them to a USB flash drive\/SD card connected to GXV3240\/GXV3275.<\/p>\n<p>Checking Storage and Memory Usage on GXV3240\/GXV3275:<br><h2>How can I check the internal storage and memory usage on GXV3240\/GXV3275?<\/h2><\/p>\n<p>Go to Settings -&gt; Applications on GXV3240\/GXV3275, then click on the &#8220;DOWNLOADED,&#8221; &#8220;ON SD CARD,&#8221; &#8220;RUNNING,&#8221; and &#8220;ALL&#8221; tabs to check the internal storage and memory usage information. Additionally, users can check the internal storage status by going to Settings -&gt; Storage.<\/p>\n<p>Checking System Information on GXV3240\/GXV3275:<br><h2>How can I check my GXV3240\/GXV3275 system information (firmware version, Android version, etc.)?<\/h2><\/p>\n<p>The system information of GXV3240\/GXV3275 can be viewed from Settings -&gt; About Phone section.<\/p>\n<p>Transferring Contacts from UCM62xx\/6510 to GXV3240\/3275:<br><h2>How can I transfer contacts from UCM62xx\/6510 to GXV3240\/3275 using the Universal Phonebook Editor?<\/h2><\/p>\n<p>To transfer contacts from UCM62xx\/6510 to GXV3240\/3275, please follow these steps:<\/p>\n<p>Log in to the UCM62xx\/6510 web user interface.<br>Go to Settings -&gt; LDAP Server and add contacts to the LDAP Phonebook.<br>Select the desired contacts under &#8220;LDAP Phonebook,&#8221; click &#8220;Export Selected Contacts,&#8221; and save the file as a VCF format.<br>Run the Universal Phonebook Editor on your PC, import the VCF file, and adjust the fields accordingly.<br>Export the contact file from the Universal Phonebook Editor.<br>Import the contact file to GXV3240\/3275 via HTTP\/TFTP download or by enabling the HTTPD service in the Universal Phonebook Editor.<br>Hiding the On-Screen Keyboard on GXV3240\/GXV3275:<br><h2>How can I hide the on-screen keyboard after typing on GXV3240\/GXV3275?<\/h2><\/p>\n<p>When you tap on an input field on GXV3240\/GXV3275, the on-screen keyboard will appear. You can hide the keyboard by pressing the Back button.<\/p>\n<p>Recovering GXV3240\/GXv3275 from Failed Firmware Upgrade:<br><h2>How can I recover GXV3240\/GXV3275 if a firmware upgrade fails?<\/h2><\/p>\n<p>If the firmware upgrade fails on GXV3240\/GXV3275, please follow the steps below to recover:<\/p>\n<p>Prepare a USB flash drive and format it to FAT32.<br>Download the correct firmware file from the official Grandstream website.<br>Extract the firmware file to the root directory of the USB flash drive.<br>Insert the USB flash drive into the USB port on GXV3240\/GXV3275.<br>Long press the Menu button on the device and select &#8220;Reboot&#8221; -&gt; &#8220;Update from EXT.&#8221;<br>The device will detect the firmware on the USB drive and initiate the recovery process.<br>After the process is complete, the device will reboot with the new firmware.<br>I hope these translations help you understand the instructions for GXV3240\/GXV3275. If you have any further questions or need more assistance, please feel free to ask.<\/p>\n<\/div>\n<\/div>\n<\/div>\n<\/div>\t\t\t\t\t\t\t\t<\/div>\n\t\t\t\t<\/div>\n\t\t\t\t\t<\/div>\n\t\t<\/div>\n\t\t\t\t\t<\/div>\n\t\t<\/section>\n\t\t\t\t<\/div>\n\t\t","protected":false},"excerpt":{"rendered":"<p>About us Akademi Ana Sayfa Ana Sayfa New Blog-eski Brands Contact Us Destek DUYURULAR E-Katalog Gizlilik Politikas\u0131 GrandStream UCM6510 IP PBX Haberler Haberler HAKKIMIZDA yedek2 Hakk\u0131m\u0131zda M Hesab\u0131m \u0130leti\u015fim \u0130leti\u015fim-eski IP PBXs IPVideoTalk Servisi Main Home MARKALAR yedek Neat Bar Neat Bar Neat Bar Pro Neat Board Neat Frame Neat Pad \u00d6deme \u00d6rnek sayfa Procom [&hellip;]<\/p>\n","protected":false},"author":1,"featured_media":0,"parent":40044,"menu_order":0,"comment_status":"closed","ping_status":"closed","template":"","meta":{"inline_featured_image":false,"footnotes":""},"class_list":["post-40034","page","type-page","status-publish","hentry"],"aioseo_notices":[],"_links":{"self":[{"href":"https:\/\/procomteknoloji.com\/en\/wp-json\/wp\/v2\/pages\/40034","targetHints":{"allow":["GET"]}}],"collection":[{"href":"https:\/\/procomteknoloji.com\/en\/wp-json\/wp\/v2\/pages"}],"about":[{"href":"https:\/\/procomteknoloji.com\/en\/wp-json\/wp\/v2\/types\/page"}],"author":[{"embeddable":true,"href":"https:\/\/procomteknoloji.com\/en\/wp-json\/wp\/v2\/users\/1"}],"replies":[{"embeddable":true,"href":"https:\/\/procomteknoloji.com\/en\/wp-json\/wp\/v2\/comments?post=40034"}],"version-history":[{"count":4,"href":"https:\/\/procomteknoloji.com\/en\/wp-json\/wp\/v2\/pages\/40034\/revisions"}],"predecessor-version":[{"id":40163,"href":"https:\/\/procomteknoloji.com\/en\/wp-json\/wp\/v2\/pages\/40034\/revisions\/40163"}],"up":[{"embeddable":true,"href":"https:\/\/procomteknoloji.com\/en\/wp-json\/wp\/v2\/pages\/40044"}],"wp:attachment":[{"href":"https:\/\/procomteknoloji.com\/en\/wp-json\/wp\/v2\/media?parent=40034"}],"curies":[{"name":"wp","href":"https:\/\/api.w.org\/{rel}","templated":true}]}}