{"id":40030,"date":"2023-04-19T01:15:01","date_gmt":"2023-04-18T22:15:01","guid":{"rendered":"https:\/\/procomteknoloji.com\/gxw-ip-analog-gateway-series\/"},"modified":"2023-11-13T19:32:50","modified_gmt":"2023-11-13T16:32:50","slug":"gxw-ip-analog-gateway-series","status":"publish","type":"page","link":"https:\/\/procomteknoloji.com\/en\/sss\/gxw-ip-analog-gateway-series\/","title":{"rendered":"GXW IP Analog Gateway Series"},"content":{"rendered":"\t\t<div data-elementor-type=\"wp-page\" data-elementor-id=\"40030\" class=\"elementor elementor-40030 elementor-35209\">\n\t\t\t\t\t\t<section class=\"elementor-section elementor-top-section elementor-element elementor-element-b62303a elementor-section-boxed elementor-section-height-default elementor-section-height-default qodef-elementor-content-no\" data-id=\"b62303a\" data-element_type=\"section\">\n\t\t\t\t\t\t<div class=\"elementor-container elementor-column-gap-default\">\n\t\t\t\t\t<div class=\"elementor-column elementor-col-33 elementor-top-column elementor-element elementor-element-1d4bbac\" data-id=\"1d4bbac\" data-element_type=\"column\">\n\t\t\t<div class=\"elementor-widget-wrap elementor-element-populated\">\n\t\t\t\t\t\t<div class=\"elementor-element elementor-element-c79b89e elementor-widget elementor-widget-ucaddon_simple_list_menu\" data-id=\"c79b89e\" data-element_type=\"widget\" data-widget_type=\"ucaddon_simple_list_menu.default\">\n\t\t\t\t<div class=\"elementor-widget-container\">\n\t\t\t\t\t\n<!-- start List Menu -->\n\t\t<link id='font-awesome-css' href='https:\/\/procomteknoloji.com\/wp-content\/plugins\/unlimited-elements-for-elementor\/assets_libraries\/font-awesome6\/fontawesome-all.min.css' type='text\/css' rel='stylesheet' >\n\t\t<link id='font-awesome-4-shim-css' href='https:\/\/procomteknoloji.com\/wp-content\/plugins\/unlimited-elements-for-elementor\/assets_libraries\/font-awesome6\/fontawesome-v4-shims.min.css' type='text\/css' rel='stylesheet' >\n\n<style>\/* widget: List Menu *\/\n\n#uc_simple_list_menu_elementor_c79b89e\n{\n  text-align:left;\n}\n#uc_simple_list_menu_elementor_c79b89e ul\n{\n  padding:0;\n  list-style:none;\n  margin:0;\n}\n\n#uc_simple_list_menu_elementor_c79b89e ul li\n{\n  padding:0;\n  list-style:none;\n  margin:0;\n}\n\n#uc_simple_list_menu_elementor_c79b89e ul li.current_page_item\n{\n  background-color:#f2f2f2;\n}\n\n#uc_simple_list_menu_elementor_c79b89e ul ul li.current_page_item\n{\n  background-color:#FFFFFF;\n}\n\n#uc_simple_list_menu_elementor_c79b89e ul ul ul li.current_page_item\n{\n  background-color:#e6e6e6;\n}\n\n#uc_simple_list_menu_elementor_c79b89e ul li:last-child\n{\n  border-bottom:none;\n}\n\n#uc_simple_list_menu_elementor_c79b89e ul li a\n{\n  text-decoration:none;\n  display:block;\n}\n\n\n\n<\/style>\n\n<div id=\"uc_simple_list_menu_elementor_c79b89e\" class=\"simple_list_menu\">\n<ul id=\"menu-sss-menu-ingilizce\" class=\"uc-list-menu\"><li id=\"menu-item-39751\" class=\"menu-item menu-item-type-custom menu-item-object-custom menu-item-has-children menu-item-39751 qodef-menu-item--narrow\"><a href=\"#\"><span class=\"qodef-menu-item-label\">QUESTIONS ABOUT PRODUCTS<\/span><svg class=\"qodef-menu-item-arrow\" xmlns=\"http:\/\/www.w3.org\/2000\/svg\" xmlns:xlink=\"http:\/\/www.w3.org\/1999\/xlink\" width=\"32\" height=\"32\" viewBox=\"0 0 32 32\"><g><path d=\"M 13.8,24.196c 0.39,0.39, 1.024,0.39, 1.414,0l 6.486-6.486c 0.196-0.196, 0.294-0.454, 0.292-0.71 c0-0.258-0.096-0.514-0.292-0.71L 15.214,9.804c-0.39-0.39-1.024-0.39-1.414,0c-0.39,0.39-0.39,1.024,0,1.414L 19.582,17 L 13.8,22.782C 13.41,23.172, 13.41,23.806, 13.8,24.196z\"><\/path><\/g><\/svg><\/a>\n<ul class=\"sub-menu\">\n\t<li id=\"menu-item-40287\" class=\"menu-item menu-item-type-post_type menu-item-object-page menu-item-40287\"><a href=\"https:\/\/procomteknoloji.com\/en\/sss\/gvc3220\/\">GVC3220<\/a><\/li>\n\t<li id=\"menu-item-40288\" class=\"menu-item menu-item-type-post_type menu-item-object-page menu-item-40288\"><a href=\"https:\/\/procomteknoloji.com\/en\/sss\/grandstream-device-management-system\/\">Grandstream Device Management System<\/a><\/li>\n\t<li id=\"menu-item-40290\" class=\"menu-item menu-item-type-post_type menu-item-object-page menu-item-40290\"><a href=\"https:\/\/procomteknoloji.com\/en\/sss\/ucm6300-serisi-ip-pbx\/\">UCM6300 Series IP PBX<\/a><\/li>\n\t<li id=\"menu-item-40291\" class=\"menu-item menu-item-type-post_type menu-item-object-page menu-item-40291\"><a href=\"https:\/\/procomteknoloji.com\/en\/sss\/wp820-wifi\/\">WP820 Wifi<\/a><\/li>\n\t<li id=\"menu-item-40292\" class=\"menu-item menu-item-type-post_type menu-item-object-page menu-item-40292\"><a href=\"https:\/\/procomteknoloji.com\/en\/sss\/gvc3210\/\">GVC3210<\/a><\/li>\n\t<li id=\"menu-item-40293\" class=\"menu-item menu-item-type-post_type menu-item-object-page menu-item-40293\"><a href=\"https:\/\/procomteknoloji.com\/en\/sss\/gwn-series\/\">GWN Series<\/a><\/li>\n\t<li id=\"menu-item-40294\" class=\"menu-item menu-item-type-post_type menu-item-object-page menu-item-40294\"><a href=\"https:\/\/procomteknoloji.com\/en\/sss\/gac2500\/\">GAC2500<\/a><\/li>\n\t<li id=\"menu-item-40295\" class=\"menu-item menu-item-type-post_type menu-item-object-page menu-item-40295\"><a href=\"https:\/\/procomteknoloji.com\/en\/sss\/wave-lite\/\">Wave Lite<\/a><\/li>\n\t<li id=\"menu-item-40296\" class=\"menu-item menu-item-type-post_type menu-item-object-page menu-item-40296\"><a href=\"https:\/\/procomteknoloji.com\/en\/sss\/gvc3200-gvc3202\/\">GVC3200\/GVC3202<\/a><\/li>\n\t<li id=\"menu-item-40297\" class=\"menu-item menu-item-type-post_type menu-item-object-page menu-item-40297\"><a href=\"https:\/\/procomteknoloji.com\/en\/sss\/gxv3240-3275-ip-multimedia-phone\/\">GXV3240\/3275 IP Multimedia Phones<\/a><\/li>\n\t<li id=\"menu-item-40298\" class=\"menu-item menu-item-type-post_type menu-item-object-page menu-item-40298\"><a href=\"https:\/\/procomteknoloji.com\/en\/sss\/gxp2130-2140-2160-ip-phone\/\">GXP2130\/2140\/2160 IP Phone<\/a><\/li>\n\t<li id=\"menu-item-40299\" class=\"menu-item menu-item-type-post_type menu-item-object-page menu-item-40299\"><a href=\"https:\/\/procomteknoloji.com\/en\/sss\/dp720-750-series\/\">DP720\/750 Series<\/a><\/li>\n\t<li id=\"menu-item-40300\" class=\"menu-item menu-item-type-post_type menu-item-object-page menu-item-40300\"><a href=\"https:\/\/procomteknoloji.com\/en\/sss\/gxp-business-phone-series\/\">GXP Business Phone Series<\/a><\/li>\n\t<li id=\"menu-item-40301\" class=\"menu-item menu-item-type-post_type menu-item-object-page menu-item-40301\"><a href=\"https:\/\/procomteknoloji.com\/en\/sss\/gxw-ip-analog-gateway-series\/\">GXW IP Analog Gateway Series<\/a><\/li>\n<\/ul>\n<\/li>\n<li id=\"menu-item-40440\" class=\"menu-item menu-item-type-post_type menu-item-object-page menu-item-40440\"><a href=\"https:\/\/procomteknoloji.com\/en\/products\/conference-solutions\/video-conferencing\/\"><span class=\"qodef-menu-item-label\">Video Conference<\/span><\/a><\/li>\n<li id=\"menu-item-39752\" class=\"menu-item menu-item-type-custom menu-item-object-custom menu-item-has-children menu-item-39752 qodef-menu-item--narrow\"><a href=\"#\"><span class=\"qodef-menu-item-label\">COMMON QUESTIONS<\/span><svg class=\"qodef-menu-item-arrow\" xmlns=\"http:\/\/www.w3.org\/2000\/svg\" xmlns:xlink=\"http:\/\/www.w3.org\/1999\/xlink\" width=\"32\" height=\"32\" viewBox=\"0 0 32 32\"><g><path d=\"M 13.8,24.196c 0.39,0.39, 1.024,0.39, 1.414,0l 6.486-6.486c 0.196-0.196, 0.294-0.454, 0.292-0.71 c0-0.258-0.096-0.514-0.292-0.71L 15.214,9.804c-0.39-0.39-1.024-0.39-1.414,0c-0.39,0.39-0.39,1.024,0,1.414L 19.582,17 L 13.8,22.782C 13.41,23.172, 13.41,23.806, 13.8,24.196z\"><\/path><\/g><\/svg><\/a>\n<ul class=\"sub-menu\">\n\t<li id=\"menu-item-40302\" class=\"menu-item menu-item-type-post_type menu-item-object-page menu-item-40302\"><a href=\"https:\/\/procomteknoloji.com\/en\/sss\/informative\/\">Informative<\/a><\/li>\n\t<li id=\"menu-item-40303\" class=\"menu-item menu-item-type-post_type menu-item-object-page menu-item-40303\"><a href=\"https:\/\/procomteknoloji.com\/en\/sss\/software-upgrade\/\">Software Upgrade<\/a><\/li>\n\t<li id=\"menu-item-40304\" class=\"menu-item menu-item-type-post_type menu-item-object-page menu-item-40304\"><a href=\"https:\/\/procomteknoloji.com\/en\/sss\/video-voice-speech-codecs\/\">Video\/Voice\/Speech Codecs<\/a><\/li>\n\t<li id=\"menu-item-40305\" class=\"menu-item menu-item-type-post_type menu-item-object-page menu-item-40305\"><a href=\"https:\/\/procomteknoloji.com\/en\/sss\/custom-ringtone-faq\/\">Custom Ringtone FAQ<\/a><\/li>\n\t<li id=\"menu-item-40306\" class=\"menu-item menu-item-type-post_type menu-item-object-page menu-item-40306\"><a href=\"https:\/\/procomteknoloji.com\/en\/sss\/general-configuration-questions\/\">General Configuration Questions<\/a><\/li>\n<\/ul>\n<\/li>\n<li id=\"menu-item-39753\" class=\"menu-item menu-item-type-custom menu-item-object-custom menu-item-has-children menu-item-39753 qodef-menu-item--narrow\"><a href=\"#\"><span class=\"qodef-menu-item-label\">COOPERABILITY<\/span><svg class=\"qodef-menu-item-arrow\" xmlns=\"http:\/\/www.w3.org\/2000\/svg\" xmlns:xlink=\"http:\/\/www.w3.org\/1999\/xlink\" width=\"32\" height=\"32\" viewBox=\"0 0 32 32\"><g><path d=\"M 13.8,24.196c 0.39,0.39, 1.024,0.39, 1.414,0l 6.486-6.486c 0.196-0.196, 0.294-0.454, 0.292-0.71 c0-0.258-0.096-0.514-0.292-0.71L 15.214,9.804c-0.39-0.39-1.024-0.39-1.414,0c-0.39,0.39-0.39,1.024,0,1.414L 19.582,17 L 13.8,22.782C 13.41,23.172, 13.41,23.806, 13.8,24.196z\"><\/path><\/g><\/svg><\/a>\n<ul class=\"sub-menu\">\n\t<li id=\"menu-item-40307\" class=\"menu-item menu-item-type-post_type menu-item-object-page menu-item-40307\"><a href=\"https:\/\/procomteknoloji.com\/en\/sss\/interoperability-questions\/\">Interoperability Questions<\/a><\/li>\n\t<li id=\"menu-item-40308\" class=\"menu-item menu-item-type-post_type menu-item-object-page menu-item-40308\"><a href=\"https:\/\/procomteknoloji.com\/en\/sss\/open-source-configuration\/\">Open Source Configuration<\/a><\/li>\n<\/ul>\n<\/li>\n<li id=\"menu-item-39754\" class=\"menu-item menu-item-type-custom menu-item-object-custom menu-item-has-children menu-item-39754 qodef-menu-item--narrow\"><a href=\"#\"><span class=\"qodef-menu-item-label\">PROVISIONING<\/span><svg class=\"qodef-menu-item-arrow\" xmlns=\"http:\/\/www.w3.org\/2000\/svg\" xmlns:xlink=\"http:\/\/www.w3.org\/1999\/xlink\" width=\"32\" height=\"32\" viewBox=\"0 0 32 32\"><g><path d=\"M 13.8,24.196c 0.39,0.39, 1.024,0.39, 1.414,0l 6.486-6.486c 0.196-0.196, 0.294-0.454, 0.292-0.71 c0-0.258-0.096-0.514-0.292-0.71L 15.214,9.804c-0.39-0.39-1.024-0.39-1.414,0c-0.39,0.39-0.39,1.024,0,1.414L 19.582,17 L 13.8,22.782C 13.41,23.172, 13.41,23.806, 13.8,24.196z\"><\/path><\/g><\/svg><\/a>\n<ul class=\"sub-menu\">\n\t<li id=\"menu-item-40309\" class=\"menu-item menu-item-type-post_type menu-item-object-page menu-item-40309\"><a href=\"https:\/\/procomteknoloji.com\/en\/sss\/device-provisioning\/\">Device Provisioning<\/a><\/li>\n<\/ul>\n<\/li>\n<li id=\"menu-item-39755\" class=\"menu-item menu-item-type-custom menu-item-object-custom menu-item-has-children menu-item-39755 qodef-menu-item--narrow\"><a href=\"#\"><span class=\"qodef-menu-item-label\">TROUBLESHOOTING<\/span><svg class=\"qodef-menu-item-arrow\" xmlns=\"http:\/\/www.w3.org\/2000\/svg\" xmlns:xlink=\"http:\/\/www.w3.org\/1999\/xlink\" width=\"32\" height=\"32\" viewBox=\"0 0 32 32\"><g><path d=\"M 13.8,24.196c 0.39,0.39, 1.024,0.39, 1.414,0l 6.486-6.486c 0.196-0.196, 0.294-0.454, 0.292-0.71 c0-0.258-0.096-0.514-0.292-0.71L 15.214,9.804c-0.39-0.39-1.024-0.39-1.414,0c-0.39,0.39-0.39,1.024,0,1.414L 19.582,17 L 13.8,22.782C 13.41,23.172, 13.41,23.806, 13.8,24.196z\"><\/path><\/g><\/svg><\/a>\n<ul class=\"sub-menu\">\n\t<li id=\"menu-item-40310\" class=\"menu-item menu-item-type-post_type menu-item-object-page menu-item-40310\"><a href=\"https:\/\/procomteknoloji.com\/en\/sss\/troubleshooting-questions\/\">Troubleshooting Questions<\/a><\/li>\n<\/ul>\n<\/li>\n<\/ul>\n<\/div>\n<!-- end List Menu -->\t\t\t\t<\/div>\n\t\t\t\t<\/div>\n\t\t\t\t\t<\/div>\n\t\t<\/div>\n\t\t\t\t<div class=\"elementor-column elementor-col-66 elementor-top-column elementor-element elementor-element-71f828a\" data-id=\"71f828a\" data-element_type=\"column\">\n\t\t\t<div class=\"elementor-widget-wrap elementor-element-populated\">\n\t\t\t\t\t\t<div class=\"elementor-element elementor-element-577cbfe elementor-widget elementor-widget-text-editor\" data-id=\"577cbfe\" data-element_type=\"widget\" data-widget_type=\"text-editor.default\">\n\t\t\t\t<div class=\"elementor-widget-container\">\n\t\t\t\t\t\t\t\t\t<h2>Does the GXW series support RFC 3262?<\/h2>\n<p>Yes. GXW400x supports RFC 3263 \u2013 DNS resolution.<\/p>\n<h2>Does the GXW series support RFC 3264?<\/h2>\n<p>Yes. GXW400x supports RFC 3264.<\/p>\n<h2>Does the GXW series support RFC 3515?<\/h2>\n<p>Yes. GXW400x supports RFC 3515 \u2013 REFER method.<\/p>\n<h2>Does the GXW series support RFC 3960?<\/h2>\n<p>Yes. GXW400x supports RFC 3960 \u2013 early-media \/ ringback.<\/p>\n<h2>How can I configure different settings for different channels?<\/h2>\n<p>Check the syntax for your required setting. For example, if you want all incoming PSTN calls to be automatically dialed to the same extension 200 for an auto-attendant call without a handset, use the syntax: &#8220;ch1-8:200;&#8221;. However, if you prefer to route channel 1 to extension 200, channels 2-7 to extension 201, and channel 8 to extension 202 for an open auto dial, use the following syntax: &#8220;ch1:200;ch2-7:201;ch8:202;&#8221;.<\/p>\n<h2>How can I troubleshoot fax issues on my GXW?<\/h2>\n<p>To troubleshoot fax issues, we recommend the following:<\/p>\n<p>Avoid using low-bandwidth codecs like G729. This codec component almost does not detect fax tones (latest f\/w has improvement in this area).<br>You can force a codec to be a certain codec by setting an initiate code on the fax machine (*027110 for PCMU, for example).<br>Always use T38. Ensure your PBX supports and enables this protocol.<br>Some fax machines don&#8217;t auto negotiate speeds. It is recommended to force the baud rate to 9600 (even if HT500 supports 14.4 bps).<br><h2>How many simultaneous calls can GXW4024 handle?<\/h2><\/p>\n<p>GXW4024 will support 24 concurrent calls for all codecs.<\/p>\n<h2>How many simultaneous fax calls can GXW40xx handle?<\/h2>\n<p>The GXW40xx series can handle up to two concurrent T.38 sessions and G.711 pass-through on the remaining ports.<\/p>\n<p>If multiple DIDs from the service provider are packaged with only one trunk main account, how should I configure the gateway to route calls to different FXS ports?<\/p>\n<p>Grandstream GXW IP gateways support call routing based on SIP Request URI User ID. This function can help route calls to different FXS ports within a hunt group.<\/p>\n<p>For incoming calls:<\/p>\n<p>Enter SIP trunk ID, password, and Name information to an FXS port, and save it. Then enable Hunt Group under FXS Ports -&gt; Advanced Port Settings.<br>Assign other FXS ports to the enabled hunt group. Then, name them with the extra DIDs packed in your sip truck, in the Request URI Routing ID field.<br>For outgoing calls: After completing step 2 above, go to Profile X -&gt; SIP Settings -&gt; Basic Settings, and set Use Request Routing ID in SIP Headers to &#8220;Yes&#8221;.<\/p>\n<p>Once done, the gateway will look at the User ID in the INVITE of the incoming call, and route the call to the matching FXS port associated with the corresponding DID. Also, the gateway will replace the From and To headers in the INVITE with the configured Request URI Routing ID for outbound calls.<\/p>\n<h2>What is a dial plan?<\/h2>\n<p>A dial plan is a set of rules that govern a device&#8217;s call routing behavior. When a user dials a number sequence, the device refers to the rules in the dial plan to determine how to route the call best. For more details on how to configure a dial plan, please refer to the GXW410x User Manual in our resource library.<\/p>\n<h2>What is dial pause in the dial plan, and how can I configure it on my GXW410x?<\/h2>\n<p>In some offices, employees may need to dial &#8216;9&#8217; before dialing a phone number. If a user dials &#8216;9&#8217; + phone number as a single consistent string, the call won&#8217;t go through, and a general prompt like &#8220;Your call cannot be completed as dialed. Please check the number and dial again.&#8221; will be generated. This can be easily resolved by adding a dial pause in the dial plan.<\/p>\n<p>To add a dial pause to the dial plan, you will need to configure the &#8220;DTMF Inter Digit (X10ms) Dial Pause&#8221; under the &#8220;Dialing Plan&#8221; tab in the web GUI. The syntax used to configure the pause is: &#8216;ch1-4:d2p200, d4p400; section5-8: d1p100, d3p300&#8217; where dx\/py means a 10y-ms pause after the d-th digit is dialed.<\/p>\n<p>For example:<\/p>\n<p>If you need a 100ms pause after the 4th digit is dialed, the syntax will be ch1-4:d4p10.<br>If you need to add a 300ms pause after the 3rd digit is dialed and a second 400ms pause after the 6th digit, the syntax will be: ch1-4:d3p30,d6p40.<br>Note: Dial plan pause works ONLY in Stage 1 dialing method.<\/p>\n<h2>What is the difference between one-stage dialing and two-stage dialing?<\/h2>\n<p>One-stage dialing means the end user hears the dial tone immediately and can start dialing.<\/p>\n<p>Two-stage dialing means the end user needs to dial twice \u2013 once to reach the second dial tone and once more to reach the final destination. In other words, a call transitioning from PSTN to VoIP or VoIP to PSTN needs to go through two dialing stages to reach the intended recipient. For instance, a VoIP user will complete the first stage by dialing a pre-programmed number (on GXW410x), receiving the PSTN dial tone in return, and then dialing a PSTN number to complete the second stage. The reverse happens for PSTN-to-VoIP calls.<\/p>\n<p>With one-stage dialing, if a call is made by VoIP or PSTN, it goes through the gateway to the intended recipient. With two-stage dialing, a call transitioning between PSTN and VoIP needs to go through two dialing stages to reach its final destination. For PSTN-originated VoIP calls, it goes directly to a VoIP extension.<\/p>\n<p>One-stage dialing provides convenience and seamless calling, while two-stage dialing offers flexibility and full access to the VoIP network.<\/p>\n<h2>I can receive incoming PSTN calls, but I cannot make outgoing calls (one-stage or two-stage). Why?<\/h2>\n<p>You might be experiencing compatibility issues with some PSTN lines such as Verizon, Qwest, or others.<\/p>\n<p>The following issues might occur:<\/p>\n<p>One-stage VoIP to PSTN calls result in immediate flashing of the line LED.<br>Two-stage VoIP to PSTN calls are not picked up by GXW410x.<br>There is no caller ID on incoming PSTN calls (if caller ID is available).<br>To resolve the above issues:<\/p>\n<p>Contact Grandstream Support or visit www.grandstream.com for the latest firmware.<br>Configure the following values on the FXO Lines web configuration page:<br>Enable Disconnect Current After Dial to &#8220;Yes&#8221; (if PSTN provider is using Disconnect Current).<br>Current Disconnect Threshold: 300<br>Pre-Dial Min Delay PSTN: 750<br><h2>Why doesn&#8217;t my GXW410x receive incoming PSTN calls using one-stage dialing?<\/h2><\/p>\n<p>Ensure that you have a valid internal extension set in the VoIP Unconditional Call Forwarding setting on the FXO Lines web configuration page. Also, make sure that this extension is accessible by the GXW410x. For example, if you&#8217;re using Asterisk\u2122 and have a SIP account with identity 200, but there is no extension 200 in the context where the GXW410x resides, the GXW410x won&#8217;t be able to reach this SIP user, and incoming calls from PSTN won&#8217;t proceed.<\/p>\t\t\t\t\t\t\t\t<\/div>\n\t\t\t\t<\/div>\n\t\t\t\t\t<\/div>\n\t\t<\/div>\n\t\t\t\t\t<\/div>\n\t\t<\/section>\n\t\t\t\t<\/div>\n\t\t","protected":false},"excerpt":{"rendered":"<p>About us Akademi Ana Sayfa Ana Sayfa New Blog-eski Brands Contact Us Destek DUYURULAR E-Katalog Gizlilik Politikas\u0131 GrandStream UCM6510 IP PBX Haberler Haberler HAKKIMIZDA yedek2 Hakk\u0131m\u0131zda M Hesab\u0131m \u0130leti\u015fim \u0130leti\u015fim-eski IP PBXs IPVideoTalk Servisi Main Home MARKALAR yedek Neat Bar Neat Bar Neat Bar Pro Neat Board Neat Frame Neat Pad \u00d6deme \u00d6rnek sayfa Procom [&hellip;]<\/p>\n","protected":false},"author":1,"featured_media":0,"parent":40044,"menu_order":0,"comment_status":"closed","ping_status":"closed","template":"","meta":{"inline_featured_image":false,"footnotes":""},"class_list":["post-40030","page","type-page","status-publish","hentry"],"aioseo_notices":[],"_links":{"self":[{"href":"https:\/\/procomteknoloji.com\/en\/wp-json\/wp\/v2\/pages\/40030","targetHints":{"allow":["GET"]}}],"collection":[{"href":"https:\/\/procomteknoloji.com\/en\/wp-json\/wp\/v2\/pages"}],"about":[{"href":"https:\/\/procomteknoloji.com\/en\/wp-json\/wp\/v2\/types\/page"}],"author":[{"embeddable":true,"href":"https:\/\/procomteknoloji.com\/en\/wp-json\/wp\/v2\/users\/1"}],"replies":[{"embeddable":true,"href":"https:\/\/procomteknoloji.com\/en\/wp-json\/wp\/v2\/comments?post=40030"}],"version-history":[{"count":3,"href":"https:\/\/procomteknoloji.com\/en\/wp-json\/wp\/v2\/pages\/40030\/revisions"}],"predecessor-version":[{"id":40144,"href":"https:\/\/procomteknoloji.com\/en\/wp-json\/wp\/v2\/pages\/40030\/revisions\/40144"}],"up":[{"embeddable":true,"href":"https:\/\/procomteknoloji.com\/en\/wp-json\/wp\/v2\/pages\/40044"}],"wp:attachment":[{"href":"https:\/\/procomteknoloji.com\/en\/wp-json\/wp\/v2\/media?parent=40030"}],"curies":[{"name":"wp","href":"https:\/\/api.w.org\/{rel}","templated":true}]}}