{"id":40029,"date":"2023-04-19T01:35:53","date_gmt":"2023-04-18T22:35:53","guid":{"rendered":"https:\/\/procomteknoloji.com\/bilgilendirici\/"},"modified":"2023-11-13T19:35:58","modified_gmt":"2023-11-13T16:35:58","slug":"informative","status":"publish","type":"page","link":"https:\/\/procomteknoloji.com\/en\/sss\/informative\/","title":{"rendered":"Informative"},"content":{"rendered":"\t\t<div data-elementor-type=\"wp-page\" data-elementor-id=\"40029\" class=\"elementor elementor-40029 elementor-35282\">\n\t\t\t\t\t\t<section class=\"elementor-section elementor-top-section elementor-element elementor-element-b62303a elementor-section-boxed elementor-section-height-default elementor-section-height-default qodef-elementor-content-no\" data-id=\"b62303a\" data-element_type=\"section\">\n\t\t\t\t\t\t<div class=\"elementor-container elementor-column-gap-default\">\n\t\t\t\t\t<div class=\"elementor-column elementor-col-33 elementor-top-column elementor-element elementor-element-1d4bbac\" data-id=\"1d4bbac\" data-element_type=\"column\">\n\t\t\t<div class=\"elementor-widget-wrap elementor-element-populated\">\n\t\t\t\t\t\t<div class=\"elementor-element elementor-element-c79b89e elementor-widget elementor-widget-ucaddon_simple_list_menu\" data-id=\"c79b89e\" data-element_type=\"widget\" data-widget_type=\"ucaddon_simple_list_menu.default\">\n\t\t\t\t<div class=\"elementor-widget-container\">\n\t\t\t\t\t\n<!-- start List Menu -->\n\t\t<link id='font-awesome-css' href='https:\/\/procomteknoloji.com\/wp-content\/plugins\/unlimited-elements-for-elementor\/assets_libraries\/font-awesome6\/fontawesome-all.min.css' type='text\/css' rel='stylesheet' >\n\t\t<link id='font-awesome-4-shim-css' href='https:\/\/procomteknoloji.com\/wp-content\/plugins\/unlimited-elements-for-elementor\/assets_libraries\/font-awesome6\/fontawesome-v4-shims.min.css' type='text\/css' rel='stylesheet' >\n\n<style>\/* widget: List Menu *\/\n\n#uc_simple_list_menu_elementor_c79b89e\n{\n  text-align:left;\n}\n#uc_simple_list_menu_elementor_c79b89e ul\n{\n  padding:0;\n  list-style:none;\n  margin:0;\n}\n\n#uc_simple_list_menu_elementor_c79b89e ul li\n{\n  padding:0;\n  list-style:none;\n  margin:0;\n}\n\n#uc_simple_list_menu_elementor_c79b89e ul li.current_page_item\n{\n  background-color:#f2f2f2;\n}\n\n#uc_simple_list_menu_elementor_c79b89e ul ul li.current_page_item\n{\n  background-color:#FFFFFF;\n}\n\n#uc_simple_list_menu_elementor_c79b89e ul ul ul li.current_page_item\n{\n  background-color:#e6e6e6;\n}\n\n#uc_simple_list_menu_elementor_c79b89e ul li:last-child\n{\n  border-bottom:none;\n}\n\n#uc_simple_list_menu_elementor_c79b89e ul li a\n{\n  text-decoration:none;\n  display:block;\n}\n\n\n\n<\/style>\n\n<div id=\"uc_simple_list_menu_elementor_c79b89e\" class=\"simple_list_menu\">\n<ul id=\"menu-sss-menu-ingilizce\" class=\"uc-list-menu\"><li id=\"menu-item-39751\" class=\"menu-item menu-item-type-custom menu-item-object-custom menu-item-has-children menu-item-39751 qodef-menu-item--narrow\"><a href=\"#\"><span class=\"qodef-menu-item-label\">QUESTIONS ABOUT PRODUCTS<\/span><svg class=\"qodef-menu-item-arrow\" xmlns=\"http:\/\/www.w3.org\/2000\/svg\" xmlns:xlink=\"http:\/\/www.w3.org\/1999\/xlink\" width=\"32\" height=\"32\" viewBox=\"0 0 32 32\"><g><path d=\"M 13.8,24.196c 0.39,0.39, 1.024,0.39, 1.414,0l 6.486-6.486c 0.196-0.196, 0.294-0.454, 0.292-0.71 c0-0.258-0.096-0.514-0.292-0.71L 15.214,9.804c-0.39-0.39-1.024-0.39-1.414,0c-0.39,0.39-0.39,1.024,0,1.414L 19.582,17 L 13.8,22.782C 13.41,23.172, 13.41,23.806, 13.8,24.196z\"><\/path><\/g><\/svg><\/a>\n<ul class=\"sub-menu\">\n\t<li id=\"menu-item-40287\" class=\"menu-item menu-item-type-post_type menu-item-object-page menu-item-40287\"><a href=\"https:\/\/procomteknoloji.com\/en\/sss\/gvc3220\/\">GVC3220<\/a><\/li>\n\t<li id=\"menu-item-40288\" class=\"menu-item menu-item-type-post_type menu-item-object-page menu-item-40288\"><a href=\"https:\/\/procomteknoloji.com\/en\/sss\/grandstream-device-management-system\/\">Grandstream Device Management System<\/a><\/li>\n\t<li id=\"menu-item-40290\" class=\"menu-item menu-item-type-post_type menu-item-object-page menu-item-40290\"><a href=\"https:\/\/procomteknoloji.com\/en\/sss\/ucm6300-serisi-ip-pbx\/\">UCM6300 Series IP PBX<\/a><\/li>\n\t<li id=\"menu-item-40291\" class=\"menu-item menu-item-type-post_type menu-item-object-page menu-item-40291\"><a href=\"https:\/\/procomteknoloji.com\/en\/sss\/wp820-wifi\/\">WP820 Wifi<\/a><\/li>\n\t<li id=\"menu-item-40292\" class=\"menu-item menu-item-type-post_type menu-item-object-page menu-item-40292\"><a href=\"https:\/\/procomteknoloji.com\/en\/sss\/gvc3210\/\">GVC3210<\/a><\/li>\n\t<li id=\"menu-item-40293\" class=\"menu-item menu-item-type-post_type menu-item-object-page menu-item-40293\"><a href=\"https:\/\/procomteknoloji.com\/en\/sss\/gwn-series\/\">GWN Series<\/a><\/li>\n\t<li id=\"menu-item-40294\" class=\"menu-item menu-item-type-post_type menu-item-object-page menu-item-40294\"><a href=\"https:\/\/procomteknoloji.com\/en\/sss\/gac2500\/\">GAC2500<\/a><\/li>\n\t<li id=\"menu-item-40295\" class=\"menu-item menu-item-type-post_type menu-item-object-page menu-item-40295\"><a href=\"https:\/\/procomteknoloji.com\/en\/sss\/wave-lite\/\">Wave Lite<\/a><\/li>\n\t<li id=\"menu-item-40296\" class=\"menu-item menu-item-type-post_type menu-item-object-page menu-item-40296\"><a href=\"https:\/\/procomteknoloji.com\/en\/sss\/gvc3200-gvc3202\/\">GVC3200\/GVC3202<\/a><\/li>\n\t<li id=\"menu-item-40297\" class=\"menu-item menu-item-type-post_type menu-item-object-page menu-item-40297\"><a href=\"https:\/\/procomteknoloji.com\/en\/sss\/gxv3240-3275-ip-multimedia-phone\/\">GXV3240\/3275 IP Multimedia Phones<\/a><\/li>\n\t<li id=\"menu-item-40298\" class=\"menu-item menu-item-type-post_type menu-item-object-page menu-item-40298\"><a href=\"https:\/\/procomteknoloji.com\/en\/sss\/gxp2130-2140-2160-ip-phone\/\">GXP2130\/2140\/2160 IP Phone<\/a><\/li>\n\t<li id=\"menu-item-40299\" class=\"menu-item menu-item-type-post_type menu-item-object-page menu-item-40299\"><a href=\"https:\/\/procomteknoloji.com\/en\/sss\/dp720-750-series\/\">DP720\/750 Series<\/a><\/li>\n\t<li id=\"menu-item-40300\" class=\"menu-item menu-item-type-post_type menu-item-object-page menu-item-40300\"><a href=\"https:\/\/procomteknoloji.com\/en\/sss\/gxp-business-phone-series\/\">GXP Business Phone Series<\/a><\/li>\n\t<li id=\"menu-item-40301\" class=\"menu-item menu-item-type-post_type menu-item-object-page menu-item-40301\"><a href=\"https:\/\/procomteknoloji.com\/en\/sss\/gxw-ip-analog-gateway-series\/\">GXW IP Analog Gateway Series<\/a><\/li>\n<\/ul>\n<\/li>\n<li id=\"menu-item-40440\" class=\"menu-item menu-item-type-post_type menu-item-object-page menu-item-40440\"><a href=\"https:\/\/procomteknoloji.com\/en\/products\/conference-solutions\/video-conferencing\/\"><span class=\"qodef-menu-item-label\">Video Conference<\/span><\/a><\/li>\n<li id=\"menu-item-39752\" class=\"menu-item menu-item-type-custom menu-item-object-custom menu-item-has-children menu-item-39752 qodef-menu-item--narrow\"><a href=\"#\"><span class=\"qodef-menu-item-label\">COMMON QUESTIONS<\/span><svg class=\"qodef-menu-item-arrow\" xmlns=\"http:\/\/www.w3.org\/2000\/svg\" xmlns:xlink=\"http:\/\/www.w3.org\/1999\/xlink\" width=\"32\" height=\"32\" viewBox=\"0 0 32 32\"><g><path d=\"M 13.8,24.196c 0.39,0.39, 1.024,0.39, 1.414,0l 6.486-6.486c 0.196-0.196, 0.294-0.454, 0.292-0.71 c0-0.258-0.096-0.514-0.292-0.71L 15.214,9.804c-0.39-0.39-1.024-0.39-1.414,0c-0.39,0.39-0.39,1.024,0,1.414L 19.582,17 L 13.8,22.782C 13.41,23.172, 13.41,23.806, 13.8,24.196z\"><\/path><\/g><\/svg><\/a>\n<ul class=\"sub-menu\">\n\t<li id=\"menu-item-40302\" class=\"menu-item menu-item-type-post_type menu-item-object-page menu-item-40302\"><a href=\"https:\/\/procomteknoloji.com\/en\/sss\/informative\/\">Informative<\/a><\/li>\n\t<li id=\"menu-item-40303\" class=\"menu-item menu-item-type-post_type menu-item-object-page menu-item-40303\"><a href=\"https:\/\/procomteknoloji.com\/en\/sss\/software-upgrade\/\">Software Upgrade<\/a><\/li>\n\t<li id=\"menu-item-40304\" class=\"menu-item menu-item-type-post_type menu-item-object-page menu-item-40304\"><a href=\"https:\/\/procomteknoloji.com\/en\/sss\/video-voice-speech-codecs\/\">Video\/Voice\/Speech Codecs<\/a><\/li>\n\t<li id=\"menu-item-40305\" class=\"menu-item menu-item-type-post_type menu-item-object-page menu-item-40305\"><a href=\"https:\/\/procomteknoloji.com\/en\/sss\/custom-ringtone-faq\/\">Custom Ringtone FAQ<\/a><\/li>\n\t<li id=\"menu-item-40306\" class=\"menu-item menu-item-type-post_type menu-item-object-page menu-item-40306\"><a href=\"https:\/\/procomteknoloji.com\/en\/sss\/general-configuration-questions\/\">General Configuration Questions<\/a><\/li>\n<\/ul>\n<\/li>\n<li id=\"menu-item-39753\" class=\"menu-item menu-item-type-custom menu-item-object-custom menu-item-has-children menu-item-39753 qodef-menu-item--narrow\"><a href=\"#\"><span class=\"qodef-menu-item-label\">COOPERABILITY<\/span><svg class=\"qodef-menu-item-arrow\" xmlns=\"http:\/\/www.w3.org\/2000\/svg\" xmlns:xlink=\"http:\/\/www.w3.org\/1999\/xlink\" width=\"32\" height=\"32\" viewBox=\"0 0 32 32\"><g><path d=\"M 13.8,24.196c 0.39,0.39, 1.024,0.39, 1.414,0l 6.486-6.486c 0.196-0.196, 0.294-0.454, 0.292-0.71 c0-0.258-0.096-0.514-0.292-0.71L 15.214,9.804c-0.39-0.39-1.024-0.39-1.414,0c-0.39,0.39-0.39,1.024,0,1.414L 19.582,17 L 13.8,22.782C 13.41,23.172, 13.41,23.806, 13.8,24.196z\"><\/path><\/g><\/svg><\/a>\n<ul class=\"sub-menu\">\n\t<li id=\"menu-item-40307\" class=\"menu-item menu-item-type-post_type menu-item-object-page menu-item-40307\"><a href=\"https:\/\/procomteknoloji.com\/en\/sss\/interoperability-questions\/\">Interoperability Questions<\/a><\/li>\n\t<li id=\"menu-item-40308\" class=\"menu-item menu-item-type-post_type menu-item-object-page menu-item-40308\"><a href=\"https:\/\/procomteknoloji.com\/en\/sss\/open-source-configuration\/\">Open Source Configuration<\/a><\/li>\n<\/ul>\n<\/li>\n<li id=\"menu-item-39754\" class=\"menu-item menu-item-type-custom menu-item-object-custom menu-item-has-children menu-item-39754 qodef-menu-item--narrow\"><a href=\"#\"><span class=\"qodef-menu-item-label\">PROVISIONING<\/span><svg class=\"qodef-menu-item-arrow\" xmlns=\"http:\/\/www.w3.org\/2000\/svg\" xmlns:xlink=\"http:\/\/www.w3.org\/1999\/xlink\" width=\"32\" height=\"32\" viewBox=\"0 0 32 32\"><g><path d=\"M 13.8,24.196c 0.39,0.39, 1.024,0.39, 1.414,0l 6.486-6.486c 0.196-0.196, 0.294-0.454, 0.292-0.71 c0-0.258-0.096-0.514-0.292-0.71L 15.214,9.804c-0.39-0.39-1.024-0.39-1.414,0c-0.39,0.39-0.39,1.024,0,1.414L 19.582,17 L 13.8,22.782C 13.41,23.172, 13.41,23.806, 13.8,24.196z\"><\/path><\/g><\/svg><\/a>\n<ul class=\"sub-menu\">\n\t<li id=\"menu-item-40309\" class=\"menu-item menu-item-type-post_type menu-item-object-page menu-item-40309\"><a href=\"https:\/\/procomteknoloji.com\/en\/sss\/device-provisioning\/\">Device Provisioning<\/a><\/li>\n<\/ul>\n<\/li>\n<li id=\"menu-item-39755\" class=\"menu-item menu-item-type-custom menu-item-object-custom menu-item-has-children menu-item-39755 qodef-menu-item--narrow\"><a href=\"#\"><span class=\"qodef-menu-item-label\">TROUBLESHOOTING<\/span><svg class=\"qodef-menu-item-arrow\" xmlns=\"http:\/\/www.w3.org\/2000\/svg\" xmlns:xlink=\"http:\/\/www.w3.org\/1999\/xlink\" width=\"32\" height=\"32\" viewBox=\"0 0 32 32\"><g><path d=\"M 13.8,24.196c 0.39,0.39, 1.024,0.39, 1.414,0l 6.486-6.486c 0.196-0.196, 0.294-0.454, 0.292-0.71 c0-0.258-0.096-0.514-0.292-0.71L 15.214,9.804c-0.39-0.39-1.024-0.39-1.414,0c-0.39,0.39-0.39,1.024,0,1.414L 19.582,17 L 13.8,22.782C 13.41,23.172, 13.41,23.806, 13.8,24.196z\"><\/path><\/g><\/svg><\/a>\n<ul class=\"sub-menu\">\n\t<li id=\"menu-item-40310\" class=\"menu-item menu-item-type-post_type menu-item-object-page menu-item-40310\"><a href=\"https:\/\/procomteknoloji.com\/en\/sss\/troubleshooting-questions\/\">Troubleshooting Questions<\/a><\/li>\n<\/ul>\n<\/li>\n<\/ul>\n<\/div>\n<!-- end List Menu -->\t\t\t\t<\/div>\n\t\t\t\t<\/div>\n\t\t\t\t\t<\/div>\n\t\t<\/div>\n\t\t\t\t<div class=\"elementor-column elementor-col-66 elementor-top-column elementor-element elementor-element-71f828a\" data-id=\"71f828a\" data-element_type=\"column\">\n\t\t\t<div class=\"elementor-widget-wrap elementor-element-populated\">\n\t\t\t\t\t\t<div class=\"elementor-element elementor-element-577cbfe elementor-widget elementor-widget-text-editor\" data-id=\"577cbfe\" data-element_type=\"widget\" data-widget_type=\"text-editor.default\">\n\t\t\t\t<div class=\"elementor-widget-container\">\n\t\t\t\t\t\t\t\t\t<h2>Do Grandstream products support IAX\/IAX2?<\/h2>\n<p>IAX\/IAX2 are proprietary protocols, and Grandstream currently does not support these protocols.<\/p>\n<p>How do you enable daylight saving time on all devices?<\/p>\n<p>For U.S. Time Zones:<br>Pacific: PST+8PDT+7,M3.2.0,M11.1.0<br>Mountain: MST+7MDT+6,M3.2.0,M11.1.0<br>Central: CST+6CDT+5,M3.2.0,M11.1.0<br>Eastern: EST+5EDT+4,M3.2.0,M11.1.0<br>Note: For GXP2200 that doesn&#8217;t have a self-defined time zone option, please select the matching time zone from the list.<br>Example for Pacific Time Zone:<br>Time Zone<br>Because the U.S. is west of the Prime Meridian, it will use a &#8220;+&#8221; positive sign for the offset. The Pacific Standard Time (PST) offset from UTC is -8:00, so you will change this to PST+8. If you look at daylight saving time for PST, you will see that it transitions to Pacific Daylight Time (PDT) and goes one hour ahead (Fall Back, Spring Forward). The PDT offset is -7:00, so you will use PDT+7. Daylight saving time<br>Be sure to add a comma &#8220;,&#8221; before proceeding. The rest of the syntax is adding the dates when daylight saving time occurs. The first section is for when daylight saving time starts. The second section is for when daylight saving time ends. &#8220;M&#8221; stands for month, and &#8220;3&#8221; is March, so it&#8217;s the 3rd month of the year. The next number is the week number, which is &#8220;2&#8221; for the second week of the month. The final number, &#8220;0,&#8221; stands for Sunday. Sunday = 0, Monday = 1, Tuesday = 2, etc. Add another comma &#8220;,&#8221; to separate the start and end of daylight saving time. Daylight saving time starts with &#8220;M11,&#8221; which is November, followed by &#8220;1&#8221; (first week) and &#8220;0&#8221; (Sunday). If you look at daylight saving time in the U.S., you&#8217;ll see it starts on March 10th (3rd month, 2nd week, Sunday = M3.2.0) and ends on November 3rd (11th month, 1st week, Sunday = M11.1.0).<\/p>\n<h2>What is Provisioning, and how do I provision my Grandstream device?<\/h2>\n<p>Grandstream SIP devices can be configured through the Web User Interface and also via Configuration File using TFTP or HTTP\/HTTPS download. All Grandstream SIP devices support a proprietary binary configuration file format via the web interface. New product families like GXP21xx\/14xx\/11xx, GXV31xx, HT50x, and GXW40xx also accept configuration files in XML format in addition to the older proprietary binary format.<\/p>\n<h2>What is TR-069, and do Grandstream devices support it?<\/h2>\n<p>TR-069 is a communication protocol that enables secure auto-configuration as well as other CPE management functions within a common framework between a Customer Premises Equipment (CPE) and an Auto Configuration Server (ACS). Grandstream devices support this protocol.<\/p>\n<h2>Where can I find user manuals for all products?<\/h2>\n<p>Click here and select your Grandstream product. You&#8217;ll have access to all resources for that product, including user manuals.<\/p>\t\t\t\t\t\t\t\t<\/div>\n\t\t\t\t<\/div>\n\t\t\t\t\t<\/div>\n\t\t<\/div>\n\t\t\t\t\t<\/div>\n\t\t<\/section>\n\t\t\t\t<\/div>\n\t\t","protected":false},"excerpt":{"rendered":"<p>About us Akademi Ana Sayfa Ana Sayfa New Blog-eski Brands Contact Us Destek DUYURULAR E-Katalog Gizlilik Politikas\u0131 GrandStream UCM6510 IP PBX Haberler Haberler HAKKIMIZDA yedek2 Hakk\u0131m\u0131zda M Hesab\u0131m \u0130leti\u015fim \u0130leti\u015fim-eski IP PBXs IPVideoTalk Servisi Main Home MARKALAR yedek Neat Bar Neat Bar Neat Bar Pro Neat Board Neat Frame Neat Pad \u00d6deme \u00d6rnek sayfa Procom [&hellip;]<\/p>\n","protected":false},"author":1,"featured_media":0,"parent":40044,"menu_order":0,"comment_status":"closed","ping_status":"closed","template":"","meta":{"inline_featured_image":false,"footnotes":""},"class_list":["post-40029","page","type-page","status-publish","hentry"],"aioseo_notices":[],"_links":{"self":[{"href":"https:\/\/procomteknoloji.com\/en\/wp-json\/wp\/v2\/pages\/40029","targetHints":{"allow":["GET"]}}],"collection":[{"href":"https:\/\/procomteknoloji.com\/en\/wp-json\/wp\/v2\/pages"}],"about":[{"href":"https:\/\/procomteknoloji.com\/en\/wp-json\/wp\/v2\/types\/page"}],"author":[{"embeddable":true,"href":"https:\/\/procomteknoloji.com\/en\/wp-json\/wp\/v2\/users\/1"}],"replies":[{"embeddable":true,"href":"https:\/\/procomteknoloji.com\/en\/wp-json\/wp\/v2\/comments?post=40029"}],"version-history":[{"count":4,"href":"https:\/\/procomteknoloji.com\/en\/wp-json\/wp\/v2\/pages\/40029\/revisions"}],"predecessor-version":[{"id":40140,"href":"https:\/\/procomteknoloji.com\/en\/wp-json\/wp\/v2\/pages\/40029\/revisions\/40140"}],"up":[{"embeddable":true,"href":"https:\/\/procomteknoloji.com\/en\/wp-json\/wp\/v2\/pages\/40044"}],"wp:attachment":[{"href":"https:\/\/procomteknoloji.com\/en\/wp-json\/wp\/v2\/media?parent=40029"}],"curies":[{"name":"wp","href":"https:\/\/api.w.org\/{rel}","templated":true}]}}