{"id":40028,"date":"2023-04-19T01:36:01","date_gmt":"2023-04-18T22:36:01","guid":{"rendered":"https:\/\/procomteknoloji.com\/yazilim-yukseltme\/"},"modified":"2023-11-13T19:59:37","modified_gmt":"2023-11-13T16:59:37","slug":"software-upgrade","status":"publish","type":"page","link":"https:\/\/procomteknoloji.com\/en\/sss\/software-upgrade\/","title":{"rendered":"Software Upgrade"},"content":{"rendered":"\t\t<div data-elementor-type=\"wp-page\" data-elementor-id=\"40028\" class=\"elementor elementor-40028 elementor-35283\">\n\t\t\t\t\t\t<section class=\"elementor-section elementor-top-section elementor-element elementor-element-b62303a elementor-section-boxed elementor-section-height-default elementor-section-height-default qodef-elementor-content-no\" data-id=\"b62303a\" data-element_type=\"section\">\n\t\t\t\t\t\t<div class=\"elementor-container elementor-column-gap-default\">\n\t\t\t\t\t<div class=\"elementor-column elementor-col-33 elementor-top-column elementor-element elementor-element-1d4bbac\" data-id=\"1d4bbac\" data-element_type=\"column\">\n\t\t\t<div class=\"elementor-widget-wrap elementor-element-populated\">\n\t\t\t\t\t\t<div class=\"elementor-element elementor-element-c79b89e elementor-widget elementor-widget-ucaddon_simple_list_menu\" data-id=\"c79b89e\" data-element_type=\"widget\" data-widget_type=\"ucaddon_simple_list_menu.default\">\n\t\t\t\t<div class=\"elementor-widget-container\">\n\t\t\t\t\t\n<!-- start List Menu -->\n\t\t<link id='font-awesome-css' href='https:\/\/procomteknoloji.com\/wp-content\/plugins\/unlimited-elements-for-elementor\/assets_libraries\/font-awesome6\/fontawesome-all.min.css' type='text\/css' rel='stylesheet' >\n\t\t<link id='font-awesome-4-shim-css' href='https:\/\/procomteknoloji.com\/wp-content\/plugins\/unlimited-elements-for-elementor\/assets_libraries\/font-awesome6\/fontawesome-v4-shims.min.css' type='text\/css' rel='stylesheet' >\n\n<style>\/* widget: List Menu *\/\n\n#uc_simple_list_menu_elementor_c79b89e\n{\n  text-align:left;\n}\n#uc_simple_list_menu_elementor_c79b89e ul\n{\n  padding:0;\n  list-style:none;\n  margin:0;\n}\n\n#uc_simple_list_menu_elementor_c79b89e ul li\n{\n  padding:0;\n  list-style:none;\n  margin:0;\n}\n\n#uc_simple_list_menu_elementor_c79b89e ul li.current_page_item\n{\n  background-color:#f2f2f2;\n}\n\n#uc_simple_list_menu_elementor_c79b89e ul ul li.current_page_item\n{\n  background-color:#FFFFFF;\n}\n\n#uc_simple_list_menu_elementor_c79b89e ul ul ul li.current_page_item\n{\n  background-color:#e6e6e6;\n}\n\n#uc_simple_list_menu_elementor_c79b89e ul li:last-child\n{\n  border-bottom:none;\n}\n\n#uc_simple_list_menu_elementor_c79b89e ul li a\n{\n  text-decoration:none;\n  display:block;\n}\n\n\n\n<\/style>\n\n<div id=\"uc_simple_list_menu_elementor_c79b89e\" class=\"simple_list_menu\">\n<ul id=\"menu-sss-menu-ingilizce\" class=\"uc-list-menu\"><li id=\"menu-item-39751\" class=\"menu-item menu-item-type-custom menu-item-object-custom menu-item-has-children menu-item-39751 qodef-menu-item--narrow\"><a href=\"#\"><span class=\"qodef-menu-item-label\">QUESTIONS ABOUT PRODUCTS<\/span><svg class=\"qodef-menu-item-arrow\" xmlns=\"http:\/\/www.w3.org\/2000\/svg\" xmlns:xlink=\"http:\/\/www.w3.org\/1999\/xlink\" width=\"32\" height=\"32\" viewBox=\"0 0 32 32\"><g><path d=\"M 13.8,24.196c 0.39,0.39, 1.024,0.39, 1.414,0l 6.486-6.486c 0.196-0.196, 0.294-0.454, 0.292-0.71 c0-0.258-0.096-0.514-0.292-0.71L 15.214,9.804c-0.39-0.39-1.024-0.39-1.414,0c-0.39,0.39-0.39,1.024,0,1.414L 19.582,17 L 13.8,22.782C 13.41,23.172, 13.41,23.806, 13.8,24.196z\"><\/path><\/g><\/svg><\/a>\n<ul class=\"sub-menu\">\n\t<li id=\"menu-item-40287\" class=\"menu-item menu-item-type-post_type menu-item-object-page menu-item-40287\"><a href=\"https:\/\/procomteknoloji.com\/en\/sss\/gvc3220\/\">GVC3220<\/a><\/li>\n\t<li id=\"menu-item-40288\" class=\"menu-item menu-item-type-post_type menu-item-object-page menu-item-40288\"><a href=\"https:\/\/procomteknoloji.com\/en\/sss\/grandstream-device-management-system\/\">Grandstream Device Management System<\/a><\/li>\n\t<li id=\"menu-item-40290\" class=\"menu-item menu-item-type-post_type menu-item-object-page menu-item-40290\"><a href=\"https:\/\/procomteknoloji.com\/en\/sss\/ucm6300-serisi-ip-pbx\/\">UCM6300 Series IP PBX<\/a><\/li>\n\t<li id=\"menu-item-40291\" class=\"menu-item menu-item-type-post_type menu-item-object-page menu-item-40291\"><a href=\"https:\/\/procomteknoloji.com\/en\/sss\/wp820-wifi\/\">WP820 Wifi<\/a><\/li>\n\t<li id=\"menu-item-40292\" class=\"menu-item menu-item-type-post_type menu-item-object-page menu-item-40292\"><a href=\"https:\/\/procomteknoloji.com\/en\/sss\/gvc3210\/\">GVC3210<\/a><\/li>\n\t<li id=\"menu-item-40293\" class=\"menu-item menu-item-type-post_type menu-item-object-page menu-item-40293\"><a href=\"https:\/\/procomteknoloji.com\/en\/sss\/gwn-series\/\">GWN Series<\/a><\/li>\n\t<li id=\"menu-item-40294\" class=\"menu-item menu-item-type-post_type menu-item-object-page menu-item-40294\"><a href=\"https:\/\/procomteknoloji.com\/en\/sss\/gac2500\/\">GAC2500<\/a><\/li>\n\t<li id=\"menu-item-40295\" class=\"menu-item menu-item-type-post_type menu-item-object-page menu-item-40295\"><a href=\"https:\/\/procomteknoloji.com\/en\/sss\/wave-lite\/\">Wave Lite<\/a><\/li>\n\t<li id=\"menu-item-40296\" class=\"menu-item menu-item-type-post_type menu-item-object-page menu-item-40296\"><a href=\"https:\/\/procomteknoloji.com\/en\/sss\/gvc3200-gvc3202\/\">GVC3200\/GVC3202<\/a><\/li>\n\t<li id=\"menu-item-40297\" class=\"menu-item menu-item-type-post_type menu-item-object-page menu-item-40297\"><a href=\"https:\/\/procomteknoloji.com\/en\/sss\/gxv3240-3275-ip-multimedia-phone\/\">GXV3240\/3275 IP Multimedia Phones<\/a><\/li>\n\t<li id=\"menu-item-40298\" class=\"menu-item menu-item-type-post_type menu-item-object-page menu-item-40298\"><a href=\"https:\/\/procomteknoloji.com\/en\/sss\/gxp2130-2140-2160-ip-phone\/\">GXP2130\/2140\/2160 IP Phone<\/a><\/li>\n\t<li id=\"menu-item-40299\" class=\"menu-item menu-item-type-post_type menu-item-object-page menu-item-40299\"><a href=\"https:\/\/procomteknoloji.com\/en\/sss\/dp720-750-series\/\">DP720\/750 Series<\/a><\/li>\n\t<li id=\"menu-item-40300\" class=\"menu-item menu-item-type-post_type menu-item-object-page menu-item-40300\"><a href=\"https:\/\/procomteknoloji.com\/en\/sss\/gxp-business-phone-series\/\">GXP Business Phone Series<\/a><\/li>\n\t<li id=\"menu-item-40301\" class=\"menu-item menu-item-type-post_type menu-item-object-page menu-item-40301\"><a href=\"https:\/\/procomteknoloji.com\/en\/sss\/gxw-ip-analog-gateway-series\/\">GXW IP Analog Gateway Series<\/a><\/li>\n<\/ul>\n<\/li>\n<li id=\"menu-item-40440\" class=\"menu-item menu-item-type-post_type menu-item-object-page menu-item-40440\"><a href=\"https:\/\/procomteknoloji.com\/en\/products\/conference-solutions\/video-conferencing\/\"><span class=\"qodef-menu-item-label\">Video Conference<\/span><\/a><\/li>\n<li id=\"menu-item-39752\" class=\"menu-item menu-item-type-custom menu-item-object-custom menu-item-has-children menu-item-39752 qodef-menu-item--narrow\"><a href=\"#\"><span class=\"qodef-menu-item-label\">COMMON QUESTIONS<\/span><svg class=\"qodef-menu-item-arrow\" xmlns=\"http:\/\/www.w3.org\/2000\/svg\" xmlns:xlink=\"http:\/\/www.w3.org\/1999\/xlink\" width=\"32\" height=\"32\" viewBox=\"0 0 32 32\"><g><path d=\"M 13.8,24.196c 0.39,0.39, 1.024,0.39, 1.414,0l 6.486-6.486c 0.196-0.196, 0.294-0.454, 0.292-0.71 c0-0.258-0.096-0.514-0.292-0.71L 15.214,9.804c-0.39-0.39-1.024-0.39-1.414,0c-0.39,0.39-0.39,1.024,0,1.414L 19.582,17 L 13.8,22.782C 13.41,23.172, 13.41,23.806, 13.8,24.196z\"><\/path><\/g><\/svg><\/a>\n<ul class=\"sub-menu\">\n\t<li id=\"menu-item-40302\" class=\"menu-item menu-item-type-post_type menu-item-object-page menu-item-40302\"><a href=\"https:\/\/procomteknoloji.com\/en\/sss\/informative\/\">Informative<\/a><\/li>\n\t<li id=\"menu-item-40303\" class=\"menu-item menu-item-type-post_type menu-item-object-page menu-item-40303\"><a href=\"https:\/\/procomteknoloji.com\/en\/sss\/software-upgrade\/\">Software Upgrade<\/a><\/li>\n\t<li id=\"menu-item-40304\" class=\"menu-item menu-item-type-post_type menu-item-object-page menu-item-40304\"><a href=\"https:\/\/procomteknoloji.com\/en\/sss\/video-voice-speech-codecs\/\">Video\/Voice\/Speech Codecs<\/a><\/li>\n\t<li id=\"menu-item-40305\" class=\"menu-item menu-item-type-post_type menu-item-object-page menu-item-40305\"><a href=\"https:\/\/procomteknoloji.com\/en\/sss\/custom-ringtone-faq\/\">Custom Ringtone FAQ<\/a><\/li>\n\t<li id=\"menu-item-40306\" class=\"menu-item menu-item-type-post_type menu-item-object-page menu-item-40306\"><a href=\"https:\/\/procomteknoloji.com\/en\/sss\/general-configuration-questions\/\">General Configuration Questions<\/a><\/li>\n<\/ul>\n<\/li>\n<li id=\"menu-item-39753\" class=\"menu-item menu-item-type-custom menu-item-object-custom menu-item-has-children menu-item-39753 qodef-menu-item--narrow\"><a href=\"#\"><span class=\"qodef-menu-item-label\">COOPERABILITY<\/span><svg class=\"qodef-menu-item-arrow\" xmlns=\"http:\/\/www.w3.org\/2000\/svg\" xmlns:xlink=\"http:\/\/www.w3.org\/1999\/xlink\" width=\"32\" height=\"32\" viewBox=\"0 0 32 32\"><g><path d=\"M 13.8,24.196c 0.39,0.39, 1.024,0.39, 1.414,0l 6.486-6.486c 0.196-0.196, 0.294-0.454, 0.292-0.71 c0-0.258-0.096-0.514-0.292-0.71L 15.214,9.804c-0.39-0.39-1.024-0.39-1.414,0c-0.39,0.39-0.39,1.024,0,1.414L 19.582,17 L 13.8,22.782C 13.41,23.172, 13.41,23.806, 13.8,24.196z\"><\/path><\/g><\/svg><\/a>\n<ul class=\"sub-menu\">\n\t<li id=\"menu-item-40307\" class=\"menu-item menu-item-type-post_type menu-item-object-page menu-item-40307\"><a href=\"https:\/\/procomteknoloji.com\/en\/sss\/interoperability-questions\/\">Interoperability Questions<\/a><\/li>\n\t<li id=\"menu-item-40308\" class=\"menu-item menu-item-type-post_type menu-item-object-page menu-item-40308\"><a href=\"https:\/\/procomteknoloji.com\/en\/sss\/open-source-configuration\/\">Open Source Configuration<\/a><\/li>\n<\/ul>\n<\/li>\n<li id=\"menu-item-39754\" class=\"menu-item menu-item-type-custom menu-item-object-custom menu-item-has-children menu-item-39754 qodef-menu-item--narrow\"><a href=\"#\"><span class=\"qodef-menu-item-label\">PROVISIONING<\/span><svg class=\"qodef-menu-item-arrow\" xmlns=\"http:\/\/www.w3.org\/2000\/svg\" xmlns:xlink=\"http:\/\/www.w3.org\/1999\/xlink\" width=\"32\" height=\"32\" viewBox=\"0 0 32 32\"><g><path d=\"M 13.8,24.196c 0.39,0.39, 1.024,0.39, 1.414,0l 6.486-6.486c 0.196-0.196, 0.294-0.454, 0.292-0.71 c0-0.258-0.096-0.514-0.292-0.71L 15.214,9.804c-0.39-0.39-1.024-0.39-1.414,0c-0.39,0.39-0.39,1.024,0,1.414L 19.582,17 L 13.8,22.782C 13.41,23.172, 13.41,23.806, 13.8,24.196z\"><\/path><\/g><\/svg><\/a>\n<ul class=\"sub-menu\">\n\t<li id=\"menu-item-40309\" class=\"menu-item menu-item-type-post_type menu-item-object-page menu-item-40309\"><a href=\"https:\/\/procomteknoloji.com\/en\/sss\/device-provisioning\/\">Device Provisioning<\/a><\/li>\n<\/ul>\n<\/li>\n<li id=\"menu-item-39755\" class=\"menu-item menu-item-type-custom menu-item-object-custom menu-item-has-children menu-item-39755 qodef-menu-item--narrow\"><a href=\"#\"><span class=\"qodef-menu-item-label\">TROUBLESHOOTING<\/span><svg class=\"qodef-menu-item-arrow\" xmlns=\"http:\/\/www.w3.org\/2000\/svg\" xmlns:xlink=\"http:\/\/www.w3.org\/1999\/xlink\" width=\"32\" height=\"32\" viewBox=\"0 0 32 32\"><g><path d=\"M 13.8,24.196c 0.39,0.39, 1.024,0.39, 1.414,0l 6.486-6.486c 0.196-0.196, 0.294-0.454, 0.292-0.71 c0-0.258-0.096-0.514-0.292-0.71L 15.214,9.804c-0.39-0.39-1.024-0.39-1.414,0c-0.39,0.39-0.39,1.024,0,1.414L 19.582,17 L 13.8,22.782C 13.41,23.172, 13.41,23.806, 13.8,24.196z\"><\/path><\/g><\/svg><\/a>\n<ul class=\"sub-menu\">\n\t<li id=\"menu-item-40310\" class=\"menu-item menu-item-type-post_type menu-item-object-page menu-item-40310\"><a href=\"https:\/\/procomteknoloji.com\/en\/sss\/troubleshooting-questions\/\">Troubleshooting Questions<\/a><\/li>\n<\/ul>\n<\/li>\n<\/ul>\n<\/div>\n<!-- end List Menu -->\t\t\t\t<\/div>\n\t\t\t\t<\/div>\n\t\t\t\t\t<\/div>\n\t\t<\/div>\n\t\t\t\t<div class=\"elementor-column elementor-col-66 elementor-top-column elementor-element elementor-element-71f828a\" data-id=\"71f828a\" data-element_type=\"column\">\n\t\t\t<div class=\"elementor-widget-wrap elementor-element-populated\">\n\t\t\t\t\t\t<div class=\"elementor-element elementor-element-577cbfe elementor-widget elementor-widget-text-editor\" data-id=\"577cbfe\" data-element_type=\"widget\" data-widget_type=\"text-editor.default\">\n\t\t\t\t<div class=\"elementor-widget-container\">\n\t\t\t\t\t\t\t\t\t<h2>How can I direct my device to an HTTP\/TFTP Server?<\/h2>\n<p>There are two ways to set up an HTTP\/TFTP server. Use the device&#8217;s web configuration page. Log in to the advanced settings page of your unit&#8217;s web configuration pages. Under the Advanced Settings, you will find the Firmware Server Path field. Enter the IP Address or server path here. Use the phone keypad. For BudgeTone phones: Press the menu button and scroll down to item 6, press the menu button again to enter &#8220;Edit&#8221; mode. If the displayed TFTP server IP is not the one you want, enter the entire 12 digits of your TFTP server&#8217;s IP address. For example, if your TFTP server is 192.168.1.100, enter 192168001100. For GXP2000\/GXV3000 phones: Press the MENU button, go to Configuration -&gt; Upgrade to enter the Firmware Server information. For ATAs: Remove the receiver, press ***, press 13, enter the Hardware Firmware Upgrade Server&#8217;s IP Address in 12-digit format, for example, 168075215189. Use option 15 to select the upgrade protocol (TFTP or HTTP). Can you explain the simplest way to update firmware in a local environment?<\/p>\n<p>Download the latest firmware from the website provided in the Firmware Download address.<br>Open the firmware file and place it all in the root directory of the TFTP server. If you don&#8217;t have one, you can download a free one.<br>For Windows version TFTP server, available at&nbsp;<a href=\"http:\/\/www.solarwinds.com\/downloads\/\" target=\"_blank\">http:\/\/www.solarwinds.com\/downloads\/<\/a><br>Change the default setting of the tftp server from &#8220;Alone Read&#8221; to &#8220;Transmission Only.&#8221;<br>Place the computer and the larger stream product on the same LAN segment to perform the upgrade. For instance, under the same home router. In the configuration page of the Grandstream device, change the TFTP server&#8217;s IP address to the IP of the computer it&#8217;s running on, then click &#8220;update&#8221; to save the changes.<br>Turn off and turn on the unit.<br>Make sure the TFTP server is on the WAN side of the box (if you have a WAN interface like ATA486\/496) and ignore the two missing cfg.txt configuration files.<\/p>\n<p>If you don&#8217;t have a DHCP server\/router in your LAN and you are using a static IP, you need to set the gateway to be the broadcast address of the LAN segment where your devices are connected (e.g., independent hub or switch).<\/p>\n<h2>What precautions should I take before upgrading?<\/h2>\n<p>Firmware upgrade is a simple but critical procedure. If done incorrectly, it can damage the unit. Our website provides a list of instructions and warnings that should be carefully read before attempting an upgrade. You can find this information here (enter your product reference to get all the required documents).<\/p>\n<h2>Where can I find the Hardware Firmware Version of my Grandstream device?<\/h2>\n<p>Depending on the product, there are two ways to view your unit&#8217;s hardware firmware version:<\/p>\n<p>For ALL Grandstream devices:<br>The firmware version will be displayed at the top of the Status web configuration page in a format similar to this:<\/p>\n<p>Software Version: Program\u20131.0.X.X Bootloader\u20131.0.X.X HTML\u20131.0.X.X<br>The number series next to &#8220;Program&#8221; indicates the unit&#8217;s software version.<\/p>\n<p>For BudgeTone Series Phones:<br>Press the &#8220;menu&#8221; button.<br>Press the up arrow button 3 times to reach item 9, &#8220;code rEL.&#8221;<br>Press the &#8220;menu&#8221; button again to view &#8220;codeE rEL.&#8221;<br>Use the up or down arrow button to view the &#8220;B (bootloader)&#8221; and &#8220;P (program)&#8221; code date and version.<\/p>\n<p>For GXP21xx\/GXP14xx\/GXP116x\/GXP2000\/GXV3000:<br>Press the MENU button.<br>Scroll to Status and press MENU again to select.<br>Scroll to Boot and Prog. Use the up or down arrow button to see the code date and version of Prog, which is the manufacturer&#8217;s firmware version.<\/p>\t\t\t\t\t\t\t\t<\/div>\n\t\t\t\t<\/div>\n\t\t\t\t\t<\/div>\n\t\t<\/div>\n\t\t\t\t\t<\/div>\n\t\t<\/section>\n\t\t\t\t<\/div>\n\t\t","protected":false},"excerpt":{"rendered":"<p>About us Akademi Ana Sayfa Ana Sayfa New Blog-eski Brands Contact Us Destek DUYURULAR E-Katalog Gizlilik Politikas\u0131 GrandStream UCM6510 IP PBX Haberler Haberler HAKKIMIZDA yedek2 Hakk\u0131m\u0131zda M Hesab\u0131m \u0130leti\u015fim \u0130leti\u015fim-eski IP PBXs IPVideoTalk Servisi Main Home MARKALAR yedek Neat Bar Neat Bar Neat Bar Pro Neat Board Neat Frame Neat Pad \u00d6deme \u00d6rnek sayfa Procom [&hellip;]<\/p>\n","protected":false},"author":1,"featured_media":0,"parent":40044,"menu_order":0,"comment_status":"closed","ping_status":"closed","template":"","meta":{"inline_featured_image":false,"footnotes":""},"class_list":["post-40028","page","type-page","status-publish","hentry"],"aioseo_notices":[],"_links":{"self":[{"href":"https:\/\/procomteknoloji.com\/en\/wp-json\/wp\/v2\/pages\/40028","targetHints":{"allow":["GET"]}}],"collection":[{"href":"https:\/\/procomteknoloji.com\/en\/wp-json\/wp\/v2\/pages"}],"about":[{"href":"https:\/\/procomteknoloji.com\/en\/wp-json\/wp\/v2\/types\/page"}],"author":[{"embeddable":true,"href":"https:\/\/procomteknoloji.com\/en\/wp-json\/wp\/v2\/users\/1"}],"replies":[{"embeddable":true,"href":"https:\/\/procomteknoloji.com\/en\/wp-json\/wp\/v2\/comments?post=40028"}],"version-history":[{"count":4,"href":"https:\/\/procomteknoloji.com\/en\/wp-json\/wp\/v2\/pages\/40028\/revisions"}],"predecessor-version":[{"id":40136,"href":"https:\/\/procomteknoloji.com\/en\/wp-json\/wp\/v2\/pages\/40028\/revisions\/40136"}],"up":[{"embeddable":true,"href":"https:\/\/procomteknoloji.com\/en\/wp-json\/wp\/v2\/pages\/40044"}],"wp:attachment":[{"href":"https:\/\/procomteknoloji.com\/en\/wp-json\/wp\/v2\/media?parent=40028"}],"curies":[{"name":"wp","href":"https:\/\/api.w.org\/{rel}","templated":true}]}}