{"id":40025,"date":"2023-04-19T01:36:16","date_gmt":"2023-04-18T22:36:16","guid":{"rendered":"https:\/\/procomteknoloji.com\/ozel-zil-sesi-sss\/"},"modified":"2023-11-13T19:07:37","modified_gmt":"2023-11-13T16:07:37","slug":"custom-ringtone-faq","status":"publish","type":"page","link":"https:\/\/procomteknoloji.com\/en\/sss\/custom-ringtone-faq\/","title":{"rendered":"Custom Ringtone FAQ"},"content":{"rendered":"\t\t<div data-elementor-type=\"wp-page\" data-elementor-id=\"40025\" class=\"elementor elementor-40025 elementor-35285\">\n\t\t\t\t\t\t<section class=\"elementor-section elementor-top-section elementor-element elementor-element-b62303a elementor-section-boxed elementor-section-height-default elementor-section-height-default qodef-elementor-content-no\" data-id=\"b62303a\" data-element_type=\"section\">\n\t\t\t\t\t\t<div class=\"elementor-container elementor-column-gap-default\">\n\t\t\t\t\t<div class=\"elementor-column elementor-col-33 elementor-top-column elementor-element elementor-element-1d4bbac\" data-id=\"1d4bbac\" data-element_type=\"column\">\n\t\t\t<div class=\"elementor-widget-wrap elementor-element-populated\">\n\t\t\t\t\t\t<div class=\"elementor-element elementor-element-c79b89e elementor-widget elementor-widget-ucaddon_simple_list_menu\" data-id=\"c79b89e\" data-element_type=\"widget\" data-widget_type=\"ucaddon_simple_list_menu.default\">\n\t\t\t\t<div class=\"elementor-widget-container\">\n\t\t\t\t\t\n<!-- start List Menu -->\n\t\t<link id='font-awesome-css' href='https:\/\/procomteknoloji.com\/wp-content\/plugins\/unlimited-elements-for-elementor\/assets_libraries\/font-awesome6\/fontawesome-all.min.css' type='text\/css' rel='stylesheet' >\n\t\t<link id='font-awesome-4-shim-css' href='https:\/\/procomteknoloji.com\/wp-content\/plugins\/unlimited-elements-for-elementor\/assets_libraries\/font-awesome6\/fontawesome-v4-shims.min.css' type='text\/css' rel='stylesheet' >\n\n<style>\/* widget: List Menu *\/\n\n#uc_simple_list_menu_elementor_c79b89e\n{\n  text-align:left;\n}\n#uc_simple_list_menu_elementor_c79b89e ul\n{\n  padding:0;\n  list-style:none;\n  margin:0;\n}\n\n#uc_simple_list_menu_elementor_c79b89e ul li\n{\n  padding:0;\n  list-style:none;\n  margin:0;\n}\n\n#uc_simple_list_menu_elementor_c79b89e ul li.current_page_item\n{\n  background-color:#f2f2f2;\n}\n\n#uc_simple_list_menu_elementor_c79b89e ul ul li.current_page_item\n{\n  background-color:#FFFFFF;\n}\n\n#uc_simple_list_menu_elementor_c79b89e ul ul ul li.current_page_item\n{\n  background-color:#e6e6e6;\n}\n\n#uc_simple_list_menu_elementor_c79b89e ul li:last-child\n{\n  border-bottom:none;\n}\n\n#uc_simple_list_menu_elementor_c79b89e ul li a\n{\n  text-decoration:none;\n  display:block;\n}\n\n\n\n<\/style>\n\n<div id=\"uc_simple_list_menu_elementor_c79b89e\" class=\"simple_list_menu\">\n<ul id=\"menu-sss-menu-ingilizce\" class=\"uc-list-menu\"><li id=\"menu-item-39751\" class=\"menu-item menu-item-type-custom menu-item-object-custom menu-item-has-children menu-item-39751 qodef-menu-item--narrow\"><a href=\"#\"><span class=\"qodef-menu-item-label\">QUESTIONS ABOUT PRODUCTS<\/span><svg class=\"qodef-menu-item-arrow\" xmlns=\"http:\/\/www.w3.org\/2000\/svg\" xmlns:xlink=\"http:\/\/www.w3.org\/1999\/xlink\" width=\"32\" height=\"32\" viewBox=\"0 0 32 32\"><g><path d=\"M 13.8,24.196c 0.39,0.39, 1.024,0.39, 1.414,0l 6.486-6.486c 0.196-0.196, 0.294-0.454, 0.292-0.71 c0-0.258-0.096-0.514-0.292-0.71L 15.214,9.804c-0.39-0.39-1.024-0.39-1.414,0c-0.39,0.39-0.39,1.024,0,1.414L 19.582,17 L 13.8,22.782C 13.41,23.172, 13.41,23.806, 13.8,24.196z\"><\/path><\/g><\/svg><\/a>\n<ul class=\"sub-menu\">\n\t<li id=\"menu-item-40287\" class=\"menu-item menu-item-type-post_type menu-item-object-page menu-item-40287\"><a href=\"https:\/\/procomteknoloji.com\/en\/sss\/gvc3220\/\">GVC3220<\/a><\/li>\n\t<li id=\"menu-item-40288\" class=\"menu-item menu-item-type-post_type menu-item-object-page menu-item-40288\"><a href=\"https:\/\/procomteknoloji.com\/en\/sss\/grandstream-device-management-system\/\">Grandstream Device Management System<\/a><\/li>\n\t<li id=\"menu-item-40290\" class=\"menu-item menu-item-type-post_type menu-item-object-page menu-item-40290\"><a href=\"https:\/\/procomteknoloji.com\/en\/sss\/ucm6300-serisi-ip-pbx\/\">UCM6300 Series IP PBX<\/a><\/li>\n\t<li id=\"menu-item-40291\" class=\"menu-item menu-item-type-post_type menu-item-object-page menu-item-40291\"><a href=\"https:\/\/procomteknoloji.com\/en\/sss\/wp820-wifi\/\">WP820 Wifi<\/a><\/li>\n\t<li id=\"menu-item-40292\" class=\"menu-item menu-item-type-post_type menu-item-object-page menu-item-40292\"><a href=\"https:\/\/procomteknoloji.com\/en\/sss\/gvc3210\/\">GVC3210<\/a><\/li>\n\t<li id=\"menu-item-40293\" class=\"menu-item menu-item-type-post_type menu-item-object-page menu-item-40293\"><a href=\"https:\/\/procomteknoloji.com\/en\/sss\/gwn-series\/\">GWN Series<\/a><\/li>\n\t<li id=\"menu-item-40294\" class=\"menu-item menu-item-type-post_type menu-item-object-page menu-item-40294\"><a href=\"https:\/\/procomteknoloji.com\/en\/sss\/gac2500\/\">GAC2500<\/a><\/li>\n\t<li id=\"menu-item-40295\" class=\"menu-item menu-item-type-post_type menu-item-object-page menu-item-40295\"><a href=\"https:\/\/procomteknoloji.com\/en\/sss\/wave-lite\/\">Wave Lite<\/a><\/li>\n\t<li id=\"menu-item-40296\" class=\"menu-item menu-item-type-post_type menu-item-object-page menu-item-40296\"><a href=\"https:\/\/procomteknoloji.com\/en\/sss\/gvc3200-gvc3202\/\">GVC3200\/GVC3202<\/a><\/li>\n\t<li id=\"menu-item-40297\" class=\"menu-item menu-item-type-post_type menu-item-object-page menu-item-40297\"><a href=\"https:\/\/procomteknoloji.com\/en\/sss\/gxv3240-3275-ip-multimedia-phone\/\">GXV3240\/3275 IP Multimedia Phones<\/a><\/li>\n\t<li id=\"menu-item-40298\" class=\"menu-item menu-item-type-post_type menu-item-object-page menu-item-40298\"><a href=\"https:\/\/procomteknoloji.com\/en\/sss\/gxp2130-2140-2160-ip-phone\/\">GXP2130\/2140\/2160 IP Phone<\/a><\/li>\n\t<li id=\"menu-item-40299\" class=\"menu-item menu-item-type-post_type menu-item-object-page menu-item-40299\"><a href=\"https:\/\/procomteknoloji.com\/en\/sss\/dp720-750-series\/\">DP720\/750 Series<\/a><\/li>\n\t<li id=\"menu-item-40300\" class=\"menu-item menu-item-type-post_type menu-item-object-page menu-item-40300\"><a href=\"https:\/\/procomteknoloji.com\/en\/sss\/gxp-business-phone-series\/\">GXP Business Phone Series<\/a><\/li>\n\t<li id=\"menu-item-40301\" class=\"menu-item menu-item-type-post_type menu-item-object-page menu-item-40301\"><a href=\"https:\/\/procomteknoloji.com\/en\/sss\/gxw-ip-analog-gateway-series\/\">GXW IP Analog Gateway Series<\/a><\/li>\n<\/ul>\n<\/li>\n<li id=\"menu-item-40440\" class=\"menu-item menu-item-type-post_type menu-item-object-page menu-item-40440\"><a href=\"https:\/\/procomteknoloji.com\/en\/products\/conference-solutions\/video-conferencing\/\"><span class=\"qodef-menu-item-label\">Video Conference<\/span><\/a><\/li>\n<li id=\"menu-item-39752\" class=\"menu-item menu-item-type-custom menu-item-object-custom menu-item-has-children menu-item-39752 qodef-menu-item--narrow\"><a href=\"#\"><span class=\"qodef-menu-item-label\">COMMON QUESTIONS<\/span><svg class=\"qodef-menu-item-arrow\" xmlns=\"http:\/\/www.w3.org\/2000\/svg\" xmlns:xlink=\"http:\/\/www.w3.org\/1999\/xlink\" width=\"32\" height=\"32\" viewBox=\"0 0 32 32\"><g><path d=\"M 13.8,24.196c 0.39,0.39, 1.024,0.39, 1.414,0l 6.486-6.486c 0.196-0.196, 0.294-0.454, 0.292-0.71 c0-0.258-0.096-0.514-0.292-0.71L 15.214,9.804c-0.39-0.39-1.024-0.39-1.414,0c-0.39,0.39-0.39,1.024,0,1.414L 19.582,17 L 13.8,22.782C 13.41,23.172, 13.41,23.806, 13.8,24.196z\"><\/path><\/g><\/svg><\/a>\n<ul class=\"sub-menu\">\n\t<li id=\"menu-item-40302\" class=\"menu-item menu-item-type-post_type menu-item-object-page menu-item-40302\"><a href=\"https:\/\/procomteknoloji.com\/en\/sss\/informative\/\">Informative<\/a><\/li>\n\t<li id=\"menu-item-40303\" class=\"menu-item menu-item-type-post_type menu-item-object-page menu-item-40303\"><a href=\"https:\/\/procomteknoloji.com\/en\/sss\/software-upgrade\/\">Software Upgrade<\/a><\/li>\n\t<li id=\"menu-item-40304\" class=\"menu-item menu-item-type-post_type menu-item-object-page menu-item-40304\"><a href=\"https:\/\/procomteknoloji.com\/en\/sss\/video-voice-speech-codecs\/\">Video\/Voice\/Speech Codecs<\/a><\/li>\n\t<li id=\"menu-item-40305\" class=\"menu-item menu-item-type-post_type menu-item-object-page menu-item-40305\"><a href=\"https:\/\/procomteknoloji.com\/en\/sss\/custom-ringtone-faq\/\">Custom Ringtone FAQ<\/a><\/li>\n\t<li id=\"menu-item-40306\" class=\"menu-item menu-item-type-post_type menu-item-object-page menu-item-40306\"><a href=\"https:\/\/procomteknoloji.com\/en\/sss\/general-configuration-questions\/\">General Configuration Questions<\/a><\/li>\n<\/ul>\n<\/li>\n<li id=\"menu-item-39753\" class=\"menu-item menu-item-type-custom menu-item-object-custom menu-item-has-children menu-item-39753 qodef-menu-item--narrow\"><a href=\"#\"><span class=\"qodef-menu-item-label\">COOPERABILITY<\/span><svg class=\"qodef-menu-item-arrow\" xmlns=\"http:\/\/www.w3.org\/2000\/svg\" xmlns:xlink=\"http:\/\/www.w3.org\/1999\/xlink\" width=\"32\" height=\"32\" viewBox=\"0 0 32 32\"><g><path d=\"M 13.8,24.196c 0.39,0.39, 1.024,0.39, 1.414,0l 6.486-6.486c 0.196-0.196, 0.294-0.454, 0.292-0.71 c0-0.258-0.096-0.514-0.292-0.71L 15.214,9.804c-0.39-0.39-1.024-0.39-1.414,0c-0.39,0.39-0.39,1.024,0,1.414L 19.582,17 L 13.8,22.782C 13.41,23.172, 13.41,23.806, 13.8,24.196z\"><\/path><\/g><\/svg><\/a>\n<ul class=\"sub-menu\">\n\t<li id=\"menu-item-40307\" class=\"menu-item menu-item-type-post_type menu-item-object-page menu-item-40307\"><a href=\"https:\/\/procomteknoloji.com\/en\/sss\/interoperability-questions\/\">Interoperability Questions<\/a><\/li>\n\t<li id=\"menu-item-40308\" class=\"menu-item menu-item-type-post_type menu-item-object-page menu-item-40308\"><a href=\"https:\/\/procomteknoloji.com\/en\/sss\/open-source-configuration\/\">Open Source Configuration<\/a><\/li>\n<\/ul>\n<\/li>\n<li id=\"menu-item-39754\" class=\"menu-item menu-item-type-custom menu-item-object-custom menu-item-has-children menu-item-39754 qodef-menu-item--narrow\"><a href=\"#\"><span class=\"qodef-menu-item-label\">PROVISIONING<\/span><svg class=\"qodef-menu-item-arrow\" xmlns=\"http:\/\/www.w3.org\/2000\/svg\" xmlns:xlink=\"http:\/\/www.w3.org\/1999\/xlink\" width=\"32\" height=\"32\" viewBox=\"0 0 32 32\"><g><path d=\"M 13.8,24.196c 0.39,0.39, 1.024,0.39, 1.414,0l 6.486-6.486c 0.196-0.196, 0.294-0.454, 0.292-0.71 c0-0.258-0.096-0.514-0.292-0.71L 15.214,9.804c-0.39-0.39-1.024-0.39-1.414,0c-0.39,0.39-0.39,1.024,0,1.414L 19.582,17 L 13.8,22.782C 13.41,23.172, 13.41,23.806, 13.8,24.196z\"><\/path><\/g><\/svg><\/a>\n<ul class=\"sub-menu\">\n\t<li id=\"menu-item-40309\" class=\"menu-item menu-item-type-post_type menu-item-object-page menu-item-40309\"><a href=\"https:\/\/procomteknoloji.com\/en\/sss\/device-provisioning\/\">Device Provisioning<\/a><\/li>\n<\/ul>\n<\/li>\n<li id=\"menu-item-39755\" class=\"menu-item menu-item-type-custom menu-item-object-custom menu-item-has-children menu-item-39755 qodef-menu-item--narrow\"><a href=\"#\"><span class=\"qodef-menu-item-label\">TROUBLESHOOTING<\/span><svg class=\"qodef-menu-item-arrow\" xmlns=\"http:\/\/www.w3.org\/2000\/svg\" xmlns:xlink=\"http:\/\/www.w3.org\/1999\/xlink\" width=\"32\" height=\"32\" viewBox=\"0 0 32 32\"><g><path d=\"M 13.8,24.196c 0.39,0.39, 1.024,0.39, 1.414,0l 6.486-6.486c 0.196-0.196, 0.294-0.454, 0.292-0.71 c0-0.258-0.096-0.514-0.292-0.71L 15.214,9.804c-0.39-0.39-1.024-0.39-1.414,0c-0.39,0.39-0.39,1.024,0,1.414L 19.582,17 L 13.8,22.782C 13.41,23.172, 13.41,23.806, 13.8,24.196z\"><\/path><\/g><\/svg><\/a>\n<ul class=\"sub-menu\">\n\t<li id=\"menu-item-40310\" class=\"menu-item menu-item-type-post_type menu-item-object-page menu-item-40310\"><a href=\"https:\/\/procomteknoloji.com\/en\/sss\/troubleshooting-questions\/\">Troubleshooting Questions<\/a><\/li>\n<\/ul>\n<\/li>\n<\/ul>\n<\/div>\n<!-- end List Menu -->\t\t\t\t<\/div>\n\t\t\t\t<\/div>\n\t\t\t\t\t<\/div>\n\t\t<\/div>\n\t\t\t\t<div class=\"elementor-column elementor-col-66 elementor-top-column elementor-element elementor-element-71f828a\" data-id=\"71f828a\" data-element_type=\"column\">\n\t\t\t<div class=\"elementor-widget-wrap elementor-element-populated\">\n\t\t\t\t\t\t<div class=\"elementor-element elementor-element-577cbfe elementor-widget elementor-widget-text-editor\" data-id=\"577cbfe\" data-element_type=\"widget\" data-widget_type=\"text-editor.default\">\n\t\t\t\t<div class=\"elementor-widget-container\">\n\t\t\t\t\t\t\t\t\t<h2>I&#8217;m experiencing an error like: &#8220;Unknown output file format for &#8216;ring1.ring&#8217;: unknown file type &#8216;ring&#8217;.&#8221;<\/h2>\n<p>Rename sox.solaris to sox<br>Execute the command as follows: .\/sox xxx.mp3 ring1.ring<br>How can I load Ringtones onto my Grandstream phone?<\/p>\n<p><h2>Linux Version:<\/h2>Since our phones will only use the format created by our tools, please use the provided Linux link. The usage of the tool is detailed in the README file. Note that only .wav files can be converted. If you have .mp3 files, they need to be converted to the .wav file format. You can find free online conversion tools. Each ringtone file cannot be larger than 100KB. We recommend each being less than 70KB. The BT100 phone can only have two ringtone files, and the GXP2000 can have 3 ringtone files.<\/p>\n<p><h2>Windows Version:<\/h2><h2>Please use the provided Windows link here. There are 8 steps to follow using the Ringtone Generator:<\/h2><\/p>\n<p>Load the ringtones onto a computer.<br>Save the file as a .wav file.<br>Choose the appropriate ringtone generator.<br>Open the .exe file and then select the ringtone file from your files (double click).<br>Click &#8220;Create Ringtone File.&#8221; A .bin file will be created in the folder with the .wav file.<br>Place the ring1\/ring2\/ring3.bin file under the HTTP\/TFTP server.<br>Enter the HTTP\/TFTP server IP address into the &#8220;Product Software Server Path&#8221; in the Advanced Settings page of the web user interface.<br>Just like when we do a firmware upgrade,<br>Click UPDATE and then REBOOT the device.<br>Afterward, the phone will connect to the HTTP\/TFTP server and retrieve the ringtone file. Once the phone has downloaded the file, you can change the ringtone using the keypad or web UI. The configuration tool does not support .mp3 files.<\/p><p><h2>Where can I download the Ringtone Generation Tool?<\/h2><\/p>\n<p>You can find the links to download the Linux version tool and the new Windows version Ringtone Generation tool below.<\/p>\n<p>Ringtone Generator for Windows<br>Ringtone Generator for Linux<\/p>\n<h2>Where can I download the Sample Ringtone Package?<\/h2>\n<p>Users can download the sample ringtone package from the link HERE. Follow the instructions (steps 6-8) to load the sample ringtone onto the phone.<\/p>\t\t\t\t\t\t\t\t<\/div>\n\t\t\t\t<\/div>\n\t\t\t\t\t<\/div>\n\t\t<\/div>\n\t\t\t\t\t<\/div>\n\t\t<\/section>\n\t\t\t\t<\/div>\n\t\t","protected":false},"excerpt":{"rendered":"<p>About us Akademi Ana Sayfa Ana Sayfa New Blog-eski Brands Contact Us Destek DUYURULAR E-Katalog Gizlilik Politikas\u0131 GrandStream UCM6510 IP PBX Haberler Haberler HAKKIMIZDA yedek2 Hakk\u0131m\u0131zda M Hesab\u0131m \u0130leti\u015fim \u0130leti\u015fim-eski IP PBXs IPVideoTalk Servisi Main Home MARKALAR yedek Neat Bar Neat Bar Neat Bar Pro Neat Board Neat Frame Neat Pad \u00d6deme \u00d6rnek sayfa Procom [&hellip;]<\/p>\n","protected":false},"author":1,"featured_media":0,"parent":40044,"menu_order":0,"comment_status":"closed","ping_status":"closed","template":"","meta":{"inline_featured_image":false,"footnotes":""},"class_list":["post-40025","page","type-page","status-publish","hentry"],"aioseo_notices":[],"_links":{"self":[{"href":"https:\/\/procomteknoloji.com\/en\/wp-json\/wp\/v2\/pages\/40025","targetHints":{"allow":["GET"]}}],"collection":[{"href":"https:\/\/procomteknoloji.com\/en\/wp-json\/wp\/v2\/pages"}],"about":[{"href":"https:\/\/procomteknoloji.com\/en\/wp-json\/wp\/v2\/types\/page"}],"author":[{"embeddable":true,"href":"https:\/\/procomteknoloji.com\/en\/wp-json\/wp\/v2\/users\/1"}],"replies":[{"embeddable":true,"href":"https:\/\/procomteknoloji.com\/en\/wp-json\/wp\/v2\/comments?post=40025"}],"version-history":[{"count":4,"href":"https:\/\/procomteknoloji.com\/en\/wp-json\/wp\/v2\/pages\/40025\/revisions"}],"predecessor-version":[{"id":40125,"href":"https:\/\/procomteknoloji.com\/en\/wp-json\/wp\/v2\/pages\/40025\/revisions\/40125"}],"up":[{"embeddable":true,"href":"https:\/\/procomteknoloji.com\/en\/wp-json\/wp\/v2\/pages\/40044"}],"wp:attachment":[{"href":"https:\/\/procomteknoloji.com\/en\/wp-json\/wp\/v2\/media?parent=40025"}],"curies":[{"name":"wp","href":"https:\/\/api.w.org\/{rel}","templated":true}]}}