{"id":40014,"date":"2023-07-07T13:11:51","date_gmt":"2023-07-07T10:11:51","guid":{"rendered":"https:\/\/procomteknoloji.com\/main\/"},"modified":"2023-11-13T13:42:34","modified_gmt":"2023-11-13T10:42:34","slug":"main","status":"publish","type":"page","link":"https:\/\/procomteknoloji.com\/en\/","title":{"rendered":"Home Page"},"content":{"rendered":"\t\t<div data-elementor-type=\"wp-page\" data-elementor-id=\"40014\" class=\"elementor elementor-40014 elementor-36690\">\n\t\t\t\t\t\t<section class=\"elementor-section elementor-top-section elementor-element elementor-element-833de2f elementor-section-full_width elementor-hidden-tablet elementor-hidden-mobile elementor-section-height-default elementor-section-height-default qodef-elementor-content-no\" data-id=\"833de2f\" data-element_type=\"section\" data-settings=\"{&quot;background_background&quot;:&quot;classic&quot;}\">\n\t\t\t\t\t\t<div class=\"elementor-container elementor-column-gap-default\">\n\t\t\t\t\t<div class=\"elementor-column elementor-col-100 elementor-top-column elementor-element elementor-element-288eeae\" data-id=\"288eeae\" data-element_type=\"column\">\n\t\t\t<div class=\"elementor-widget-wrap elementor-element-populated\">\n\t\t\t\t\t\t<div class=\"elementor-element elementor-element-1f5f27d elementor-widget elementor-widget-slider_revolution\" data-id=\"1f5f27d\" data-element_type=\"widget\" data-widget_type=\"slider_revolution.default\">\n\t\t\t\t<div class=\"elementor-widget-container\">\n\t\t\t\t\t\n\t\t<div class=\"wp-block-themepunch-revslider\">\n\t\t\t<!-- START HomeDesktop_En REVOLUTION SLIDER 6.5.8 --><p class=\"rs-p-wp-fix\"><\/p>\n\t\t\t<rs-module-wrap id=\"rev_slider_26_1_wrapper\" data-source=\"gallery\" style=\"visibility:hidden;background:transparent;padding:0;\">\n\t\t\t\t<rs-module id=\"rev_slider_26_1\" style=\"\" data-version=\"6.5.8\">\n\t\t\t\t\t<rs-slides>\n\t\t\t\t\t\t<rs-slide style=\"position: absolute;\" data-key=\"rs-65\" data-title=\"Slide\" data-in=\"o:0;\" data-out=\"a:false;\">\n\t\t\t\t\t\t\t<img decoding=\"async\" src=\"\/\/procomteknoloji.com\/wp-content\/plugins\/revslider\/public\/assets\/assets\/dummy.png\" title=\"Home Page\" class=\"rev-slidebg tp-rs-img rs-lazyload\" data-lazyload=\"\/\/procomteknoloji.com\/wp-content\/plugins\/revslider\/public\/assets\/assets\/transparent.png\" data-no-retina>\n\t\t\t\t\t\t\t<rs-bgvideo \n\t\t\t\t\t\t\t\tdata-video=\"w:100%;h:100%;nse:false;l:true;ptimer:false;vfc:true;\"\n\t\t\t\t\t\t\t\tdata-mp4=\"\/\/procomteknoloji.com\/videos\/home_page_en.mp4\"\n\t\t\t\t\t\t\t><\/rs-bgvideo>\n<!---->\t\t\t\t\t\t<\/rs-slide>\n\t\t\t\t\t<\/rs-slides>\n\t\t\t\t<\/rs-module>\n\t\t\t\t<script type=\"text\/javascript\">\n\t\t\t\t\tsetREVStartSize({c: 'rev_slider_26_1',rl:[1260,1250,778,480],el:[900],gw:[1240],gh:[900],type:'standard',justify:'',layout:'fullscreen',offsetContainer:'',offset:'',mh:\"0\"});if (window.RS_MODULES!==undefined && window.RS_MODULES.modules!==undefined && window.RS_MODULES.modules[\"revslider261\"]!==undefined) {window.RS_MODULES.modules[\"revslider261\"].once = false;window.revapi26 = undefined;if (window.RS_MODULES.checkMinimal!==undefined) window.RS_MODULES.checkMinimal()}\n\t\t\t\t<\/script>\n\t\t\t<\/rs-module-wrap>\n\t\t\t<!-- END REVOLUTION SLIDER -->\n<\/div>\n\n\t\t\t\t\t\t<\/div>\n\t\t\t\t<\/div>\n\t\t\t\t\t<\/div>\n\t\t<\/div>\n\t\t\t\t\t<\/div>\n\t\t<\/section>\n\t\t\t\t<section class=\"elementor-section elementor-top-section elementor-element elementor-element-921ba8e elementor-section-full_width elementor-hidden-desktop elementor-section-height-default elementor-section-height-default qodef-elementor-content-no\" data-id=\"921ba8e\" data-element_type=\"section\" data-settings=\"{&quot;background_background&quot;:&quot;classic&quot;}\">\n\t\t\t\t\t\t<div class=\"elementor-container elementor-column-gap-default\">\n\t\t\t\t\t<div class=\"elementor-column elementor-col-100 elementor-top-column elementor-element elementor-element-6c41be0\" data-id=\"6c41be0\" data-element_type=\"column\">\n\t\t\t<div class=\"elementor-widget-wrap elementor-element-populated\">\n\t\t\t\t\t\t<div class=\"elementor-element elementor-element-414df57 elementor-widget elementor-widget-slider_revolution\" data-id=\"414df57\" data-element_type=\"widget\" data-widget_type=\"slider_revolution.default\">\n\t\t\t\t<div class=\"elementor-widget-container\">\n\t\t\t\t\t\n\t\t<div class=\"wp-block-themepunch-revslider\">\n\t\t\t<!-- START HomeMobile REVOLUTION SLIDER 6.5.8 --><p class=\"rs-p-wp-fix\"><\/p>\n\t\t\t<rs-module-wrap id=\"rev_slider_27_2_wrapper\" data-source=\"gallery\" style=\"visibility:hidden;background:transparent;padding:0;\">\n\t\t\t\t<rs-module id=\"rev_slider_27_2\" style=\"\" data-version=\"6.5.8\">\n\t\t\t\t\t<rs-slides>\n\t\t\t\t\t\t<rs-slide style=\"position: absolute;\" data-key=\"rs-66\" data-title=\"Slide\" data-in=\"o:0;\" data-out=\"a:false;\">\n\t\t\t\t\t\t\t<img fetchpriority=\"high\" decoding=\"async\" src=\"\/\/procomteknoloji.com\/wp-content\/plugins\/revslider\/public\/assets\/assets\/dummy.png\" title=\"mobilehero_66.jpeg\" width=\"1920\" height=\"1080\" class=\"rev-slidebg tp-rs-img rs-lazyload\" data-lazyload=\"\/\/procomteknoloji.com\/wp-content\/uploads\/revslider\/video-media\/mobilehero_66.jpeg\" data-no-retina>\n\t\t\t\t\t\t\t<rs-bgvideo \n\t\t\t\t\t\t\t\tdata-video=\"w:100%;h:100%;nse:false;l:true;ptimer:false;vfc:true;\"\n\t\t\t\t\t\t\t\tdata-mp4=\"\/\/procomteknoloji.com\/videos\/mobilehero.mp4\"\n\t\t\t\t\t\t\t><\/rs-bgvideo>\n<!---->\t\t\t\t\t\t<\/rs-slide>\n\t\t\t\t\t<\/rs-slides>\n\t\t\t\t<\/rs-module>\n\t\t\t\t<script type=\"text\/javascript\">\n\t\t\t\t\tsetREVStartSize({c: 'rev_slider_27_2',rl:[1260,1250,778,480],el:[900],gw:[1240],gh:[900],type:'standard',justify:'',layout:'fullscreen',offsetContainer:'',offset:'',mh:\"0\"});if (window.RS_MODULES!==undefined && window.RS_MODULES.modules!==undefined && window.RS_MODULES.modules[\"revslider272\"]!==undefined) {window.RS_MODULES.modules[\"revslider272\"].once = false;window.revapi27 = undefined;if (window.RS_MODULES.checkMinimal!==undefined) window.RS_MODULES.checkMinimal()}\n\t\t\t\t<\/script>\n\t\t\t<\/rs-module-wrap>\n\t\t\t<!-- END REVOLUTION SLIDER -->\n<\/div>\n\n\t\t\t\t\t\t<\/div>\n\t\t\t\t<\/div>\n\t\t\t\t\t<\/div>\n\t\t<\/div>\n\t\t\t\t\t<\/div>\n\t\t<\/section>\n\t\t\t\t<section class=\"elementor-section elementor-top-section elementor-element elementor-element-ce849a4 elementor-hidden-desktop elementor-section-boxed elementor-section-height-default elementor-section-height-default qodef-elementor-content-no\" data-id=\"ce849a4\" data-element_type=\"section\">\n\t\t\t\t\t\t<div class=\"elementor-container elementor-column-gap-default\">\n\t\t\t\t\t<div class=\"elementor-column elementor-col-100 elementor-top-column elementor-element elementor-element-493e76b\" data-id=\"493e76b\" data-element_type=\"column\">\n\t\t\t<div class=\"elementor-widget-wrap elementor-element-populated\">\n\t\t\t\t\t\t<div class=\"elementor-element elementor-element-3326268 elementor-hidden-desktop elementor-widget elementor-widget-spacer\" data-id=\"3326268\" data-element_type=\"widget\" data-widget_type=\"spacer.default\">\n\t\t\t\t<div class=\"elementor-widget-container\">\n\t\t\t\t\t\t\t<div class=\"elementor-spacer\">\n\t\t\t<div class=\"elementor-spacer-inner\"><\/div>\n\t\t<\/div>\n\t\t\t\t\t\t<\/div>\n\t\t\t\t<\/div>\n\t\t\t\t\t<\/div>\n\t\t<\/div>\n\t\t\t\t\t<\/div>\n\t\t<\/section>\n\t\t\t\t<section class=\"elementor-section elementor-top-section elementor-element elementor-element-7e443c7 elementor-section-full_width elementor-section-height-default elementor-section-height-default qodef-elementor-content-no\" data-id=\"7e443c7\" data-element_type=\"section\">\n\t\t\t\t\t\t<div class=\"elementor-container elementor-column-gap-default\">\n\t\t\t\t\t<div class=\"elementor-column elementor-col-50 elementor-top-column elementor-element elementor-element-e7b480a\" data-id=\"e7b480a\" data-element_type=\"column\">\n\t\t\t<div class=\"elementor-widget-wrap elementor-element-populated\">\n\t\t\t\t\t\t<div class=\"elementor-element elementor-element-8db6848 elementor-widget elementor-widget-webon_core_single_image\" data-id=\"8db6848\" data-element_type=\"widget\" data-widget_type=\"webon_core_single_image.default\">\n\t\t\t\t<div class=\"elementor-widget-container\">\n\t\t\t\t\t<div class=\"qodef-shortcode qodef-m  qodef-single-image qodef-layout--standard qodef--icon-pack   \">\n\t<div class=\"qodef-m-image\" >\n\t\t\t<img decoding=\"async\" width=\"1440\" height=\"1080\" src=\"https:\/\/procomteknoloji.com\/wp-content\/uploads\/2023\/07\/neat-urun-ailesi-1.jpg\" class=\"attachment-full size-full\" alt=\"\" srcset=\"https:\/\/procomteknoloji.com\/wp-content\/uploads\/2023\/07\/neat-urun-ailesi-1.jpg 1440w, https:\/\/procomteknoloji.com\/wp-content\/uploads\/2023\/07\/neat-urun-ailesi-1-300x225.jpg 300w, https:\/\/procomteknoloji.com\/wp-content\/uploads\/2023\/07\/neat-urun-ailesi-1-1024x768.jpg 1024w, https:\/\/procomteknoloji.com\/wp-content\/uploads\/2023\/07\/neat-urun-ailesi-1-768x576.jpg 768w, https:\/\/procomteknoloji.com\/wp-content\/uploads\/2023\/07\/neat-urun-ailesi-1-500x375.jpg 500w, https:\/\/procomteknoloji.com\/wp-content\/uploads\/2023\/07\/neat-urun-ailesi-1-600x450.jpg 600w, https:\/\/procomteknoloji.com\/wp-content\/uploads\/2023\/07\/neat-urun-ailesi-1-100x75.jpg 100w\" sizes=\"(max-width: 1440px) 100vw, 1440px\" \/>\t\t<div class=\"qodef-m-icon-wrapper\" >\n\t\t\t<span class=\"qodef-shortcode qodef-m  qodef-icon-holder qodef-size--default qodef-layout--normal\"  >\t            <\/span>\t\t<\/div>\n\t<\/div>\n\t<\/div>\t\t\t\t<\/div>\n\t\t\t\t<\/div>\n\t\t\t\t\t<\/div>\n\t\t<\/div>\n\t\t\t\t<div class=\"elementor-column elementor-col-50 elementor-top-column elementor-element elementor-element-2f68f36\" data-id=\"2f68f36\" data-element_type=\"column\" data-settings=\"{&quot;background_background&quot;:&quot;classic&quot;}\">\n\t\t\t<div class=\"elementor-widget-wrap elementor-element-populated\">\n\t\t\t\t\t\t<div class=\"elementor-element elementor-element-c7e3974 elementor-widget__width-initial elementor-widget-tablet__width-inherit elementor-widget elementor-widget-webon_core_info_section\" data-id=\"c7e3974\" data-element_type=\"widget\" data-widget_type=\"webon_core_info_section.default\">\n\t\t\t\t<div class=\"elementor-widget-container\">\n\t\t\t\t\t<div class=\"qodef-shortcode qodef-m  qodef-info-section qodef-layout--standard   \">\n\t<div class=\"qodef-m-holder\">\n\t\t\t\t\t\t\t<h2 class=\"qodef-m-title\" style=\"margin-top: 2px;margin-bottom: 26px\">\n\t\tNeat Product Family\t<\/h2>\n\t\t\t\t<div class=\"qodef-m-info\">\n\t\t\t\t\t\t<div class=\"qodef-m-wrapper\">\n\t\t\t\t\t<div class=\"qodef-m-info-text\" >\n\t\tNeat, one of the world's most well-known video communication brands, founded by a creative and innovative team, is now in Turkey!\t<\/div>\n\t\t\t\t\t<a class=\"qodef-shortcode qodef-m qodef-m-button qodef-button qodef-layout--textual qodef-size--normal qodef-html--link qodef-arrow-button\" href=\"https:\/\/procomteknoloji.com\/en\/products\/video-conferencing\/\" target=\"_self\"  >\t<span class=\"qodef-m-text\">Products<\/span>\t<svg  xmlns=\"http:\/\/www.w3.org\/2000\/svg\" xmlns:xlink=\"http:\/\/www.w3.org\/1999\/xlink\" width=\"34px\" height=\"16px\" viewBox=\"0 0 34.53 16\" xml:space=\"preserve\"><rect class=\"qodef-button-line\" y=\"7.6\" width=\"34\" height=\".4\"><\/rect><g class=\"qodef-button-cap-fake\"><path class=\"qodef-button-cap\" d=\"M25.83.7l.7-.7,8,8-.7.71Zm0,14.6,8-8,.71.71-8,8Z\"\/><\/g><\/svg><\/a>\t\t\t<\/div>\n\t\t<\/div>\n\t\t\t<\/div>\n<\/div>\t\t\t\t<\/div>\n\t\t\t\t<\/div>\n\t\t\t\t\t<\/div>\n\t\t<\/div>\n\t\t\t\t\t<\/div>\n\t\t<\/section>\n\t\t\t\t<section class=\"elementor-section elementor-top-section elementor-element elementor-element-d604eaa elementor-section-full_width elementor-hidden-tablet elementor-hidden-mobile elementor-section-height-default elementor-section-height-default qodef-elementor-content-no\" data-id=\"d604eaa\" data-element_type=\"section\">\n\t\t\t\t\t\t<div class=\"elementor-container elementor-column-gap-default\">\n\t\t\t\t\t<div class=\"elementor-column elementor-col-50 elementor-top-column elementor-element elementor-element-03076d0\" data-id=\"03076d0\" data-element_type=\"column\" data-settings=\"{&quot;background_background&quot;:&quot;classic&quot;}\">\n\t\t\t<div class=\"elementor-widget-wrap elementor-element-populated\">\n\t\t\t\t\t\t<div class=\"elementor-element elementor-element-6e6380b elementor-widget__width-initial elementor-widget-tablet__width-inherit elementor-widget elementor-widget-webon_core_info_section\" data-id=\"6e6380b\" data-element_type=\"widget\" data-widget_type=\"webon_core_info_section.default\">\n\t\t\t\t<div class=\"elementor-widget-container\">\n\t\t\t\t\t<div class=\"qodef-shortcode qodef-m  qodef-info-section qodef-layout--standard   \">\n\t<div class=\"qodef-m-holder\">\n\t\t\t\t\t\t\t<h2 class=\"qodef-m-title\" style=\"margin-top: 2px;margin-bottom: 26px\">\n\t\tGrandstream Product Family\t<\/h2>\n\t\t\t\t<div class=\"qodef-m-info\">\n\t\t\t\t\t\t<div class=\"qodef-m-wrapper\">\n\t\t\t\t\t<div class=\"qodef-m-info-text\" >\n\t\tThe main focus is to maximize business productivity, efficiency and communication. Grandstream's broad range of products allows businesses to achieve more than ever before.\t<\/div>\n\t\t\t\t\t<a class=\"qodef-shortcode qodef-m qodef-m-button qodef-button qodef-layout--textual qodef-size--normal qodef-html--link qodef-arrow-button\" href=\"https:\/\/procomteknoloji.com\/en\/products\/\" target=\"_self\"  >\t<span class=\"qodef-m-text\">Products<\/span>\t<svg  xmlns=\"http:\/\/www.w3.org\/2000\/svg\" xmlns:xlink=\"http:\/\/www.w3.org\/1999\/xlink\" width=\"34px\" height=\"16px\" viewBox=\"0 0 34.53 16\" xml:space=\"preserve\"><rect class=\"qodef-button-line\" y=\"7.6\" width=\"34\" height=\".4\"><\/rect><g class=\"qodef-button-cap-fake\"><path class=\"qodef-button-cap\" d=\"M25.83.7l.7-.7,8,8-.7.71Zm0,14.6,8-8,.71.71-8,8Z\"\/><\/g><\/svg><\/a>\t\t\t<\/div>\n\t\t<\/div>\n\t\t\t<\/div>\n<\/div>\t\t\t\t<\/div>\n\t\t\t\t<\/div>\n\t\t\t\t\t<\/div>\n\t\t<\/div>\n\t\t\t\t<div class=\"elementor-column elementor-col-50 elementor-top-column elementor-element elementor-element-b68a0bf\" data-id=\"b68a0bf\" data-element_type=\"column\">\n\t\t\t<div class=\"elementor-widget-wrap elementor-element-populated\">\n\t\t\t\t\t\t<div class=\"elementor-element elementor-element-37ef1aa elementor-widget elementor-widget-webon_core_single_image\" data-id=\"37ef1aa\" data-element_type=\"widget\" data-widget_type=\"webon_core_single_image.default\">\n\t\t\t\t<div class=\"elementor-widget-container\">\n\t\t\t\t\t<div class=\"qodef-shortcode qodef-m  qodef-single-image qodef-layout--standard qodef--icon-pack   \">\n\t<div class=\"qodef-m-image\" >\n\t\t\t<img decoding=\"async\" width=\"1440\" height=\"1080\" src=\"https:\/\/procomteknoloji.com\/wp-content\/uploads\/2023\/07\/GRANDSTREAM-1.jpg\" class=\"attachment-full size-full\" alt=\"\" srcset=\"https:\/\/procomteknoloji.com\/wp-content\/uploads\/2023\/07\/GRANDSTREAM-1.jpg 1440w, https:\/\/procomteknoloji.com\/wp-content\/uploads\/2023\/07\/GRANDSTREAM-1-300x225.jpg 300w, https:\/\/procomteknoloji.com\/wp-content\/uploads\/2023\/07\/GRANDSTREAM-1-1024x768.jpg 1024w, https:\/\/procomteknoloji.com\/wp-content\/uploads\/2023\/07\/GRANDSTREAM-1-768x576.jpg 768w, https:\/\/procomteknoloji.com\/wp-content\/uploads\/2023\/07\/GRANDSTREAM-1-500x375.jpg 500w, https:\/\/procomteknoloji.com\/wp-content\/uploads\/2023\/07\/GRANDSTREAM-1-600x450.jpg 600w, https:\/\/procomteknoloji.com\/wp-content\/uploads\/2023\/07\/GRANDSTREAM-1-100x75.jpg 100w\" sizes=\"(max-width: 1440px) 100vw, 1440px\" \/>\t\t<div class=\"qodef-m-icon-wrapper\" >\n\t\t\t<span class=\"qodef-shortcode qodef-m  qodef-icon-holder qodef-size--default qodef-layout--normal\"  >\t            <\/span>\t\t<\/div>\n\t<\/div>\n\t<\/div>\t\t\t\t<\/div>\n\t\t\t\t<\/div>\n\t\t\t\t\t<\/div>\n\t\t<\/div>\n\t\t\t\t\t<\/div>\n\t\t<\/section>\n\t\t\t\t<section class=\"elementor-section elementor-top-section elementor-element elementor-element-21bb0ad elementor-section-full_width elementor-hidden-desktop elementor-section-height-default elementor-section-height-default qodef-elementor-content-no\" data-id=\"21bb0ad\" data-element_type=\"section\">\n\t\t\t\t\t\t<div class=\"elementor-container elementor-column-gap-default\">\n\t\t\t\t\t<div class=\"elementor-column elementor-col-50 elementor-top-column elementor-element elementor-element-915c9d1\" data-id=\"915c9d1\" data-element_type=\"column\">\n\t\t\t<div class=\"elementor-widget-wrap elementor-element-populated\">\n\t\t\t\t\t\t<div class=\"elementor-element elementor-element-fc72f37 elementor-widget elementor-widget-webon_core_single_image\" data-id=\"fc72f37\" data-element_type=\"widget\" data-widget_type=\"webon_core_single_image.default\">\n\t\t\t\t<div class=\"elementor-widget-container\">\n\t\t\t\t\t<div class=\"qodef-shortcode qodef-m  qodef-single-image qodef-layout--standard qodef--icon-pack   \">\n\t<div class=\"qodef-m-image\" >\n\t\t\t<img decoding=\"async\" width=\"1440\" height=\"1080\" src=\"https:\/\/procomteknoloji.com\/wp-content\/uploads\/2023\/07\/GRANDSTREAM-1.jpg\" class=\"attachment-full size-full\" alt=\"\" srcset=\"https:\/\/procomteknoloji.com\/wp-content\/uploads\/2023\/07\/GRANDSTREAM-1.jpg 1440w, https:\/\/procomteknoloji.com\/wp-content\/uploads\/2023\/07\/GRANDSTREAM-1-300x225.jpg 300w, https:\/\/procomteknoloji.com\/wp-content\/uploads\/2023\/07\/GRANDSTREAM-1-1024x768.jpg 1024w, https:\/\/procomteknoloji.com\/wp-content\/uploads\/2023\/07\/GRANDSTREAM-1-768x576.jpg 768w, https:\/\/procomteknoloji.com\/wp-content\/uploads\/2023\/07\/GRANDSTREAM-1-500x375.jpg 500w, https:\/\/procomteknoloji.com\/wp-content\/uploads\/2023\/07\/GRANDSTREAM-1-600x450.jpg 600w, https:\/\/procomteknoloji.com\/wp-content\/uploads\/2023\/07\/GRANDSTREAM-1-100x75.jpg 100w\" sizes=\"(max-width: 1440px) 100vw, 1440px\" \/>\t\t<div class=\"qodef-m-icon-wrapper\" >\n\t\t\t<span class=\"qodef-shortcode qodef-m  qodef-icon-holder qodef-size--default qodef-layout--normal\"  >\t            <\/span>\t\t<\/div>\n\t<\/div>\n\t<\/div>\t\t\t\t<\/div>\n\t\t\t\t<\/div>\n\t\t\t\t\t<\/div>\n\t\t<\/div>\n\t\t\t\t<div class=\"elementor-column elementor-col-50 elementor-top-column elementor-element elementor-element-ca99245\" data-id=\"ca99245\" data-element_type=\"column\" data-settings=\"{&quot;background_background&quot;:&quot;classic&quot;}\">\n\t\t\t<div class=\"elementor-widget-wrap elementor-element-populated\">\n\t\t\t\t\t\t<div class=\"elementor-element elementor-element-d0b69e7 elementor-widget__width-initial elementor-widget-tablet__width-inherit elementor-widget elementor-widget-webon_core_info_section\" data-id=\"d0b69e7\" data-element_type=\"widget\" data-widget_type=\"webon_core_info_section.default\">\n\t\t\t\t<div class=\"elementor-widget-container\">\n\t\t\t\t\t<div class=\"qodef-shortcode qodef-m  qodef-info-section qodef-layout--standard   \">\n\t<div class=\"qodef-m-holder\">\n\t\t\t\t\t\t\t<h2 class=\"qodef-m-title\" style=\"margin-top: 2px;margin-bottom: 26px\">\n\t\tGrandstream \u00dcr\u00fcn Ailesi\t<\/h2>\n\t\t\t\t<div class=\"qodef-m-info\">\n\t\t\t\t\t\t<div class=\"qodef-m-wrapper\">\n\t\t\t\t\t<div class=\"qodef-m-info-text\" >\n\t\tAna odak noktas\u0131 i\u015f \u00fcretkenli\u011fini, verimlili\u011fi ve ileti\u015fimi en \u00fcst d\u00fczeye \u00e7\u0131karmak. Grandstream'in geni\u015f \u00fcr\u00fcn yelpazesi, i\u015fletmelerin her zamankinden daha fazlas\u0131n\u0131 el de etmesine olanak tan\u0131r.\t<\/div>\n\t\t\t\t\t\t\t<\/div>\n\t\t<\/div>\n\t\t\t<\/div>\n<\/div>\t\t\t\t<\/div>\n\t\t\t\t<\/div>\n\t\t\t\t\t<\/div>\n\t\t<\/div>\n\t\t\t\t\t<\/div>\n\t\t<\/section>\n\t\t\t\t<section class=\"elementor-section elementor-top-section elementor-element elementor-element-f27e957 elementor-section-full_width elementor-section-height-default elementor-section-height-default qodef-elementor-content-no\" data-id=\"f27e957\" data-element_type=\"section\">\n\t\t\t\t\t\t<div class=\"elementor-container elementor-column-gap-default\">\n\t\t\t\t\t<div class=\"elementor-column elementor-col-50 elementor-top-column elementor-element elementor-element-eb5bd37\" data-id=\"eb5bd37\" data-element_type=\"column\">\n\t\t\t<div class=\"elementor-widget-wrap elementor-element-populated\">\n\t\t\t\t\t\t<div class=\"elementor-element elementor-element-0ac3c22 elementor-widget elementor-widget-webon_core_single_image\" data-id=\"0ac3c22\" data-element_type=\"widget\" data-widget_type=\"webon_core_single_image.default\">\n\t\t\t\t<div class=\"elementor-widget-container\">\n\t\t\t\t\t<div class=\"qodef-shortcode qodef-m  qodef-single-image qodef-layout--standard qodef--icon-pack   \">\n\t<div class=\"qodef-m-image\" >\n\t\t\t<img loading=\"lazy\" decoding=\"async\" width=\"1440\" height=\"1080\" src=\"https:\/\/procomteknoloji.com\/wp-content\/uploads\/2023\/07\/vt-kulaklik-1.jpg\" class=\"attachment-full size-full\" alt=\"\" srcset=\"https:\/\/procomteknoloji.com\/wp-content\/uploads\/2023\/07\/vt-kulaklik-1.jpg 1440w, https:\/\/procomteknoloji.com\/wp-content\/uploads\/2023\/07\/vt-kulaklik-1-300x225.jpg 300w, https:\/\/procomteknoloji.com\/wp-content\/uploads\/2023\/07\/vt-kulaklik-1-1024x768.jpg 1024w, https:\/\/procomteknoloji.com\/wp-content\/uploads\/2023\/07\/vt-kulaklik-1-768x576.jpg 768w, https:\/\/procomteknoloji.com\/wp-content\/uploads\/2023\/07\/vt-kulaklik-1-500x375.jpg 500w, https:\/\/procomteknoloji.com\/wp-content\/uploads\/2023\/07\/vt-kulaklik-1-600x450.jpg 600w, https:\/\/procomteknoloji.com\/wp-content\/uploads\/2023\/07\/vt-kulaklik-1-100x75.jpg 100w\" sizes=\"(max-width: 1440px) 100vw, 1440px\" \/>\t\t<div class=\"qodef-m-icon-wrapper\" >\n\t\t\t<span class=\"qodef-shortcode qodef-m  qodef-icon-holder qodef-size--default qodef-layout--normal\"  >\t            <\/span>\t\t<\/div>\n\t<\/div>\n\t<\/div>\t\t\t\t<\/div>\n\t\t\t\t<\/div>\n\t\t\t\t\t<\/div>\n\t\t<\/div>\n\t\t\t\t<div class=\"elementor-column elementor-col-50 elementor-top-column elementor-element elementor-element-ea4e6a1\" data-id=\"ea4e6a1\" data-element_type=\"column\" data-settings=\"{&quot;background_background&quot;:&quot;classic&quot;}\">\n\t\t\t<div class=\"elementor-widget-wrap elementor-element-populated\">\n\t\t\t\t\t\t<div class=\"elementor-element elementor-element-6687c50 elementor-widget__width-initial elementor-widget-tablet__width-inherit elementor-widget elementor-widget-webon_core_info_section\" data-id=\"6687c50\" data-element_type=\"widget\" data-widget_type=\"webon_core_info_section.default\">\n\t\t\t\t<div class=\"elementor-widget-container\">\n\t\t\t\t\t<div class=\"qodef-shortcode qodef-m  qodef-info-section qodef-layout--standard   \">\n\t<div class=\"qodef-m-holder\">\n\t\t\t\t\t\t\t<h2 class=\"qodef-m-title\" style=\"margin-top: 2px;margin-bottom: 26px\">\n\t\tVt Headphone Product Family\t<\/h2>\n\t\t\t\t<div class=\"qodef-m-info\">\n\t\t\t\t\t\t<div class=\"qodef-m-wrapper\">\n\t\t\t\t\t<div class=\"qodef-m-info-text\" >\n\t\tVT professional office headsets provide high-definition speakers and high-resolution audio, giving you an unprecedented music and call experience.\t<\/div>\n\t\t\t\t\t<a class=\"qodef-shortcode qodef-m qodef-m-button qodef-button qodef-layout--textual qodef-size--normal qodef-html--link qodef-arrow-button\" href=\"https:\/\/procomteknoloji.com\/en\/products\/headset-webcam\/home-office-headsets\/\" target=\"_self\"  >\t<span class=\"qodef-m-text\">Products<\/span>\t<svg  xmlns=\"http:\/\/www.w3.org\/2000\/svg\" xmlns:xlink=\"http:\/\/www.w3.org\/1999\/xlink\" width=\"34px\" height=\"16px\" viewBox=\"0 0 34.53 16\" xml:space=\"preserve\"><rect class=\"qodef-button-line\" y=\"7.6\" width=\"34\" height=\".4\"><\/rect><g class=\"qodef-button-cap-fake\"><path class=\"qodef-button-cap\" d=\"M25.83.7l.7-.7,8,8-.7.71Zm0,14.6,8-8,.71.71-8,8Z\"\/><\/g><\/svg><\/a>\t\t\t<\/div>\n\t\t<\/div>\n\t\t\t<\/div>\n<\/div>\t\t\t\t<\/div>\n\t\t\t\t<\/div>\n\t\t\t\t\t<\/div>\n\t\t<\/div>\n\t\t\t\t\t<\/div>\n\t\t<\/section>\n\t\t\t\t<\/div>\n\t\t","protected":false},"excerpt":{"rendered":"<p>Neat Product Family Neat, one of the world&#8217;s most well-known video communication brands, founded by a creative and innovative team, is now in Turkey! Products Grandstream Product Family The main focus is to maximize business productivity, efficiency and communication. Grandstream&#8217;s broad range of products allows businesses to achieve more than ever before. Products Grandstream \u00dcr\u00fcn [&hellip;]<\/p>\n","protected":false},"author":1,"featured_media":0,"parent":0,"menu_order":0,"comment_status":"closed","ping_status":"closed","template":"page-full-width.php","meta":{"inline_featured_image":false,"footnotes":""},"class_list":["post-40014","page","type-page","status-publish","hentry"],"aioseo_notices":[],"_links":{"self":[{"href":"https:\/\/procomteknoloji.com\/en\/wp-json\/wp\/v2\/pages\/40014","targetHints":{"allow":["GET"]}}],"collection":[{"href":"https:\/\/procomteknoloji.com\/en\/wp-json\/wp\/v2\/pages"}],"about":[{"href":"https:\/\/procomteknoloji.com\/en\/wp-json\/wp\/v2\/types\/page"}],"author":[{"embeddable":true,"href":"https:\/\/procomteknoloji.com\/en\/wp-json\/wp\/v2\/users\/1"}],"replies":[{"embeddable":true,"href":"https:\/\/procomteknoloji.com\/en\/wp-json\/wp\/v2\/comments?post=40014"}],"version-history":[{"count":37,"href":"https:\/\/procomteknoloji.com\/en\/wp-json\/wp\/v2\/pages\/40014\/revisions"}],"predecessor-version":[{"id":41213,"href":"https:\/\/procomteknoloji.com\/en\/wp-json\/wp\/v2\/pages\/40014\/revisions\/41213"}],"wp:attachment":[{"href":"https:\/\/procomteknoloji.com\/en\/wp-json\/wp\/v2\/media?parent=40014"}],"curies":[{"name":"wp","href":"https:\/\/api.w.org\/{rel}","templated":true}]}}